{"id":451,"date":"2023-10-03T11:03:58","date_gmt":"2023-10-03T09:03:58","guid":{"rendered":"https:\/\/nakikifinance.com\/?page_id=451"},"modified":"2024-04-19T18:05:24","modified_gmt":"2024-04-19T16:05:24","slug":"monetisation","status":"publish","type":"page","link":"https:\/\/nakikifinance.com\/fr_fr\/monetisation\/","title":{"rendered":"Mon\u00e9tisation"},"content":{"rendered":"<p>Legal Finance offre g\u00e9n\u00e9ralement des moyens financiers pour les litiges en \u00e9change d'une part des revenus qui en d\u00e9coulent. Vous trouverez des informations d\u00e9taill\u00e9es \u00e0 ce sujet sous la rubrique <a href=\"https:\/\/nakikifinance.com\/fr_fr\/prozessfinanzierung\/\">Financement de proc\u00e8s.<\/a><\/p>\n\n\n\n<p>Une nouvelle option permet d\u00e9sormais aux plaideurs de profiter de notre mon\u00e9tisation directe. Legal Finance ajoute ainsi un \u00e9l\u00e9ment int\u00e9ressant \u00e0 son portefeuille de services.<\/p>\n\n\n\n<p>Le plaideur re\u00e7oit imm\u00e9diatement de Legal Finance une partie de sa cr\u00e9ance, en plus des frais du litige qui sont \u00e9galement pris en charge par Legal Finance. Ainsi, en tant que plaideur, vous gagnez une libert\u00e9 financi\u00e8re - sans risque.<\/p>\n\n\n\n<p>Un litige juridique peut passer par plusieurs instances et donc durer plusieurs ann\u00e9es. Si vous pouvez d\u00e9j\u00e0 utiliser le montant de votre cr\u00e9ance avant cela ou si vous voulez simplement r\u00e9duire vos risques, nous pouvons vous aider en mon\u00e9tisant votre cr\u00e9ance.<\/p>\n\n\n\n<p>Pour examiner votre cas, nous avons besoin de tous les documents pertinents fournis par votre avocat ou votre service juridique. Le cas \u00e9ch\u00e9ant, nous demandons un avis d'expert compl\u00e9mentaire. Si nous estimons que votre cas est susceptible d'aboutir, nous vous soumettons une premi\u00e8re offre. Apr\u00e8s la conclusion du contrat, vous recevez de notre part le produit anticip\u00e9 convenu. Le montant de la recette anticip\u00e9e d\u00e9pend du cas. Apr\u00e8s le paiement du produit de la vente, une action en justice ou une n\u00e9gociation de r\u00e8glement est engag\u00e9e et nous commen\u00e7ons \u00e0 g\u00e9rer la proc\u00e9dure et \u00e0 payer les premiers frais de proc\u00e9dure. Nous veillons ainsi \u00e0 ce que vous puissiez vous concentrer sur l'essentiel.<\/p>\n\n\n\n<p>Si vous \u00eates plut\u00f4t int\u00e9ress\u00e9 par notre financement de proc\u00e8s classique en tant que service, alors vous trouverez <a href=\"https:\/\/nakikifinance.com\/fr_fr\/prozessfinanzierung\/\">ici des informations compl\u00e9mentaires.<\/a><\/p>\n\n\n\n<p>Avec Legal Finance, vous avez un partenaire ind\u00e9pendant et comp\u00e9tent \u00e0 vos c\u00f4t\u00e9s. Nous finan\u00e7ons \u00e0 l'international dans tous les domaines juridiques et vous aidons \u00e0 mon\u00e9tiser imm\u00e9diatement vos cr\u00e9ances. Contactez-nous via le formulaire de contact ci-dessous ou appelez-nous au 069 87 00 184-10.<\/p>\n\n\n\n<p>Nous nous r\u00e9jouissons d'avoir de vos nouvelles.<\/p>\n\n\n<div class=\"wpforms-container wpforms-container-full wpforms-block wpforms-block-6f97216d-2d60-4fb1-8aa3-b84040b3190a wpforms-render-modern\" id=\"wpforms-155\"><form id=\"wpforms-form-155\" class=\"wpforms-validate wpforms-form wpforms-ajax-form\" data-formid=\"155\" method=\"post\" enctype=\"multipart\/form-data\" action=\"\/fr_fr\/wp-json\/wp\/v2\/pages\/451\" data-token=\"09c6b98b3661b4a9434f92a579042b1b\" data-token-time=\"1777569971\" data-trp-original-action=\"\/fr_fr\/wp-json\/wp\/v2\/pages\/451\"><noscript class=\"wpforms-error-noscript\">Veuillez activer JavaScript dans votre navigateur pour remplir ce formulaire.<\/noscript><div id=\"wpforms-error-noscript\" style=\"display: none;\">Veuillez activer JavaScript dans votre navigateur pour remplir ce formulaire.<\/div><div class=\"wpforms-field-container\"><div id=\"wpforms-155-field_0-container\" class=\"wpforms-field wpforms-field-name\" data-field-id=\"0\"><fieldset><legend class=\"wpforms-field-label\">Nom <span class=\"wpforms-required-label\" aria-hidden=\"true\">*<\/span><\/legend><div class=\"wpforms-field-row wpforms-field-medium\"><div class=\"wpforms-field-row-block wpforms-first wpforms-one-half\"><input type=\"text\" id=\"wpforms-155-field_0\" class=\"wpforms-field-name-first wpforms-field-required\" name=\"wpforms[fields][0][first]\" aria-errormessage=\"wpforms-155-field_0-error\" required><label for=\"wpforms-155-field_0\" class=\"wpforms-field-sublabel after\">Pr\u00e9nom<\/label><\/div><div class=\"wpforms-field-row-block wpforms-one-half\"><input type=\"text\" id=\"wpforms-155-field_0-last\" class=\"wpforms-field-name-last wpforms-field-required\" name=\"wpforms[fields][0][last]\" aria-errormessage=\"wpforms-155-field_0-last-error\" required><label for=\"wpforms-155-field_0-last\" class=\"wpforms-field-sublabel after\">Nom<\/label><\/div><\/div><\/fieldset><\/div><div id=\"wpforms-155-field_1-container\" class=\"wpforms-field wpforms-field-email\" data-field-id=\"1\"><label class=\"wpforms-field-label\" for=\"wpforms-155-field_1\">Courrier \u00e9lectronique <span class=\"wpforms-required-label\" aria-hidden=\"true\">*<\/span><\/label><input type=\"email\" id=\"wpforms-155-field_1\" class=\"wpforms-field-medium wpforms-field-required\" name=\"wpforms[fields][1]\" spellcheck=\"false\" aria-errormessage=\"wpforms-155-field_1-error\" required><\/div><div id=\"wpforms-155-field_3-container\" class=\"wpforms-field wpforms-field-text\" data-field-id=\"3\"><label class=\"wpforms-field-label\" for=\"wpforms-155-field_3\">T\u00e9l\u00e9phone<\/label><input type=\"text\" id=\"wpforms-155-field_3\" class=\"wpforms-field-medium\" name=\"wpforms[fields][3]\" aria-errormessage=\"wpforms-155-field_3-error\" ><\/div><div id=\"wpforms-155-field_2-container\" class=\"wpforms-field wpforms-field-textarea\" data-field-id=\"2\"><label class=\"wpforms-field-label\" for=\"wpforms-155-field_2\">Message<\/label><textarea id=\"wpforms-155-field_2\" class=\"wpforms-field-medium\" name=\"wpforms[fields][2]\" aria-errormessage=\"wpforms-155-field_2-error\" ><\/textarea><\/div><\/div><!-- .wpforms-field-container --><div class=\"wpforms-recaptcha-container wpforms-is-recaptcha wpforms-is-recaptcha-type-v2\" ><div class=\"g-recaptcha\" data-sitekey=\"6LfdHMMpAAAAABgZBWI7jRxcaMHXgSuNQGvyuaCQ\"><\/div><input type=\"text\" name=\"g-recaptcha-hidden\" class=\"wpforms-recaptcha-hidden\" style=\"position:absolute!important;clip:rect(0,0,0,0)!important;height:1px!important;width:1px!important;border:0!important;overflow:hidden!important;padding:0!important;margin:0!important;\" data-rule-recaptcha=\"1\"><\/div><div class=\"wpforms-submit-container\" ><input type=\"hidden\" name=\"wpforms[id]\" value=\"155\"><input type=\"hidden\" name=\"page_title\" value=\"\"><input type=\"hidden\" name=\"page_url\" value=\"https:\/\/nakikifinance.com\/fr_fr\/wp-json\/wp\/v2\/pages\/451\"><input type=\"hidden\" name=\"url_referer\" value=\"\"><button type=\"submit\" name=\"wpforms[submit]\" id=\"wpforms-submit-155\" class=\"wpforms-submit\" data-alt-text=\"Senden\u2026\" data-submit-text=\"Absenden\" aria-live=\"assertive\" value=\"wpforms-submit\">Envoyer<\/button><img decoding=\"async\" src=\"https:\/\/nakikifinance.com\/wp-content\/plugins\/wpforms-lite\/assets\/images\/submit-spin.svg\" class=\"wpforms-submit-spinner\" style=\"display: none;\" width=\"26\" height=\"26\" alt=\"Chargement en cours\"><\/div><input type=\"hidden\" name=\"trp-form-language\" value=\"fr_fr\"\/><\/form><\/div>  <!-- .wpforms-container -->","protected":false},"excerpt":{"rendered":"<p>Legal Finance bietet in der Regel Finanzmittel f\u00fcr Rechtsstreitigkeiten im Austausch f\u00fcr einen Anteil an den daraus resultierenden Ertr\u00e4gen. Detaillierte Informationen hierzu finden Sie unter dem Punkt Prozessfinanzierung. Als neue Option k\u00f6nnen Prozessierende nun auch von unserer direkten Monetarisierung profitieren. Damit erweitert Legal Finance das Serviceportfolio um einen interessanten Baustein. Der Prozessierende erh\u00e4lt von Legal [&hellip;]<\/p>","protected":false},"author":1,"featured_media":0,"parent":0,"menu_order":0,"comment_status":"closed","ping_status":"closed","template":"page~0","meta":{"footnotes":""},"yoast_head":"<!-- This site is optimized with the Yoast SEO plugin v20.9 - https:\/\/yoast.com\/wordpress\/plugins\/seo\/ -->\n<title>Monetarisierung - Nakiki SE - Bitcoin Treasury<\/title>\n<meta name=\"robots\" content=\"index, follow, max-snippet:-1, max-image-preview:large, max-video-preview:-1\" \/>\n<link rel=\"canonical\" href=\"https:\/\/nakikifinance.com\/fr_fr\/monetisation\/\" \/>\n<meta property=\"og:locale\" content=\"fr_FR\" \/>\n<meta property=\"og:type\" content=\"article\" \/>\n<meta property=\"og:title\" content=\"Monetarisierung - Nakiki SE - Bitcoin Treasury\" \/>\n<meta property=\"og:description\" content=\"Legal Finance bietet in der Regel Finanzmittel f\u00fcr Rechtsstreitigkeiten im Austausch f\u00fcr einen Anteil an den daraus resultierenden Ertr\u00e4gen. Detaillierte Informationen hierzu finden Sie unter dem Punkt Prozessfinanzierung. Als neue Option k\u00f6nnen Prozessierende nun auch von unserer direkten Monetarisierung profitieren. Damit erweitert Legal Finance das Serviceportfolio um einen interessanten Baustein. Der Prozessierende erh\u00e4lt von Legal [&hellip;]\" \/>\n<meta property=\"og:url\" content=\"https:\/\/nakikifinance.com\/fr_fr\/monetisation\/\" \/>\n<meta property=\"og:site_name\" content=\"Nakiki SE - Bitcoin Treasury\" \/>\n<meta property=\"article:modified_time\" content=\"2024-04-19T16:05:24+00:00\" \/>\n<meta name=\"twitter:card\" content=\"summary_large_image\" \/>\n<meta name=\"twitter:label1\" content=\"Dur\u00e9e de lecture estim\u00e9e\" \/>\n\t<meta name=\"twitter:data1\" content=\"2 minutes\" \/>\n<script type=\"application\/ld+json\" class=\"yoast-schema-graph\">{\"@context\":\"https:\/\/schema.org\",\"@graph\":[{\"@type\":\"WebPage\",\"@id\":\"https:\/\/nakikifinance.com\/monetisation\/\",\"url\":\"https:\/\/nakikifinance.com\/monetisation\/\",\"name\":\"Monetarisierung - Nakiki SE - Bitcoin Treasury\",\"isPartOf\":{\"@id\":\"https:\/\/nakikifinance.com\/#website\"},\"datePublished\":\"2023-10-03T09:03:58+00:00\",\"dateModified\":\"2024-04-19T16:05:24+00:00\",\"breadcrumb\":{\"@id\":\"https:\/\/nakikifinance.com\/monetisation\/#breadcrumb\"},\"inLanguage\":\"fr-FR\",\"potentialAction\":[{\"@type\":\"ReadAction\",\"target\":[\"https:\/\/nakikifinance.com\/monetisation\/\"]}]},{\"@type\":\"BreadcrumbList\",\"@id\":\"https:\/\/nakikifinance.com\/monetisation\/#breadcrumb\",\"itemListElement\":[{\"@type\":\"ListItem\",\"position\":1,\"name\":\"Startseite\",\"item\":\"https:\/\/nakikifinance.com\/\"},{\"@type\":\"ListItem\",\"position\":2,\"name\":\"Monetarisierung\"}]},{\"@type\":\"WebSite\",\"@id\":\"https:\/\/nakikifinance.com\/#website\",\"url\":\"https:\/\/nakikifinance.com\/\",\"name\":\"LF Legal Finance SE Frankfurt\",\"description\":\"Nakiki SE\",\"publisher\":{\"@id\":\"https:\/\/nakikifinance.com\/#organization\"},\"potentialAction\":[{\"@type\":\"SearchAction\",\"target\":{\"@type\":\"EntryPoint\",\"urlTemplate\":\"https:\/\/nakikifinance.com\/?s={search_term_string}\"},\"query-input\":\"required name=search_term_string\"}],\"inLanguage\":\"fr-FR\"},{\"@type\":\"Organization\",\"@id\":\"https:\/\/nakikifinance.com\/#organization\",\"name\":\"LF Legal Finance SE\",\"url\":\"https:\/\/nakikifinance.com\/\",\"logo\":{\"@type\":\"ImageObject\",\"inLanguage\":\"fr-FR\",\"@id\":\"https:\/\/nakikifinance.com\/#\/schema\/logo\/image\/\",\"url\":\"http:\/\/nakikifinance.com\/wp-content\/uploads\/2023\/06\/legal-finance-international.jpg\",\"contentUrl\":\"http:\/\/nakikifinance.com\/wp-content\/uploads\/2023\/06\/legal-finance-international.jpg\",\"width\":842,\"height\":131,\"caption\":\"LF Legal Finance SE\"},\"image\":{\"@id\":\"https:\/\/nakikifinance.com\/#\/schema\/logo\/image\/\"}}]}<\/script>\n<!-- \/ Yoast SEO plugin. -->","yoast_head_json":{"title":"Monetarisierung - Nakiki SE - Bitcoin Treasury","robots":{"index":"index","follow":"follow","max-snippet":"max-snippet:-1","max-image-preview":"max-image-preview:large","max-video-preview":"max-video-preview:-1"},"canonical":"https:\/\/nakikifinance.com\/fr_fr\/monetisation\/","og_locale":"fr_FR","og_type":"article","og_title":"Monetarisierung - Nakiki SE - Bitcoin Treasury","og_description":"Legal Finance bietet in der Regel Finanzmittel f\u00fcr Rechtsstreitigkeiten im Austausch f\u00fcr einen Anteil an den daraus resultierenden Ertr\u00e4gen. Detaillierte Informationen hierzu finden Sie unter dem Punkt Prozessfinanzierung. Als neue Option k\u00f6nnen Prozessierende nun auch von unserer direkten Monetarisierung profitieren. Damit erweitert Legal Finance das Serviceportfolio um einen interessanten Baustein. Der Prozessierende erh\u00e4lt von Legal [&hellip;]","og_url":"https:\/\/nakikifinance.com\/fr_fr\/monetisation\/","og_site_name":"Nakiki SE - Bitcoin Treasury","article_modified_time":"2024-04-19T16:05:24+00:00","twitter_card":"summary_large_image","twitter_misc":{"Dur\u00e9e de lecture estim\u00e9e":"2 minutes"},"schema":{"@context":"https:\/\/schema.org","@graph":[{"@type":"WebPage","@id":"https:\/\/nakikifinance.com\/monetisation\/","url":"https:\/\/nakikifinance.com\/monetisation\/","name":"Monetarisierung - Nakiki SE - Bitcoin Treasury","isPartOf":{"@id":"https:\/\/nakikifinance.com\/#website"},"datePublished":"2023-10-03T09:03:58+00:00","dateModified":"2024-04-19T16:05:24+00:00","breadcrumb":{"@id":"https:\/\/nakikifinance.com\/monetisation\/#breadcrumb"},"inLanguage":"fr-FR","potentialAction":[{"@type":"ReadAction","target":["https:\/\/nakikifinance.com\/monetisation\/"]}]},{"@type":"BreadcrumbList","@id":"https:\/\/nakikifinance.com\/monetisation\/#breadcrumb","itemListElement":[{"@type":"ListItem","position":1,"name":"Startseite","item":"https:\/\/nakikifinance.com\/"},{"@type":"ListItem","position":2,"name":"Monetarisierung"}]},{"@type":"WebSite","@id":"https:\/\/nakikifinance.com\/#website","url":"https:\/\/nakikifinance.com\/","name":"LF Legal Finance SE Francfort","description":"Nakiki SE","publisher":{"@id":"https:\/\/nakikifinance.com\/#organization"},"potentialAction":[{"@type":"SearchAction","target":{"@type":"EntryPoint","urlTemplate":"https:\/\/nakikifinance.com\/?s={search_term_string}"},"query-input":"required name=search_term_string"}],"inLanguage":"fr-FR"},{"@type":"Organization","@id":"https:\/\/nakikifinance.com\/#organization","name":"LF Legal Finance SE","url":"https:\/\/nakikifinance.com\/","logo":{"@type":"ImageObject","inLanguage":"fr-FR","@id":"https:\/\/nakikifinance.com\/#\/schema\/logo\/image\/","url":"http:\/\/nakikifinance.com\/wp-content\/uploads\/2023\/06\/legal-finance-international.jpg","contentUrl":"http:\/\/nakikifinance.com\/wp-content\/uploads\/2023\/06\/legal-finance-international.jpg","width":842,"height":131,"caption":"LF Legal Finance SE"},"image":{"@id":"https:\/\/nakikifinance.com\/#\/schema\/logo\/image\/"}}]}},"_links":{"self":[{"href":"https:\/\/nakikifinance.com\/fr_fr\/wp-json\/wp\/v2\/pages\/451"}],"collection":[{"href":"https:\/\/nakikifinance.com\/fr_fr\/wp-json\/wp\/v2\/pages"}],"about":[{"href":"https:\/\/nakikifinance.com\/fr_fr\/wp-json\/wp\/v2\/types\/page"}],"author":[{"embeddable":true,"href":"https:\/\/nakikifinance.com\/fr_fr\/wp-json\/wp\/v2\/users\/1"}],"replies":[{"embeddable":true,"href":"https:\/\/nakikifinance.com\/fr_fr\/wp-json\/wp\/v2\/comments?post=451"}],"version-history":[{"count":7,"href":"https:\/\/nakikifinance.com\/fr_fr\/wp-json\/wp\/v2\/pages\/451\/revisions"}],"predecessor-version":[{"id":1529,"href":"https:\/\/nakikifinance.com\/fr_fr\/wp-json\/wp\/v2\/pages\/451\/revisions\/1529"}],"wp:attachment":[{"href":"https:\/\/nakikifinance.com\/fr_fr\/wp-json\/wp\/v2\/media?parent=451"}],"curies":[{"name":"wp","href":"https:\/\/api.w.org\/{rel}","templated":true}]}}