{"id":42,"date":"2023-06-23T10:20:10","date_gmt":"2023-06-23T08:20:10","guid":{"rendered":"https:\/\/nakikifinance.com\/?page_id=42"},"modified":"2026-03-25T13:06:16","modified_gmt":"2026-03-25T12:06:16","slug":"finanzberichte","status":"publish","type":"page","link":"https:\/\/nakikifinance.com\/fr_fr\/finanzberichte\/","title":{"rendered":"Rapports financiers"},"content":{"rendered":"<p>Hier finden sie die Finanzberichte der Nakiki SE:<\/p>\n\n\n\n<figure class=\"wp-block-table\"><table><tbody><tr><td>2025<\/td><td><a href=\"http:\/\/nakikifinance.com\/wp-content\/uploads\/2026\/03\/NAKIKI-SE_H1_2025_Bericht_final.pdf\">Zwischenbericht 1. Halbjahr 2025<\/a><\/td><\/tr><tr><td>2024<\/td><td><a href=\"http:\/\/nakikifinance.com\/wp-content\/uploads\/2025\/12\/2024_Nakiki-SE_Finanzinformationen.pdf\">Vorl\u00e4ufige, ungepr\u00fcften Finanzinformationen<strong>&nbsp;<\/strong>f\u00fcr das Rumpfgesch\u00e4ftsjahr 202<\/a><a href=\"http:\/\/nakikifinance.com\/wp-content\/uploads\/2025\/12\/2024_Nakiki-SE_Finanzinformationen.pdf\" target=\"_blank\" rel=\"noreferrer noopener\">4<\/a> (Abschluss befindet sich in der finalen Abstimmung)<\/td><\/tr><tr><td>2024<\/td><td><a href=\"http:\/\/nakikifinance.com\/wp-content\/uploads\/2025\/01\/Nakiki_SE_Halbjahresbericht-2024.pdf\">Zwischenbericht 1. Halbjahr 2024<\/a> (Halbjahresverlust signifikant niedriger als dargestellt, Bericht wird derzeit \u00fcberarbeitet) <\/td><\/tr><tr><td>2023<\/td><td><a href=\"https:\/\/nakikifinance.com\/fr_fr\/nakiki-se-vorlaeufige-zahlen-2023-mit-hinweis-auf-abweichendes-geschaeftsjahr-2023-und-besondere-situation\/\" data-type=\"post\" data-id=\"1403\">Vorl\u00e4ufige Zahlen 2023<\/a><\/td><\/tr><tr><td>2021<\/td><td><a href=\"http:\/\/nakikifinance.com\/wp-content\/uploads\/2024\/02\/Jahresabschluss-2021.pdf\" target=\"_blank\" rel=\"noreferrer noopener\">Jahresabschluss<\/a><br><a href=\"http:\/\/nakikifinance.com\/wp-content\/uploads\/2024\/02\/Konzernabschluss-2021.pdf\" target=\"_blank\" rel=\"noreferrer noopener\">Konzernabschluss<\/a><\/td><\/tr><tr><td>2020<\/td><td><a href=\"http:\/\/nakikifinance.com\/wp-content\/uploads\/2024\/02\/Jahres-und-Konzernabschluss-2020.pdf\" target=\"_blank\" rel=\"noreferrer noopener\">Jahres- und Konzernabschluss<\/a><\/td><\/tr><tr><td>2019<\/td><td><a href=\"http:\/\/nakikifinance.com\/wp-content\/uploads\/2024\/02\/Jahresabschluss-2019.pdf\" target=\"_blank\" rel=\"noreferrer noopener\">Jahresabschluss<\/a><br><a href=\"http:\/\/nakikifinance.com\/wp-content\/uploads\/2024\/02\/Konzernabschluss-2019.pdf\" target=\"_blank\" rel=\"noreferrer noopener\">Konzernabschluss<\/a><\/td><\/tr><tr><td>2018<\/td><td><a href=\"http:\/\/nakikifinance.com\/wp-content\/uploads\/2024\/02\/Jahresabschluss-2018.pdf\" target=\"_blank\" rel=\"noreferrer noopener\">Jahresabschluss<\/a><br><a href=\"http:\/\/nakikifinance.com\/wp-content\/uploads\/2024\/02\/Konzernabschluss-2018.pdf\" target=\"_blank\" rel=\"noreferrer noopener\">Konzernabschluss<\/a><\/td><\/tr><tr><td>2017<\/td><td><a href=\"http:\/\/nakikifinance.com\/wp-content\/uploads\/2024\/02\/Jahresabschluss-2017.pdf\" target=\"_blank\" rel=\"noreferrer noopener\">Jahresabschluss<\/a><br><a href=\"http:\/\/nakikifinance.com\/wp-content\/uploads\/2024\/02\/Konzernabschluss-2017.pdf\" target=\"_blank\" rel=\"noreferrer noopener\">Konzernabschluss<\/a><\/td><\/tr><tr><td>2016<\/td><td><a href=\"http:\/\/nakikifinance.com\/wp-content\/uploads\/2024\/02\/Jahresabschluss-2016.pdf\" target=\"_blank\" rel=\"noreferrer noopener\">Jahresabschluss<\/a><br><a href=\"http:\/\/nakikifinance.com\/wp-content\/uploads\/2024\/02\/Jahresabschluss-2016-Ergaenzung.pdf\" target=\"_blank\" rel=\"noreferrer noopener\">Erg\u00e4nzung zum Jahresabschluss<\/a><br><a href=\"http:\/\/nakikifinance.com\/wp-content\/uploads\/2024\/02\/Konzernabschluss-2016.pdf\" target=\"_blank\" rel=\"noreferrer noopener\">Konzernabschluss<\/a><br><a href=\"http:\/\/nakikifinance.com\/wp-content\/uploads\/2024\/02\/Konzernabschluss-2016-Ergaenzung.pdf\" target=\"_blank\" rel=\"noreferrer noopener\">Erg\u00e4nzung zum Konzernabschluss<\/a><\/td><\/tr><\/tbody><\/table><\/figure>","protected":false},"excerpt":{"rendered":"<p>Hier finden sie die Finanzberichte der Nakiki SE: 2025 Zwischenbericht 1. Halbjahr 2025 2024 Vorl\u00e4ufige, ungepr\u00fcften Finanzinformationen&nbsp;f\u00fcr das Rumpfgesch\u00e4ftsjahr 2024 (Abschluss befindet sich in der finalen Abstimmung) 2024 Zwischenbericht 1. Halbjahr 2024 (Halbjahresverlust signifikant niedriger als dargestellt, Bericht wird derzeit \u00fcberarbeitet) 2023 Vorl\u00e4ufige Zahlen 2023 2021 JahresabschlussKonzernabschluss 2020 Jahres- und Konzernabschluss 2019 JahresabschlussKonzernabschluss 2018 JahresabschlussKonzernabschluss [&hellip;]<\/p>","protected":false},"author":1,"featured_media":0,"parent":0,"menu_order":0,"comment_status":"closed","ping_status":"closed","template":"page~0","meta":{"footnotes":""},"yoast_head":"<!-- This site is optimized with the Yoast SEO plugin v20.9 - https:\/\/yoast.com\/wordpress\/plugins\/seo\/ -->\n<title>Finanzberichte - Nakiki SE - Bitcoin Treasury<\/title>\n<meta name=\"robots\" content=\"noindex, nofollow\" \/>\n<meta property=\"og:locale\" content=\"fr_FR\" \/>\n<meta property=\"og:type\" content=\"article\" \/>\n<meta property=\"og:title\" content=\"Finanzberichte - Nakiki SE - Bitcoin Treasury\" \/>\n<meta property=\"og:description\" content=\"Hier finden sie die Finanzberichte der Nakiki SE: 2025 Zwischenbericht 1. Halbjahr 2025 2024 Vorl\u00e4ufige, ungepr\u00fcften Finanzinformationen&nbsp;f\u00fcr das Rumpfgesch\u00e4ftsjahr 2024 (Abschluss befindet sich in der finalen Abstimmung) 2024 Zwischenbericht 1. Halbjahr 2024 (Halbjahresverlust signifikant niedriger als dargestellt, Bericht wird derzeit \u00fcberarbeitet) 2023 Vorl\u00e4ufige Zahlen 2023 2021 JahresabschlussKonzernabschluss 2020 Jahres- und Konzernabschluss 2019 JahresabschlussKonzernabschluss 2018 JahresabschlussKonzernabschluss [&hellip;]\" \/>\n<meta property=\"og:url\" content=\"https:\/\/nakikifinance.com\/fr_fr\/finanzberichte\/\" \/>\n<meta property=\"og:site_name\" content=\"Nakiki SE - Bitcoin Treasury\" \/>\n<meta property=\"article:modified_time\" content=\"2026-03-25T12:06:16+00:00\" \/>\n<meta name=\"twitter:card\" content=\"summary_large_image\" \/>\n<meta name=\"twitter:label1\" content=\"Dur\u00e9e de lecture estim\u00e9e\" \/>\n\t<meta name=\"twitter:data1\" content=\"1 minute\" \/>\n<script type=\"application\/ld+json\" class=\"yoast-schema-graph\">{\"@context\":\"https:\/\/schema.org\",\"@graph\":[{\"@type\":\"WebPage\",\"@id\":\"https:\/\/nakikifinance.com\/finanzberichte\/\",\"url\":\"https:\/\/nakikifinance.com\/finanzberichte\/\",\"name\":\"Finanzberichte - Nakiki SE - Bitcoin Treasury\",\"isPartOf\":{\"@id\":\"https:\/\/nakikifinance.com\/#website\"},\"datePublished\":\"2023-06-23T08:20:10+00:00\",\"dateModified\":\"2026-03-25T12:06:16+00:00\",\"breadcrumb\":{\"@id\":\"https:\/\/nakikifinance.com\/finanzberichte\/#breadcrumb\"},\"inLanguage\":\"fr-FR\",\"potentialAction\":[{\"@type\":\"ReadAction\",\"target\":[\"https:\/\/nakikifinance.com\/finanzberichte\/\"]}]},{\"@type\":\"BreadcrumbList\",\"@id\":\"https:\/\/nakikifinance.com\/finanzberichte\/#breadcrumb\",\"itemListElement\":[{\"@type\":\"ListItem\",\"position\":1,\"name\":\"Startseite\",\"item\":\"https:\/\/nakikifinance.com\/\"},{\"@type\":\"ListItem\",\"position\":2,\"name\":\"Finanzberichte\"}]},{\"@type\":\"WebSite\",\"@id\":\"https:\/\/nakikifinance.com\/#website\",\"url\":\"https:\/\/nakikifinance.com\/\",\"name\":\"LF Legal Finance SE Frankfurt\",\"description\":\"Nakiki SE\",\"publisher\":{\"@id\":\"https:\/\/nakikifinance.com\/#organization\"},\"potentialAction\":[{\"@type\":\"SearchAction\",\"target\":{\"@type\":\"EntryPoint\",\"urlTemplate\":\"https:\/\/nakikifinance.com\/?s={search_term_string}\"},\"query-input\":\"required name=search_term_string\"}],\"inLanguage\":\"fr-FR\"},{\"@type\":\"Organization\",\"@id\":\"https:\/\/nakikifinance.com\/#organization\",\"name\":\"LF Legal Finance SE\",\"url\":\"https:\/\/nakikifinance.com\/\",\"logo\":{\"@type\":\"ImageObject\",\"inLanguage\":\"fr-FR\",\"@id\":\"https:\/\/nakikifinance.com\/#\/schema\/logo\/image\/\",\"url\":\"http:\/\/nakikifinance.com\/wp-content\/uploads\/2023\/06\/legal-finance-international.jpg\",\"contentUrl\":\"http:\/\/nakikifinance.com\/wp-content\/uploads\/2023\/06\/legal-finance-international.jpg\",\"width\":842,\"height\":131,\"caption\":\"LF Legal Finance SE\"},\"image\":{\"@id\":\"https:\/\/nakikifinance.com\/#\/schema\/logo\/image\/\"}}]}<\/script>\n<!-- \/ Yoast SEO plugin. -->","yoast_head_json":{"title":"Finanzberichte - Nakiki SE - Bitcoin Treasury","robots":{"index":"noindex","follow":"nofollow"},"og_locale":"fr_FR","og_type":"article","og_title":"Finanzberichte - Nakiki SE - Bitcoin Treasury","og_description":"Hier finden sie die Finanzberichte der Nakiki SE: 2025 Zwischenbericht 1. Halbjahr 2025 2024 Vorl\u00e4ufige, ungepr\u00fcften Finanzinformationen&nbsp;f\u00fcr das Rumpfgesch\u00e4ftsjahr 2024 (Abschluss befindet sich in der finalen Abstimmung) 2024 Zwischenbericht 1. Halbjahr 2024 (Halbjahresverlust signifikant niedriger als dargestellt, Bericht wird derzeit \u00fcberarbeitet) 2023 Vorl\u00e4ufige Zahlen 2023 2021 JahresabschlussKonzernabschluss 2020 Jahres- und Konzernabschluss 2019 JahresabschlussKonzernabschluss 2018 JahresabschlussKonzernabschluss [&hellip;]","og_url":"https:\/\/nakikifinance.com\/fr_fr\/finanzberichte\/","og_site_name":"Nakiki SE - Bitcoin Treasury","article_modified_time":"2026-03-25T12:06:16+00:00","twitter_card":"summary_large_image","twitter_misc":{"Dur\u00e9e de lecture estim\u00e9e":"1 minute"},"schema":{"@context":"https:\/\/schema.org","@graph":[{"@type":"WebPage","@id":"https:\/\/nakikifinance.com\/finanzberichte\/","url":"https:\/\/nakikifinance.com\/finanzberichte\/","name":"Finanzberichte - Nakiki SE - Bitcoin Treasury","isPartOf":{"@id":"https:\/\/nakikifinance.com\/#website"},"datePublished":"2023-06-23T08:20:10+00:00","dateModified":"2026-03-25T12:06:16+00:00","breadcrumb":{"@id":"https:\/\/nakikifinance.com\/finanzberichte\/#breadcrumb"},"inLanguage":"fr-FR","potentialAction":[{"@type":"ReadAction","target":["https:\/\/nakikifinance.com\/finanzberichte\/"]}]},{"@type":"BreadcrumbList","@id":"https:\/\/nakikifinance.com\/finanzberichte\/#breadcrumb","itemListElement":[{"@type":"ListItem","position":1,"name":"Startseite","item":"https:\/\/nakikifinance.com\/"},{"@type":"ListItem","position":2,"name":"Finanzberichte"}]},{"@type":"WebSite","@id":"https:\/\/nakikifinance.com\/#website","url":"https:\/\/nakikifinance.com\/","name":"LF Legal Finance SE Francfort","description":"Nakiki SE","publisher":{"@id":"https:\/\/nakikifinance.com\/#organization"},"potentialAction":[{"@type":"SearchAction","target":{"@type":"EntryPoint","urlTemplate":"https:\/\/nakikifinance.com\/?s={search_term_string}"},"query-input":"required name=search_term_string"}],"inLanguage":"fr-FR"},{"@type":"Organization","@id":"https:\/\/nakikifinance.com\/#organization","name":"LF Legal Finance SE","url":"https:\/\/nakikifinance.com\/","logo":{"@type":"ImageObject","inLanguage":"fr-FR","@id":"https:\/\/nakikifinance.com\/#\/schema\/logo\/image\/","url":"http:\/\/nakikifinance.com\/wp-content\/uploads\/2023\/06\/legal-finance-international.jpg","contentUrl":"http:\/\/nakikifinance.com\/wp-content\/uploads\/2023\/06\/legal-finance-international.jpg","width":842,"height":131,"caption":"LF Legal Finance SE"},"image":{"@id":"https:\/\/nakikifinance.com\/#\/schema\/logo\/image\/"}}]}},"_links":{"self":[{"href":"https:\/\/nakikifinance.com\/fr_fr\/wp-json\/wp\/v2\/pages\/42"}],"collection":[{"href":"https:\/\/nakikifinance.com\/fr_fr\/wp-json\/wp\/v2\/pages"}],"about":[{"href":"https:\/\/nakikifinance.com\/fr_fr\/wp-json\/wp\/v2\/types\/page"}],"author":[{"embeddable":true,"href":"https:\/\/nakikifinance.com\/fr_fr\/wp-json\/wp\/v2\/users\/1"}],"replies":[{"embeddable":true,"href":"https:\/\/nakikifinance.com\/fr_fr\/wp-json\/wp\/v2\/comments?post=42"}],"version-history":[{"count":22,"href":"https:\/\/nakikifinance.com\/fr_fr\/wp-json\/wp\/v2\/pages\/42\/revisions"}],"predecessor-version":[{"id":3034,"href":"https:\/\/nakikifinance.com\/fr_fr\/wp-json\/wp\/v2\/pages\/42\/revisions\/3034"}],"wp:attachment":[{"href":"https:\/\/nakikifinance.com\/fr_fr\/wp-json\/wp\/v2\/media?parent=42"}],"curies":[{"name":"wp","href":"https:\/\/api.w.org\/{rel}","templated":true}]}}