{"id":404,"date":"2023-10-02T15:52:48","date_gmt":"2023-10-02T13:52:48","guid":{"rendered":"https:\/\/nakikifinance.com\/?page_id=404"},"modified":"2024-04-21T13:12:41","modified_gmt":"2024-04-21T11:12:41","slug":"distressed-finance","status":"publish","type":"page","link":"https:\/\/nakikifinance.com\/fr_fr\/distressed-finance\/","title":{"rendered":"Finance en difficult\u00e9"},"content":{"rendered":"<p>Seit 2023 finanziert Legal Finance mit dem Produkt Distressed Finance auch Verfahren \u00fcber Anspr\u00fcche, die nicht auf Zahlung ansgerichtet sind.<\/p>\n\n\n\n<p>Beispielsweise Anspr\u00fcche und Verfahren rund um:<\/p>\n\n\n\n<ul>\n<li>Immobilien<\/li>\n\n\n\n<li>Gesellschaftsanteile und Aktien<\/li>\n\n\n\n<li>Kunstwerke<\/li>\n\n\n\n<li>Autos, Schiffe, Flugzeuge<\/li>\n<\/ul>\n\n\n\n<p>Das Problem bisher: Wenn das Verfahren nicht auf Zahlung ausgerichtet war, konnte ein Prozessfinanzierer schwer &#8222;am Ergebnis&#8220; beteiligt werden.<\/p>\n\n\n\n<p>Mit <em>Finance en difficult\u00e9<\/em> finanzieren wir Rechtsstreite um solche Verm\u00f6genswerte. Bei Prozessgewinn ist Legal Finance mit einem Anteil an dem Verm\u00f6genswert, also z.B. an der Firma, um die prozessiert wird, beteiligt.<\/p>\n\n\n\n<p>Zum Beispiel: Legal Finance finanziert einen Prozess um die R\u00fcck\u00fcbertragung von GmbH-Anteilen. Die GmbH ist werthaltig, die Anteile sollen nach R\u00fcck\u00fcbertragung nicht verkauft werden. Legal Finance tr\u00e4gt alle Anwalts- und Gerichtskosten des Verfahrens. Nach Prozessgewinn ist Legal Finance mit einem vorher festgelegten Anteil an der GmbH beteiligt.<\/p>\n\n\n\n<p>Sie haben einen m\u00f6glichen Fall f\u00fcr unser neues Produkt Distressed Finance?<\/p>\n\n\n\n<p>Melden Sie sich gern direkt bei uns: <strong>069 87 00 184-10<\/strong> &#8211; oder nutzen Sie das folgende Kontaktformular:<\/p>\n\n\n<style id=\"wpforms-css-vars-1701\">\n\t\t\t\t#wpforms-1701 {\n\t\t\t\t\n\t\t\t}\n\t\t\t<\/style><div class=\"wpforms-container wpforms-container-full wpforms-render-modern\" id=\"wpforms-1701\"><form id=\"wpforms-form-1701\" class=\"wpforms-validate wpforms-form wpforms-ajax-form\" data-formid=\"1701\" method=\"post\" enctype=\"multipart\/form-data\" action=\"\/fr_fr\/wp-json\/wp\/v2\/pages\/404\" data-token=\"e3b724fb621caa19e8296ad61751da5f\" data-token-time=\"1775628699\" data-trp-original-action=\"\/fr_fr\/wp-json\/wp\/v2\/pages\/404\"><noscript class=\"wpforms-error-noscript\">Veuillez activer JavaScript dans votre navigateur pour remplir ce formulaire.<\/noscript><div id=\"wpforms-error-noscript\" style=\"display: none;\">Veuillez activer JavaScript dans votre navigateur pour remplir ce formulaire.<\/div><div class=\"wpforms-field-container\"><div id=\"wpforms-1701-field_0-container\" class=\"wpforms-field wpforms-field-name\" data-field-id=\"0\"><fieldset><legend class=\"wpforms-field-label\">Nom <span class=\"wpforms-required-label\" aria-hidden=\"true\">*<\/span><\/legend><div class=\"wpforms-field-row wpforms-field-medium\"><div class=\"wpforms-field-row-block wpforms-first wpforms-one-half\"><input type=\"text\" id=\"wpforms-1701-field_0\" class=\"wpforms-field-name-first wpforms-field-required\" name=\"wpforms[fields][0][first]\" aria-errormessage=\"wpforms-1701-field_0-error\" required><label for=\"wpforms-1701-field_0\" class=\"wpforms-field-sublabel after\">Pr\u00e9nom<\/label><\/div><div class=\"wpforms-field-row-block wpforms-one-half\"><input type=\"text\" id=\"wpforms-1701-field_0-last\" class=\"wpforms-field-name-last wpforms-field-required\" name=\"wpforms[fields][0][last]\" aria-errormessage=\"wpforms-1701-field_0-last-error\" required><label for=\"wpforms-1701-field_0-last\" class=\"wpforms-field-sublabel after\">Nom<\/label><\/div><\/div><\/fieldset><\/div><div id=\"wpforms-1701-field_3-container\" class=\"wpforms-field wpforms-field-text\" data-field-id=\"3\"><label class=\"wpforms-field-label\" for=\"wpforms-1701-field_3\">Firma<\/label><input type=\"text\" id=\"wpforms-1701-field_3\" class=\"wpforms-field-medium\" name=\"wpforms[fields][3]\" aria-errormessage=\"wpforms-1701-field_3-error\" ><\/div><div id=\"wpforms-1701-field_1-container\" class=\"wpforms-field wpforms-field-email\" data-field-id=\"1\"><label class=\"wpforms-field-label\" for=\"wpforms-1701-field_1\">Courrier \u00e9lectronique <span class=\"wpforms-required-label\" aria-hidden=\"true\">*<\/span><\/label><input type=\"email\" id=\"wpforms-1701-field_1\" class=\"wpforms-field-medium wpforms-field-required\" name=\"wpforms[fields][1]\" spellcheck=\"false\" aria-errormessage=\"wpforms-1701-field_1-error\" required><\/div><div id=\"wpforms-1701-field_4-container\" class=\"wpforms-field wpforms-field-text\" data-field-id=\"4\"><label class=\"wpforms-field-label\" for=\"wpforms-1701-field_4\">T\u00e9l\u00e9phone <span class=\"wpforms-required-label\" aria-hidden=\"true\">*<\/span><\/label><input type=\"text\" id=\"wpforms-1701-field_4\" class=\"wpforms-field-medium wpforms-field-required\" name=\"wpforms[fields][4]\" aria-errormessage=\"wpforms-1701-field_4-error\" required><\/div><div id=\"wpforms-1701-field_5-container\" class=\"wpforms-field wpforms-field-radio\" data-field-id=\"5\"><fieldset><legend class=\"wpforms-field-label\">Haben Sie bereits einen Rechtsanwalt beauftragt? <span class=\"wpforms-required-label\" aria-hidden=\"true\">*<\/span><\/legend><ul id=\"wpforms-1701-field_5\" class=\"wpforms-field-required\"><li class=\"choice-1 depth-1\"><input type=\"radio\" id=\"wpforms-1701-field_5_1\" name=\"wpforms[fields][5]\" value=\"Ja\" aria-errormessage=\"wpforms-1701-field_5_1-error\" required><label class=\"wpforms-field-label-inline\" for=\"wpforms-1701-field_5_1\">Ja<\/label><\/li><li class=\"choice-2 depth-1\"><input type=\"radio\" id=\"wpforms-1701-field_5_2\" name=\"wpforms[fields][5]\" value=\"Nein\" aria-errormessage=\"wpforms-1701-field_5_2-error\" required><label class=\"wpforms-field-label-inline\" for=\"wpforms-1701-field_5_2\">Nein<\/label><\/li><\/ul><\/fieldset><\/div><div id=\"wpforms-1701-field_6-container\" class=\"wpforms-field wpforms-field-radio\" data-field-id=\"6\"><fieldset><legend class=\"wpforms-field-label\">Ist bereits ein Gerichtsverfahren anh\u00e4ngig? <span class=\"wpforms-required-label\" aria-hidden=\"true\">*<\/span><\/legend><ul id=\"wpforms-1701-field_6\" class=\"wpforms-field-required\"><li class=\"choice-1 depth-1\"><input type=\"radio\" id=\"wpforms-1701-field_6_1\" name=\"wpforms[fields][6]\" value=\"Ja\" aria-errormessage=\"wpforms-1701-field_6_1-error\" required><label class=\"wpforms-field-label-inline\" for=\"wpforms-1701-field_6_1\">Ja<\/label><\/li><li class=\"choice-2 depth-1\"><input type=\"radio\" id=\"wpforms-1701-field_6_2\" name=\"wpforms[fields][6]\" value=\"Nein\" aria-errormessage=\"wpforms-1701-field_6_2-error\" required><label class=\"wpforms-field-label-inline\" for=\"wpforms-1701-field_6_2\">Nein<\/label><\/li><\/ul><\/fieldset><\/div><div id=\"wpforms-1701-field_7-container\" class=\"wpforms-field wpforms-field-radio\" data-field-id=\"7\"><fieldset><legend class=\"wpforms-field-label\">Gibt es bereits ein Urteil? <span class=\"wpforms-required-label\" aria-hidden=\"true\">*<\/span><\/legend><ul id=\"wpforms-1701-field_7\" class=\"wpforms-field-required\"><li class=\"choice-1 depth-1\"><input type=\"radio\" id=\"wpforms-1701-field_7_1\" name=\"wpforms[fields][7]\" value=\"Ja\" aria-errormessage=\"wpforms-1701-field_7_1-error\" required><label class=\"wpforms-field-label-inline\" for=\"wpforms-1701-field_7_1\">Ja<\/label><\/li><li class=\"choice-2 depth-1\"><input type=\"radio\" id=\"wpforms-1701-field_7_2\" name=\"wpforms[fields][7]\" value=\"Nein\" aria-errormessage=\"wpforms-1701-field_7_2-error\" required><label class=\"wpforms-field-label-inline\" for=\"wpforms-1701-field_7_2\">Nein<\/label><\/li><\/ul><\/fieldset><\/div><div id=\"wpforms-1701-field_11-container\" class=\"wpforms-field wpforms-field-radio\" data-field-id=\"11\"><fieldset><legend class=\"wpforms-field-label\">Legal Finance finanziert einzelne Rechtsstreite ab einem Streitwert von 50.000 EUR. Betr\u00e4gt der Streitwert mindestens 50.000 EUR?<\/legend><ul id=\"wpforms-1701-field_11\"><li class=\"choice-1 depth-1\"><input type=\"radio\" id=\"wpforms-1701-field_11_1\" name=\"wpforms[fields][11]\" value=\"Ja\" aria-errormessage=\"wpforms-1701-field_11_1-error\"  ><label class=\"wpforms-field-label-inline\" for=\"wpforms-1701-field_11_1\">Ja<\/label><\/li><li class=\"choice-2 depth-1\"><input type=\"radio\" id=\"wpforms-1701-field_11_2\" name=\"wpforms[fields][11]\" value=\"Nein\" aria-errormessage=\"wpforms-1701-field_11_2-error\"  ><label class=\"wpforms-field-label-inline\" for=\"wpforms-1701-field_11_2\">Nein<\/label><\/li><\/ul><\/fieldset><\/div><div id=\"wpforms-1701-field_8-container\" class=\"wpforms-field wpforms-field-text\" data-field-id=\"8\"><label class=\"wpforms-field-label\" for=\"wpforms-1701-field_8\">Streitwert in EUR (wenn unbekannt, bitte sch\u00e4tzen): <span class=\"wpforms-required-label\" aria-hidden=\"true\">*<\/span><\/label><input type=\"text\" id=\"wpforms-1701-field_8\" class=\"wpforms-field-medium wpforms-field-required\" name=\"wpforms[fields][8]\" aria-errormessage=\"wpforms-1701-field_8-error\" required><\/div><div id=\"wpforms-1701-field_2-container\" class=\"wpforms-field wpforms-field-textarea\" data-field-id=\"2\"><label class=\"wpforms-field-label\" for=\"wpforms-1701-field_2\">Bitte beschreiben Sie Ihren Fall: <span class=\"wpforms-required-label\" aria-hidden=\"true\">*<\/span><\/label><textarea id=\"wpforms-1701-field_2\" class=\"wpforms-field-medium wpforms-field-required\" name=\"wpforms[fields][2]\" aria-errormessage=\"wpforms-1701-field_2-error\" required><\/textarea><\/div><\/div><!-- .wpforms-field-container --><div class=\"wpforms-submit-container\" ><input type=\"hidden\" name=\"wpforms[id]\" value=\"1701\"><input type=\"hidden\" name=\"page_title\" value=\"\"><input type=\"hidden\" name=\"page_url\" value=\"https:\/\/nakikifinance.com\/fr_fr\/wp-json\/wp\/v2\/pages\/404\"><input type=\"hidden\" name=\"url_referer\" value=\"\"><button type=\"submit\" name=\"wpforms[submit]\" id=\"wpforms-submit-1701\" class=\"wpforms-submit\" data-alt-text=\"Senden\u2026\" data-submit-text=\"Absenden\" aria-live=\"assertive\" value=\"wpforms-submit\">Envoyer<\/button><img decoding=\"async\" src=\"https:\/\/nakikifinance.com\/wp-content\/plugins\/wpforms-lite\/assets\/images\/submit-spin.svg\" class=\"wpforms-submit-spinner\" style=\"display: none;\" width=\"26\" height=\"26\" alt=\"Chargement en cours\"><\/div><input type=\"hidden\" name=\"trp-form-language\" value=\"fr_fr\"\/><\/form><\/div>  <!-- .wpforms-container -->","protected":false},"excerpt":{"rendered":"<p>Seit 2023 finanziert Legal Finance mit dem Produkt Distressed Finance auch Verfahren \u00fcber Anspr\u00fcche, die nicht auf Zahlung ansgerichtet sind. Beispielsweise Anspr\u00fcche und Verfahren rund um: Das Problem bisher: Wenn das Verfahren nicht auf Zahlung ausgerichtet war, konnte ein Prozessfinanzierer schwer &#8222;am Ergebnis&#8220; beteiligt werden. Mit Distressed Finance finanzieren wir Rechtsstreite um solche Verm\u00f6genswerte. Bei [&hellip;]<\/p>","protected":false},"author":1,"featured_media":0,"parent":0,"menu_order":0,"comment_status":"closed","ping_status":"closed","template":"page~0","meta":{"footnotes":""},"yoast_head":"<!-- This site is optimized with the Yoast SEO plugin v20.9 - https:\/\/yoast.com\/wordpress\/plugins\/seo\/ -->\n<title>Distressed Finance - Nakiki SE - Bitcoin Treasury<\/title>\n<meta name=\"robots\" content=\"index, follow, max-snippet:-1, max-image-preview:large, max-video-preview:-1\" \/>\n<link rel=\"canonical\" href=\"https:\/\/nakikifinance.com\/fr_fr\/distressed-finance\/\" \/>\n<meta property=\"og:locale\" content=\"fr_FR\" \/>\n<meta property=\"og:type\" content=\"article\" \/>\n<meta property=\"og:title\" content=\"Distressed Finance - Nakiki SE - Bitcoin Treasury\" \/>\n<meta property=\"og:description\" content=\"Seit 2023 finanziert Legal Finance mit dem Produkt Distressed Finance auch Verfahren \u00fcber Anspr\u00fcche, die nicht auf Zahlung ansgerichtet sind. Beispielsweise Anspr\u00fcche und Verfahren rund um: Das Problem bisher: Wenn das Verfahren nicht auf Zahlung ausgerichtet war, konnte ein Prozessfinanzierer schwer &#8222;am Ergebnis&#8220; beteiligt werden. Mit Distressed Finance finanzieren wir Rechtsstreite um solche Verm\u00f6genswerte. Bei [&hellip;]\" \/>\n<meta property=\"og:url\" content=\"https:\/\/nakikifinance.com\/fr_fr\/distressed-finance\/\" \/>\n<meta property=\"og:site_name\" content=\"Nakiki SE - Bitcoin Treasury\" \/>\n<meta property=\"article:modified_time\" content=\"2024-04-21T11:12:41+00:00\" \/>\n<meta name=\"twitter:card\" content=\"summary_large_image\" \/>\n<meta name=\"twitter:label1\" content=\"Dur\u00e9e de lecture estim\u00e9e\" \/>\n\t<meta name=\"twitter:data1\" content=\"1 minute\" \/>\n<script type=\"application\/ld+json\" class=\"yoast-schema-graph\">{\"@context\":\"https:\/\/schema.org\",\"@graph\":[{\"@type\":\"WebPage\",\"@id\":\"https:\/\/nakikifinance.com\/distressed-finance\/\",\"url\":\"https:\/\/nakikifinance.com\/distressed-finance\/\",\"name\":\"Distressed Finance - Nakiki SE - Bitcoin Treasury\",\"isPartOf\":{\"@id\":\"https:\/\/nakikifinance.com\/#website\"},\"datePublished\":\"2023-10-02T13:52:48+00:00\",\"dateModified\":\"2024-04-21T11:12:41+00:00\",\"breadcrumb\":{\"@id\":\"https:\/\/nakikifinance.com\/distressed-finance\/#breadcrumb\"},\"inLanguage\":\"fr-FR\",\"potentialAction\":[{\"@type\":\"ReadAction\",\"target\":[\"https:\/\/nakikifinance.com\/distressed-finance\/\"]}]},{\"@type\":\"BreadcrumbList\",\"@id\":\"https:\/\/nakikifinance.com\/distressed-finance\/#breadcrumb\",\"itemListElement\":[{\"@type\":\"ListItem\",\"position\":1,\"name\":\"Startseite\",\"item\":\"https:\/\/nakikifinance.com\/\"},{\"@type\":\"ListItem\",\"position\":2,\"name\":\"Distressed Finance\"}]},{\"@type\":\"WebSite\",\"@id\":\"https:\/\/nakikifinance.com\/#website\",\"url\":\"https:\/\/nakikifinance.com\/\",\"name\":\"LF Legal Finance SE Frankfurt\",\"description\":\"Nakiki SE\",\"publisher\":{\"@id\":\"https:\/\/nakikifinance.com\/#organization\"},\"potentialAction\":[{\"@type\":\"SearchAction\",\"target\":{\"@type\":\"EntryPoint\",\"urlTemplate\":\"https:\/\/nakikifinance.com\/?s={search_term_string}\"},\"query-input\":\"required name=search_term_string\"}],\"inLanguage\":\"fr-FR\"},{\"@type\":\"Organization\",\"@id\":\"https:\/\/nakikifinance.com\/#organization\",\"name\":\"LF Legal Finance SE\",\"url\":\"https:\/\/nakikifinance.com\/\",\"logo\":{\"@type\":\"ImageObject\",\"inLanguage\":\"fr-FR\",\"@id\":\"https:\/\/nakikifinance.com\/#\/schema\/logo\/image\/\",\"url\":\"http:\/\/nakikifinance.com\/wp-content\/uploads\/2023\/06\/legal-finance-international.jpg\",\"contentUrl\":\"http:\/\/nakikifinance.com\/wp-content\/uploads\/2023\/06\/legal-finance-international.jpg\",\"width\":842,\"height\":131,\"caption\":\"LF Legal Finance SE\"},\"image\":{\"@id\":\"https:\/\/nakikifinance.com\/#\/schema\/logo\/image\/\"}}]}<\/script>\n<!-- \/ Yoast SEO plugin. -->","yoast_head_json":{"title":"Distressed Finance - Nakiki SE - Bitcoin Treasury","robots":{"index":"index","follow":"follow","max-snippet":"max-snippet:-1","max-image-preview":"max-image-preview:large","max-video-preview":"max-video-preview:-1"},"canonical":"https:\/\/nakikifinance.com\/fr_fr\/distressed-finance\/","og_locale":"fr_FR","og_type":"article","og_title":"Distressed Finance - Nakiki SE - Bitcoin Treasury","og_description":"Seit 2023 finanziert Legal Finance mit dem Produkt Distressed Finance auch Verfahren \u00fcber Anspr\u00fcche, die nicht auf Zahlung ansgerichtet sind. Beispielsweise Anspr\u00fcche und Verfahren rund um: Das Problem bisher: Wenn das Verfahren nicht auf Zahlung ausgerichtet war, konnte ein Prozessfinanzierer schwer &#8222;am Ergebnis&#8220; beteiligt werden. Mit Distressed Finance finanzieren wir Rechtsstreite um solche Verm\u00f6genswerte. Bei [&hellip;]","og_url":"https:\/\/nakikifinance.com\/fr_fr\/distressed-finance\/","og_site_name":"Nakiki SE - Bitcoin Treasury","article_modified_time":"2024-04-21T11:12:41+00:00","twitter_card":"summary_large_image","twitter_misc":{"Dur\u00e9e de lecture estim\u00e9e":"1 minute"},"schema":{"@context":"https:\/\/schema.org","@graph":[{"@type":"WebPage","@id":"https:\/\/nakikifinance.com\/distressed-finance\/","url":"https:\/\/nakikifinance.com\/distressed-finance\/","name":"Distressed Finance - Nakiki SE - Bitcoin Treasury","isPartOf":{"@id":"https:\/\/nakikifinance.com\/#website"},"datePublished":"2023-10-02T13:52:48+00:00","dateModified":"2024-04-21T11:12:41+00:00","breadcrumb":{"@id":"https:\/\/nakikifinance.com\/distressed-finance\/#breadcrumb"},"inLanguage":"fr-FR","potentialAction":[{"@type":"ReadAction","target":["https:\/\/nakikifinance.com\/distressed-finance\/"]}]},{"@type":"BreadcrumbList","@id":"https:\/\/nakikifinance.com\/distressed-finance\/#breadcrumb","itemListElement":[{"@type":"ListItem","position":1,"name":"Startseite","item":"https:\/\/nakikifinance.com\/"},{"@type":"ListItem","position":2,"name":"Distressed Finance"}]},{"@type":"WebSite","@id":"https:\/\/nakikifinance.com\/#website","url":"https:\/\/nakikifinance.com\/","name":"LF Legal Finance SE Francfort","description":"Nakiki SE","publisher":{"@id":"https:\/\/nakikifinance.com\/#organization"},"potentialAction":[{"@type":"SearchAction","target":{"@type":"EntryPoint","urlTemplate":"https:\/\/nakikifinance.com\/?s={search_term_string}"},"query-input":"required name=search_term_string"}],"inLanguage":"fr-FR"},{"@type":"Organization","@id":"https:\/\/nakikifinance.com\/#organization","name":"LF Legal Finance SE","url":"https:\/\/nakikifinance.com\/","logo":{"@type":"ImageObject","inLanguage":"fr-FR","@id":"https:\/\/nakikifinance.com\/#\/schema\/logo\/image\/","url":"http:\/\/nakikifinance.com\/wp-content\/uploads\/2023\/06\/legal-finance-international.jpg","contentUrl":"http:\/\/nakikifinance.com\/wp-content\/uploads\/2023\/06\/legal-finance-international.jpg","width":842,"height":131,"caption":"LF Legal Finance SE"},"image":{"@id":"https:\/\/nakikifinance.com\/#\/schema\/logo\/image\/"}}]}},"_links":{"self":[{"href":"https:\/\/nakikifinance.com\/fr_fr\/wp-json\/wp\/v2\/pages\/404"}],"collection":[{"href":"https:\/\/nakikifinance.com\/fr_fr\/wp-json\/wp\/v2\/pages"}],"about":[{"href":"https:\/\/nakikifinance.com\/fr_fr\/wp-json\/wp\/v2\/types\/page"}],"author":[{"embeddable":true,"href":"https:\/\/nakikifinance.com\/fr_fr\/wp-json\/wp\/v2\/users\/1"}],"replies":[{"embeddable":true,"href":"https:\/\/nakikifinance.com\/fr_fr\/wp-json\/wp\/v2\/comments?post=404"}],"version-history":[{"count":3,"href":"https:\/\/nakikifinance.com\/fr_fr\/wp-json\/wp\/v2\/pages\/404\/revisions"}],"predecessor-version":[{"id":1707,"href":"https:\/\/nakikifinance.com\/fr_fr\/wp-json\/wp\/v2\/pages\/404\/revisions\/1707"}],"wp:attachment":[{"href":"https:\/\/nakikifinance.com\/fr_fr\/wp-json\/wp\/v2\/media?parent=404"}],"curies":[{"name":"wp","href":"https:\/\/api.w.org\/{rel}","templated":true}]}}