{"id":34,"date":"2023-06-23T10:16:52","date_gmt":"2023-06-23T08:16:52","guid":{"rendered":"https:\/\/nakikifinance.com\/?page_id=34"},"modified":"2023-06-24T06:28:22","modified_gmt":"2023-06-24T04:28:22","slug":"background","status":"publish","type":"page","link":"https:\/\/nakikifinance.com\/fr_fr\/background\/","title":{"rendered":"Arri\u00e8re-plan"},"content":{"rendered":"<blockquote class=\"wp-block-quote\">\n<p><em>On ne change pas une \u00e9quipe qui gagne.<\/em><\/p>\n<cite>Anonyme<\/cite><\/blockquote>\n\n\n\n<p>Avoir raison et obtenir gain de cause ne sont pas la m\u00eame chose. Obtenir gain de cause co\u00fbte cher et est souvent prohibitif ou fastidieux : les proc\u00e9dures internationales de grande ampleur avec avocats sp\u00e9cialis\u00e9s sont longues et co\u00fbteuses, la dur\u00e9e \u00e9tant parfois incalculable. Legal Finance investit dans de telles proc\u00e9dures de grande ampleur.<\/p>\n\n\n\n<p>Dans les proc\u00e9dures de masse \u00e0 faible valeur litigieuse, chaque proc\u00e9dure peut \u00eatre complexe, mais le remboursement des co\u00fbts est d\u00e9raisonnablement faible et disproportionn\u00e9 par rapport aux co\u00fbts r\u00e9els. Legal Finance finance le regroupement de telles proc\u00e9dures de masse pour la gestion de processus types.<\/p>\n\n\n\n<p>Les liquidateurs et similaires ne disposent souvent que de moyens financiers tr\u00e8s limit\u00e9s. En revanche, il existe des revendications potentielles qu'il importe de mettre en \u0153uvre rapidement et sans compromis.<\/p>\n\n\n\n<p>Legal Finance participe \u00e0 ce type de revendications.<\/p>\n\n\n\n<p>Legal Finance n'investit pas directement, mais par le biais de <a href=\"https:\/\/nakikifinance.com\/fr_fr\/tochtergesellschaften\/\">FCC ou de filiales<\/a>.<\/p>\n\n\n\n<p>Nous finan\u00e7ons:<\/p>\n\n\n\n<ul>\n<li>Proc\u00e9dures internationales de grande ampleur<\/li>\n\n\n\n<li>Proc\u00e9dures de masse<\/li>\n\n\n\n<li>Cr\u00e9ances sp\u00e9culatives<\/li>\n\n\n\n<li>Cr\u00e9ances d'insolvabilit\u00e9<\/li>\n\n\n\n<li>Proc\u00e9dures sp\u00e9ciales, par exemple la responsabilit\u00e9 de l'\u00c9tat, l'UDRP, l'URS, l'ADR, etc.<\/li>\n\n\n\n<li>Ex\u00e9cutions, recouvrement<\/li>\n<\/ul>","protected":false},"excerpt":{"rendered":"<p>Wer sein Recht nicht wahret, gibt es auf. Ernst Raupach (1784 &#8211; 1852), Schriftsteller Recht haben und Recht bekommen ist nicht dasselbe. Recht bekommen ist teuer und oftmals unerschwinglich oder aufw\u00e4ndig: Internationale Gro\u00dfverfahren mit spezialisierten Anw\u00e4lten sind langwierig und teuer, die Dauer manchmal unkalkulierbar. Legal Finance investiert in solche Gro\u00dfverfahren. In Massenverfahren mit kleinem Streitwert [&hellip;]<\/p>","protected":false},"author":1,"featured_media":0,"parent":0,"menu_order":0,"comment_status":"closed","ping_status":"closed","template":"","meta":{"footnotes":""},"yoast_head":"<!-- This site is optimized with the Yoast SEO plugin v20.9 - https:\/\/yoast.com\/wordpress\/plugins\/seo\/ -->\n<title>Background - Nakiki SE - Bitcoin Treasury<\/title>\n<meta name=\"robots\" content=\"index, follow, max-snippet:-1, max-image-preview:large, max-video-preview:-1\" \/>\n<link rel=\"canonical\" href=\"https:\/\/nakikifinance.com\/fr_fr\/background\/\" \/>\n<meta property=\"og:locale\" content=\"fr_FR\" \/>\n<meta property=\"og:type\" content=\"article\" \/>\n<meta property=\"og:title\" content=\"Background - Nakiki SE - Bitcoin Treasury\" \/>\n<meta property=\"og:description\" content=\"Wer sein Recht nicht wahret, gibt es auf. Ernst Raupach (1784 &#8211; 1852), Schriftsteller Recht haben und Recht bekommen ist nicht dasselbe. Recht bekommen ist teuer und oftmals unerschwinglich oder aufw\u00e4ndig: Internationale Gro\u00dfverfahren mit spezialisierten Anw\u00e4lten sind langwierig und teuer, die Dauer manchmal unkalkulierbar. Legal Finance investiert in solche Gro\u00dfverfahren. In Massenverfahren mit kleinem Streitwert [&hellip;]\" \/>\n<meta property=\"og:url\" content=\"https:\/\/nakikifinance.com\/fr_fr\/background\/\" \/>\n<meta property=\"og:site_name\" content=\"Nakiki SE - Bitcoin Treasury\" \/>\n<meta property=\"article:modified_time\" content=\"2023-06-24T04:28:22+00:00\" \/>\n<meta name=\"twitter:card\" content=\"summary_large_image\" \/>\n<meta name=\"twitter:label1\" content=\"Dur\u00e9e de lecture estim\u00e9e\" \/>\n\t<meta name=\"twitter:data1\" content=\"1 minute\" \/>\n<script type=\"application\/ld+json\" class=\"yoast-schema-graph\">{\"@context\":\"https:\/\/schema.org\",\"@graph\":[{\"@type\":\"WebPage\",\"@id\":\"https:\/\/nakikifinance.com\/background\/\",\"url\":\"https:\/\/nakikifinance.com\/background\/\",\"name\":\"Background - Nakiki SE - Bitcoin Treasury\",\"isPartOf\":{\"@id\":\"https:\/\/nakikifinance.com\/#website\"},\"datePublished\":\"2023-06-23T08:16:52+00:00\",\"dateModified\":\"2023-06-24T04:28:22+00:00\",\"breadcrumb\":{\"@id\":\"https:\/\/nakikifinance.com\/background\/#breadcrumb\"},\"inLanguage\":\"fr-FR\",\"potentialAction\":[{\"@type\":\"ReadAction\",\"target\":[\"https:\/\/nakikifinance.com\/background\/\"]}]},{\"@type\":\"BreadcrumbList\",\"@id\":\"https:\/\/nakikifinance.com\/background\/#breadcrumb\",\"itemListElement\":[{\"@type\":\"ListItem\",\"position\":1,\"name\":\"Startseite\",\"item\":\"https:\/\/nakikifinance.com\/\"},{\"@type\":\"ListItem\",\"position\":2,\"name\":\"Background\"}]},{\"@type\":\"WebSite\",\"@id\":\"https:\/\/nakikifinance.com\/#website\",\"url\":\"https:\/\/nakikifinance.com\/\",\"name\":\"LF Legal Finance SE Frankfurt\",\"description\":\"Nakiki SE\",\"publisher\":{\"@id\":\"https:\/\/nakikifinance.com\/#organization\"},\"potentialAction\":[{\"@type\":\"SearchAction\",\"target\":{\"@type\":\"EntryPoint\",\"urlTemplate\":\"https:\/\/nakikifinance.com\/?s={search_term_string}\"},\"query-input\":\"required name=search_term_string\"}],\"inLanguage\":\"fr-FR\"},{\"@type\":\"Organization\",\"@id\":\"https:\/\/nakikifinance.com\/#organization\",\"name\":\"LF Legal Finance SE\",\"url\":\"https:\/\/nakikifinance.com\/\",\"logo\":{\"@type\":\"ImageObject\",\"inLanguage\":\"fr-FR\",\"@id\":\"https:\/\/nakikifinance.com\/#\/schema\/logo\/image\/\",\"url\":\"http:\/\/nakikifinance.com\/wp-content\/uploads\/2023\/06\/legal-finance-international.jpg\",\"contentUrl\":\"http:\/\/nakikifinance.com\/wp-content\/uploads\/2023\/06\/legal-finance-international.jpg\",\"width\":842,\"height\":131,\"caption\":\"LF Legal Finance SE\"},\"image\":{\"@id\":\"https:\/\/nakikifinance.com\/#\/schema\/logo\/image\/\"}}]}<\/script>\n<!-- \/ Yoast SEO plugin. -->","yoast_head_json":{"title":"Background - Nakiki SE - Bitcoin Treasury","robots":{"index":"index","follow":"follow","max-snippet":"max-snippet:-1","max-image-preview":"max-image-preview:large","max-video-preview":"max-video-preview:-1"},"canonical":"https:\/\/nakikifinance.com\/fr_fr\/background\/","og_locale":"fr_FR","og_type":"article","og_title":"Background - Nakiki SE - Bitcoin Treasury","og_description":"Wer sein Recht nicht wahret, gibt es auf. Ernst Raupach (1784 &#8211; 1852), Schriftsteller Recht haben und Recht bekommen ist nicht dasselbe. Recht bekommen ist teuer und oftmals unerschwinglich oder aufw\u00e4ndig: Internationale Gro\u00dfverfahren mit spezialisierten Anw\u00e4lten sind langwierig und teuer, die Dauer manchmal unkalkulierbar. Legal Finance investiert in solche Gro\u00dfverfahren. In Massenverfahren mit kleinem Streitwert [&hellip;]","og_url":"https:\/\/nakikifinance.com\/fr_fr\/background\/","og_site_name":"Nakiki SE - Bitcoin Treasury","article_modified_time":"2023-06-24T04:28:22+00:00","twitter_card":"summary_large_image","twitter_misc":{"Dur\u00e9e de lecture estim\u00e9e":"1 minute"},"schema":{"@context":"https:\/\/schema.org","@graph":[{"@type":"WebPage","@id":"https:\/\/nakikifinance.com\/background\/","url":"https:\/\/nakikifinance.com\/background\/","name":"Background - Nakiki SE - Bitcoin Treasury","isPartOf":{"@id":"https:\/\/nakikifinance.com\/#website"},"datePublished":"2023-06-23T08:16:52+00:00","dateModified":"2023-06-24T04:28:22+00:00","breadcrumb":{"@id":"https:\/\/nakikifinance.com\/background\/#breadcrumb"},"inLanguage":"fr-FR","potentialAction":[{"@type":"ReadAction","target":["https:\/\/nakikifinance.com\/background\/"]}]},{"@type":"BreadcrumbList","@id":"https:\/\/nakikifinance.com\/background\/#breadcrumb","itemListElement":[{"@type":"ListItem","position":1,"name":"Startseite","item":"https:\/\/nakikifinance.com\/"},{"@type":"ListItem","position":2,"name":"Background"}]},{"@type":"WebSite","@id":"https:\/\/nakikifinance.com\/#website","url":"https:\/\/nakikifinance.com\/","name":"LF Legal Finance SE Francfort","description":"Nakiki SE","publisher":{"@id":"https:\/\/nakikifinance.com\/#organization"},"potentialAction":[{"@type":"SearchAction","target":{"@type":"EntryPoint","urlTemplate":"https:\/\/nakikifinance.com\/?s={search_term_string}"},"query-input":"required name=search_term_string"}],"inLanguage":"fr-FR"},{"@type":"Organization","@id":"https:\/\/nakikifinance.com\/#organization","name":"LF Legal Finance SE","url":"https:\/\/nakikifinance.com\/","logo":{"@type":"ImageObject","inLanguage":"fr-FR","@id":"https:\/\/nakikifinance.com\/#\/schema\/logo\/image\/","url":"http:\/\/nakikifinance.com\/wp-content\/uploads\/2023\/06\/legal-finance-international.jpg","contentUrl":"http:\/\/nakikifinance.com\/wp-content\/uploads\/2023\/06\/legal-finance-international.jpg","width":842,"height":131,"caption":"LF Legal Finance SE"},"image":{"@id":"https:\/\/nakikifinance.com\/#\/schema\/logo\/image\/"}}]}},"_links":{"self":[{"href":"https:\/\/nakikifinance.com\/fr_fr\/wp-json\/wp\/v2\/pages\/34"}],"collection":[{"href":"https:\/\/nakikifinance.com\/fr_fr\/wp-json\/wp\/v2\/pages"}],"about":[{"href":"https:\/\/nakikifinance.com\/fr_fr\/wp-json\/wp\/v2\/types\/page"}],"author":[{"embeddable":true,"href":"https:\/\/nakikifinance.com\/fr_fr\/wp-json\/wp\/v2\/users\/1"}],"replies":[{"embeddable":true,"href":"https:\/\/nakikifinance.com\/fr_fr\/wp-json\/wp\/v2\/comments?post=34"}],"version-history":[{"count":5,"href":"https:\/\/nakikifinance.com\/fr_fr\/wp-json\/wp\/v2\/pages\/34\/revisions"}],"predecessor-version":[{"id":228,"href":"https:\/\/nakikifinance.com\/fr_fr\/wp-json\/wp\/v2\/pages\/34\/revisions\/228"}],"wp:attachment":[{"href":"https:\/\/nakikifinance.com\/fr_fr\/wp-json\/wp\/v2\/media?parent=34"}],"curies":[{"name":"wp","href":"https:\/\/api.w.org\/{rel}","templated":true}]}}