{"id":862,"date":"2024-04-18T10:40:42","date_gmt":"2024-04-18T08:40:42","guid":{"rendered":"https:\/\/nakikifinance.com\/?page_id=862"},"modified":"2025-08-11T13:50:39","modified_gmt":"2025-08-11T11:50:39","slug":"pflichtmeldungen","status":"publish","type":"page","link":"https:\/\/nakikifinance.com\/fr\/pflichtmeldungen\/","title":{"rendered":"D\u00e9clarations obligatoires"},"content":{"rendered":"<div data-elementor-type=\"wp-page\" data-elementor-id=\"862\" class=\"elementor elementor-862\" data-elementor-post-type=\"page\">\n\t\t\t\t\t\t<section data-particle_enable=\"false\" data-particle-mobile-disabled=\"false\" class=\"elementor-section elementor-top-section elementor-element elementor-element-ff7ef64 elementor-section-boxed elementor-section-height-default elementor-section-height-default\" data-id=\"ff7ef64\" data-element_type=\"section\" data-settings=\"{&quot;background_background&quot;:&quot;classic&quot;}\">\n\t\t\t\t\t\t<div class=\"elementor-container elementor-column-gap-default\">\n\t\t\t\t\t<div class=\"elementor-column elementor-col-100 elementor-top-column elementor-element elementor-element-def955a\" data-id=\"def955a\" data-element_type=\"column\">\n\t\t\t<div class=\"elementor-widget-wrap elementor-element-populated\">\n\t\t\t\t\t\t<div class=\"elementor-element elementor-element-fb84c99 premium-blog-align-left elementor-widget elementor-widget-premium-addon-blog\" data-id=\"fb84c99\" data-element_type=\"widget\" data-settings=\"{&quot;premium_blog_columns_number&quot;:&quot;33.33%&quot;,&quot;premium_blog_grid&quot;:&quot;yes&quot;,&quot;premium_blog_layout&quot;:&quot;even&quot;,&quot;premium_blog_columns_number_tablet&quot;:&quot;50%&quot;,&quot;premium_blog_columns_number_mobile&quot;:&quot;100%&quot;,&quot;scroll_to_offset&quot;:&quot;yes&quot;}\" data-widget_type=\"premium-addon-blog.default\">\n\t\t\t\t<div class=\"elementor-widget-container\">\n\t\t\t\r\n\t\t\t\t<div class=\"premium-blog-wrap  premium-blog-even\" data-page=\"862\" data-pagination=\"true\">\r\n\t\t\t\t\t<div class=\"premium-blog-post-outer-container\" data-total=\"7\">\n\t\t\t<div class=\"premium-blog-post-container premium-blog-skin-classic\">\n\t\t\t\t\t\t\t\t\t\t\t\t<div class=\"premium-blog-content-wrapper empty-thumb\">\n\n\t\t\t\t\t<div class=\"premium-blog-inner-container\">\n\n\t\t\t\t\t\t\t\t\t\t\t\t\t\t<h2 class=\"premium-blog-entry-title\">\n\t\t\t<a href=\"https:\/\/nakikifinance.com\/fr\/korrektur-einer-mitteilung-ueber-eigengeschaefte-von-fuehrungskraeften-gemaess-artikel-19-mar-vom-30-07-2025-2\/\" target=\"_self\">\n\t\t\t\tKorrektur einer Mitteilung \u00fcber Eigengesch\u00e4fte von F\u00fchrungskr\u00e4ften gem\u00e4\u00df Artikel 19 MAR vom 30.07.2025\t\t\t<\/a>\n\t\t<\/h2>\n\t\t\t\t<div class=\"premium-blog-entry-meta\">\n\t\t\t\n\t\t\t\t\t\t\t<span class=\"premium-blog-meta-separator\">-<\/span>\n\t\t\t\t<div class=\"premium-blog-post-time premium-blog-meta-data\">\n\t\t\t\t\t<i class=\"fa fa-calendar-alt\" aria-hidden=\"true\"><\/i>\n\t\t\t\t\t<span>6 ao\u00fbt 2025<\/span>\n\t\t\t\t<\/div>\n\t\t\t\n\t\t\t\t\t\t\t<span class=\"premium-blog-meta-separator\">-<\/span>\n\t\t\t\t<div class=\"premium-blog-post-categories premium-blog-meta-data\">\n\t\t\t\t\t<i class=\"fa fa-align-left fa-fw\" aria-hidden=\"true\"><\/i>\n\t\t\t\t\t<a href=\"https:\/\/nakikifinance.com\/fr\/category\/sonstiges\/\" rel=\"category tag\">Autres<\/a>\t\t\t\t<\/div>\n\t\t\t\n\t\t\t\t\t<\/div>\n\t\t\n\t\t\t\t\t<\/div>\n\n\t\t\t\t\t\t\t<div class=\"premium-blob-content-inner-wrapper\">\n\t\t<p class=\"premium-blog-post-content\">1 Angaben zu den Personen, die F\u00fchrungsaufgaben wahrnehmen, sowie zu den in enger Beziehung zu ihnen stehenden Personen a) Name Wegerich UG 2 Grund der Meldung a) \u2026<\/p>\t\t <\/div>\n\t\t \t\t\t\t\t\n\t\t\t\t<\/div>\n\t\t\t<\/div>\n\t\t<\/div>\n\n\t\t\t\t<div class=\"premium-blog-post-outer-container\" data-total=\"7\">\n\t\t\t<div class=\"premium-blog-post-container premium-blog-skin-classic\">\n\t\t\t\t\t\t\t\t\t\t\t\t<div class=\"premium-blog-content-wrapper empty-thumb\">\n\n\t\t\t\t\t<div class=\"premium-blog-inner-container\">\n\n\t\t\t\t\t\t\t\t\t\t\t\t\t\t<h2 class=\"premium-blog-entry-title\">\n\t\t\t<a href=\"https:\/\/nakikifinance.com\/fr\/korrektur-einer-mitteilung-ueber-eigengeschaefte-von-fuehrungskraeften-gemaess-artikel-19-mar-vom-30-07-2025\/\" target=\"_self\">\n\t\t\t\tKorrektur einer Mitteilung \u00fcber Eigengesch\u00e4fte von F\u00fchrungskr\u00e4ften gem\u00e4\u00df Artikel 19 MAR vom 30.07.2025\t\t\t<\/a>\n\t\t<\/h2>\n\t\t\t\t<div class=\"premium-blog-entry-meta\">\n\t\t\t\n\t\t\t\t\t\t\t<span class=\"premium-blog-meta-separator\">-<\/span>\n\t\t\t\t<div class=\"premium-blog-post-time premium-blog-meta-data\">\n\t\t\t\t\t<i class=\"fa fa-calendar-alt\" aria-hidden=\"true\"><\/i>\n\t\t\t\t\t<span>6 ao\u00fbt 2025<\/span>\n\t\t\t\t<\/div>\n\t\t\t\n\t\t\t\t\t\t\t<span class=\"premium-blog-meta-separator\">-<\/span>\n\t\t\t\t<div class=\"premium-blog-post-categories premium-blog-meta-data\">\n\t\t\t\t\t<i class=\"fa fa-align-left fa-fw\" aria-hidden=\"true\"><\/i>\n\t\t\t\t\t<a href=\"https:\/\/nakikifinance.com\/fr\/category\/sonstiges\/\" rel=\"category tag\">Autres<\/a>\t\t\t\t<\/div>\n\t\t\t\n\t\t\t\t\t<\/div>\n\t\t\n\t\t\t\t\t<\/div>\n\n\t\t\t\t\t\t\t<div class=\"premium-blob-content-inner-wrapper\">\n\t\t<p class=\"premium-blog-post-content\">1 Angaben zu den Personen, die F\u00fchrungsaufgaben wahrnehmen, sowie zu den in enger Beziehung zu ihnen stehenden Personen a) Name Wegerich UG 2 Grund der Meldung a) \u2026<\/p>\t\t <\/div>\n\t\t \t\t\t\t\t\n\t\t\t\t<\/div>\n\t\t\t<\/div>\n\t\t<\/div>\n\n\t\t\t\t<div class=\"premium-blog-post-outer-container\" data-total=\"7\">\n\t\t\t<div class=\"premium-blog-post-container premium-blog-skin-classic\">\n\t\t\t\t\t\t\t\t\t\t\t\t<div class=\"premium-blog-content-wrapper empty-thumb\">\n\n\t\t\t\t\t<div class=\"premium-blog-inner-container\">\n\n\t\t\t\t\t\t\t\t\t\t\t\t\t\t<h2 class=\"premium-blog-entry-title\">\n\t\t\t<a href=\"https:\/\/nakikifinance.com\/fr\/mitteilung-ueber-eigengeschaefte-von-fuehrungskraeften-gemaess-artikel-19-marnakiki-se-veroeff\/\" target=\"_self\">\n\t\t\t\tMitteilung \u00fcber Eigengesch\u00e4fte von F\u00fchrungskr\u00e4ften gem\u00e4\u00df Artikel 19 MAR\t\t\t<\/a>\n\t\t<\/h2>\n\t\t\t\t<div class=\"premium-blog-entry-meta\">\n\t\t\t\n\t\t\t\t\t\t\t<span class=\"premium-blog-meta-separator\">-<\/span>\n\t\t\t\t<div class=\"premium-blog-post-time premium-blog-meta-data\">\n\t\t\t\t\t<i class=\"fa fa-calendar-alt\" aria-hidden=\"true\"><\/i>\n\t\t\t\t\t<span>4. juillet 2025<\/span>\n\t\t\t\t<\/div>\n\t\t\t\n\t\t\t\t\t\t\t<span class=\"premium-blog-meta-separator\">-<\/span>\n\t\t\t\t<div class=\"premium-blog-post-categories premium-blog-meta-data\">\n\t\t\t\t\t<i class=\"fa fa-align-left fa-fw\" aria-hidden=\"true\"><\/i>\n\t\t\t\t\t<a href=\"https:\/\/nakikifinance.com\/fr\/category\/sonstiges\/\" rel=\"category tag\">Autres<\/a>\t\t\t\t<\/div>\n\t\t\t\n\t\t\t\t\t<\/div>\n\t\t\n\t\t\t\t\t<\/div>\n\n\t\t\t\t\t\t\t<div class=\"premium-blob-content-inner-wrapper\">\n\t\t<p class=\"premium-blog-post-content\">1 Angaben zu den Personen, die F\u00fchrungsaufgaben wahrnehmen, sowie zu den in enger Beziehung zu ihnen stehenden Personen a) Name Andreas Wegerich&nbsp; 2 Grund der Meldung a) \u2026<\/p>\t\t <\/div>\n\t\t \t\t\t\t\t\n\t\t\t\t<\/div>\n\t\t\t<\/div>\n\t\t<\/div>\n\n\t\t\t\t<div class=\"premium-blog-post-outer-container\" data-total=\"7\">\n\t\t\t<div class=\"premium-blog-post-container premium-blog-skin-classic\">\n\t\t\t\t\t\t\t\t\t\t\t\t<div class=\"premium-blog-content-wrapper empty-thumb\">\n\n\t\t\t\t\t<div class=\"premium-blog-inner-container\">\n\n\t\t\t\t\t\t\t\t\t\t\t\t\t\t<h2 class=\"premium-blog-entry-title\">\n\t\t\t<a href=\"https:\/\/nakikifinance.com\/fr\/mitteilung-ueber-eigengeschaefte-von-fuehrungskraeften-gemaess-artikel-19-mar-2\/\" target=\"_self\">\n\t\t\t\tMitteilung \u00fcber Eigengesch\u00e4fte von F\u00fchrungskr\u00e4ften gem\u00e4\u00df Artikel 19 MAR\t\t\t<\/a>\n\t\t<\/h2>\n\t\t\t\t<div class=\"premium-blog-entry-meta\">\n\t\t\t\n\t\t\t\t\t\t\t<span class=\"premium-blog-meta-separator\">-<\/span>\n\t\t\t\t<div class=\"premium-blog-post-time premium-blog-meta-data\">\n\t\t\t\t\t<i class=\"fa fa-calendar-alt\" aria-hidden=\"true\"><\/i>\n\t\t\t\t\t<span>12. mai 2025<\/span>\n\t\t\t\t<\/div>\n\t\t\t\n\t\t\t\t\t\t\t<span class=\"premium-blog-meta-separator\">-<\/span>\n\t\t\t\t<div class=\"premium-blog-post-categories premium-blog-meta-data\">\n\t\t\t\t\t<i class=\"fa fa-align-left fa-fw\" aria-hidden=\"true\"><\/i>\n\t\t\t\t\t<a href=\"https:\/\/nakikifinance.com\/fr\/category\/sonstiges\/\" rel=\"category tag\">Autres<\/a>\t\t\t\t<\/div>\n\t\t\t\n\t\t\t\t\t<\/div>\n\t\t\n\t\t\t\t\t<\/div>\n\n\t\t\t\t\t\t\t<div class=\"premium-blob-content-inner-wrapper\">\n\t\t<p class=\"premium-blog-post-content\">Angaben zu den Personen, die F\u00fchrungsaufgaben wahrnehmen, sowie zu den in enger Beziehung zu ihnen stehenden Personen a) Name Andreas Wegerich&nbsp; 2 Grund der Meldung a) Position\/Status \u2026<\/p>\t\t <\/div>\n\t\t \t\t\t\t\t\n\t\t\t\t<\/div>\n\t\t\t<\/div>\n\t\t<\/div>\n\n\t\t\t\t<div class=\"premium-blog-post-outer-container\" data-total=\"7\">\n\t\t\t<div class=\"premium-blog-post-container premium-blog-skin-classic\">\n\t\t\t\t\t\t\t\t\t\t\t\t<div class=\"premium-blog-content-wrapper empty-thumb\">\n\n\t\t\t\t\t<div class=\"premium-blog-inner-container\">\n\n\t\t\t\t\t\t\t\t\t\t\t\t\t\t<h2 class=\"premium-blog-entry-title\">\n\t\t\t<a href=\"https:\/\/nakikifinance.com\/fr\/mitteilung-ueber-eigengeschaefte-von-fuehrungskraeften-gemaess-artikel-19-mar\/\" target=\"_self\">\n\t\t\t\tMitteilung \u00fcber Eigengesch\u00e4fte von F\u00fchrungskr\u00e4ften gem\u00e4\u00df Artikel 19 MAR\t\t\t<\/a>\n\t\t<\/h2>\n\t\t\t\t<div class=\"premium-blog-entry-meta\">\n\t\t\t\n\t\t\t\t\t\t\t<span class=\"premium-blog-meta-separator\">-<\/span>\n\t\t\t\t<div class=\"premium-blog-post-time premium-blog-meta-data\">\n\t\t\t\t\t<i class=\"fa fa-calendar-alt\" aria-hidden=\"true\"><\/i>\n\t\t\t\t\t<span>30. avril 2025<\/span>\n\t\t\t\t<\/div>\n\t\t\t\n\t\t\t\t\t\t\t<span class=\"premium-blog-meta-separator\">-<\/span>\n\t\t\t\t<div class=\"premium-blog-post-categories premium-blog-meta-data\">\n\t\t\t\t\t<i class=\"fa fa-align-left fa-fw\" aria-hidden=\"true\"><\/i>\n\t\t\t\t\t<a href=\"https:\/\/nakikifinance.com\/fr\/category\/sonstiges\/\" rel=\"category tag\">Autres<\/a>\t\t\t\t<\/div>\n\t\t\t\n\t\t\t\t\t<\/div>\n\t\t\n\t\t\t\t\t<\/div>\n\n\t\t\t\t\t\t\t<div class=\"premium-blob-content-inner-wrapper\">\n\t\t<p class=\"premium-blog-post-content\">1 Angaben zu den Personen, die F\u00fchrungsaufgaben wahrnehmen, sowie zu den in enger Beziehung zu ihnen stehenden Personen a) Name Andreas Wegerich&nbsp; 2 Grund der Meldung a) \u2026<\/p>\t\t <\/div>\n\t\t \t\t\t\t\t\n\t\t\t\t<\/div>\n\t\t\t<\/div>\n\t\t<\/div>\n\n\t\t\t\t<div class=\"premium-blog-post-outer-container\" data-total=\"7\">\n\t\t\t<div class=\"premium-blog-post-container premium-blog-skin-classic\">\n\t\t\t\t\t\t\t\t\t\t\t\t<div class=\"premium-blog-content-wrapper empty-thumb\">\n\n\t\t\t\t\t<div class=\"premium-blog-inner-container\">\n\n\t\t\t\t\t\t\t\t\t\t\t\t\t\t<h2 class=\"premium-blog-entry-title\">\n\t\t\t<a href=\"https:\/\/nakikifinance.com\/fr\/nakiki-se-veroeffentlichung-der-gesamtzahl-der-stimmrechte-nach-%c2%a7-41-wphg\/\" target=\"_self\">\n\t\t\t\tNakiki\u00a0SE: Ver\u00f6ffentlichung der Gesamtzahl der Stimmrechte nach \u00a7 41 WpHG\t\t\t<\/a>\n\t\t<\/h2>\n\t\t\t\t<div class=\"premium-blog-entry-meta\">\n\t\t\t\n\t\t\t\t\t\t\t<span class=\"premium-blog-meta-separator\">-<\/span>\n\t\t\t\t<div class=\"premium-blog-post-time premium-blog-meta-data\">\n\t\t\t\t\t<i class=\"fa fa-calendar-alt\" aria-hidden=\"true\"><\/i>\n\t\t\t\t\t<span>30. avril 2025<\/span>\n\t\t\t\t<\/div>\n\t\t\t\n\t\t\t\t\t\t\t<span class=\"premium-blog-meta-separator\">-<\/span>\n\t\t\t\t<div class=\"premium-blog-post-categories premium-blog-meta-data\">\n\t\t\t\t\t<i class=\"fa fa-align-left fa-fw\" aria-hidden=\"true\"><\/i>\n\t\t\t\t\t<a href=\"https:\/\/nakikifinance.com\/fr\/category\/sonstiges\/\" rel=\"category tag\">Autres<\/a>\t\t\t\t<\/div>\n\t\t\t\n\t\t\t\t\t<\/div>\n\t\t\n\t\t\t\t\t<\/div>\n\n\t\t\t\t\t\t\t<div class=\"premium-blob-content-inner-wrapper\">\n\t\t<p class=\"premium-blog-post-content\">1. EmittentNakiki&nbsp;SE, Hanauer Landstra\u00dfe 204, 60314 Frankfurt am Main, Deutschland 2. Art der Kapitalma\u00dfnahme oder sonstigen Ma\u00dfnahme Sonstige (Kapital-)Ma\u00dfnahme (\u00a7 41 Abs. 1 WpHG)Stand zum \/ Datum \u2026<\/p>\t\t <\/div>\n\t\t \t\t\t\t\t\n\t\t\t\t<\/div>\n\t\t\t<\/div>\n\t\t<\/div>\n\n\t\t\t\t<\/div>\r\n\r\n\t\t\t\t<div class=\"premium-blog-footer\">\r\n\t\t\t\t\t\t<nav class=\"premium-blog-pagination-container\" role=\"navigation\" aria-label=\"Pagination\">\n\t\t\t\t<span aria-current=\"page\" class=\"page-numbers current\">1<\/span>\n<a class=\"page-numbers\" href=\"https:\/\/nakikifinance.com\/fr\/wp-json\/wp\/v2\/pages\/862\/page\/2\/\">2<\/a>\n<a class=\"page-numbers\" href=\"https:\/\/nakikifinance.com\/fr\/wp-json\/wp\/v2\/pages\/862\/page\/3\/\">3<\/a>\n<span class=\"page-numbers dots\">...<\/span>\n<a class=\"page-numbers\" href=\"https:\/\/nakikifinance.com\/fr\/wp-json\/wp\/v2\/pages\/862\/page\/5\/\">5<\/a>\t\t\t<\/nav>\n\t\t\t\t\t<\/div>\r\n\t\t\t\t\t<\/div>\n\t\t\t\t<\/div>\n\t\t\t\t\t<\/div>\n\t\t<\/div>\n\t\t\t\t\t<\/div>\n\t\t<\/section>\n\t\t\t\t<\/div>","protected":false},"excerpt":{"rendered":"<p>Nakiki SE: Ver\u00f6ffentlichung gem\u00e4\u00df \u00a7 40 Abs. 1 WpHG mit dem Ziel der europaweiten Verbreitung \u2022 27. M\u00e4rz 2024 \u2022 Sonstiges Stimmrechtsmitteilung 1. Angaben zum Emittenten Name: Nakiki SE Stra\u00dfe, Hausnr.: Johnsallee 30 PLZ: 20148 Ort: Hamburg Legal Entity Identifier (LEI): 391200QX3JB9AM3VJG21 2. Grund der Mitteilung X Erwerb \u2026 Nakiki SE: Ver\u00f6ffentlichung gem\u00e4\u00df \u00a7 40 [&hellip;]<\/p>","protected":false},"author":1,"featured_media":0,"parent":0,"menu_order":0,"comment_status":"closed","ping_status":"closed","template":"","meta":{"footnotes":""},"yoast_head":"<!-- This site is optimized with the Yoast SEO plugin v20.9 - https:\/\/yoast.com\/wordpress\/plugins\/seo\/ -->\n<title>Pflichtmeldungen - Nakiki SE - Bitcoin Treasury<\/title>\n<meta name=\"robots\" content=\"index, follow, max-snippet:-1, max-image-preview:large, max-video-preview:-1\" \/>\n<link rel=\"canonical\" href=\"https:\/\/nakikifinance.com\/fr\/pflichtmeldungen\/\" \/>\n<meta property=\"og:locale\" content=\"fr_CA\" \/>\n<meta property=\"og:type\" content=\"article\" \/>\n<meta property=\"og:title\" content=\"Pflichtmeldungen - Nakiki SE - Bitcoin Treasury\" \/>\n<meta property=\"og:description\" content=\"Nakiki SE: Ver\u00f6ffentlichung gem\u00e4\u00df \u00a7 40 Abs. 1 WpHG mit dem Ziel der europaweiten Verbreitung \u2022 27. M\u00e4rz 2024 \u2022 Sonstiges Stimmrechtsmitteilung 1. Angaben zum Emittenten Name: Nakiki SE Stra\u00dfe, Hausnr.: Johnsallee 30 PLZ: 20148 Ort: Hamburg Legal Entity Identifier (LEI): 391200QX3JB9AM3VJG21 2. Grund der Mitteilung X Erwerb \u2026 Nakiki SE: Ver\u00f6ffentlichung gem\u00e4\u00df \u00a7 40 [&hellip;]\" \/>\n<meta property=\"og:url\" content=\"https:\/\/nakikifinance.com\/fr\/pflichtmeldungen\/\" \/>\n<meta property=\"og:site_name\" content=\"Nakiki SE - Bitcoin Treasury\" \/>\n<meta property=\"article:modified_time\" content=\"2025-08-11T11:50:39+00:00\" \/>\n<meta name=\"twitter:card\" content=\"summary_large_image\" \/>\n<meta name=\"twitter:label1\" content=\"Estimation du temps de lecture\" \/>\n\t<meta name=\"twitter:data1\" content=\"2 minutes\" \/>\n<script type=\"application\/ld+json\" class=\"yoast-schema-graph\">{\"@context\":\"https:\/\/schema.org\",\"@graph\":[{\"@type\":\"WebPage\",\"@id\":\"https:\/\/nakikifinance.com\/pflichtmeldungen\/\",\"url\":\"https:\/\/nakikifinance.com\/pflichtmeldungen\/\",\"name\":\"Pflichtmeldungen - Nakiki SE - Bitcoin Treasury\",\"isPartOf\":{\"@id\":\"https:\/\/nakikifinance.com\/#website\"},\"datePublished\":\"2024-04-18T08:40:42+00:00\",\"dateModified\":\"2025-08-11T11:50:39+00:00\",\"breadcrumb\":{\"@id\":\"https:\/\/nakikifinance.com\/pflichtmeldungen\/#breadcrumb\"},\"inLanguage\":\"fr-CA\",\"potentialAction\":[{\"@type\":\"ReadAction\",\"target\":[\"https:\/\/nakikifinance.com\/pflichtmeldungen\/\"]}]},{\"@type\":\"BreadcrumbList\",\"@id\":\"https:\/\/nakikifinance.com\/pflichtmeldungen\/#breadcrumb\",\"itemListElement\":[{\"@type\":\"ListItem\",\"position\":1,\"name\":\"Startseite\",\"item\":\"https:\/\/nakikifinance.com\/\"},{\"@type\":\"ListItem\",\"position\":2,\"name\":\"Pflichtmeldungen\"}]},{\"@type\":\"WebSite\",\"@id\":\"https:\/\/nakikifinance.com\/#website\",\"url\":\"https:\/\/nakikifinance.com\/\",\"name\":\"LF Legal Finance SE Frankfurt\",\"description\":\"Nakiki SE\",\"publisher\":{\"@id\":\"https:\/\/nakikifinance.com\/#organization\"},\"potentialAction\":[{\"@type\":\"SearchAction\",\"target\":{\"@type\":\"EntryPoint\",\"urlTemplate\":\"https:\/\/nakikifinance.com\/?s={search_term_string}\"},\"query-input\":\"required name=search_term_string\"}],\"inLanguage\":\"fr-CA\"},{\"@type\":\"Organization\",\"@id\":\"https:\/\/nakikifinance.com\/#organization\",\"name\":\"LF Legal Finance SE\",\"url\":\"https:\/\/nakikifinance.com\/\",\"logo\":{\"@type\":\"ImageObject\",\"inLanguage\":\"fr-CA\",\"@id\":\"https:\/\/nakikifinance.com\/#\/schema\/logo\/image\/\",\"url\":\"http:\/\/nakikifinance.com\/wp-content\/uploads\/2023\/06\/legal-finance-international.jpg\",\"contentUrl\":\"http:\/\/nakikifinance.com\/wp-content\/uploads\/2023\/06\/legal-finance-international.jpg\",\"width\":842,\"height\":131,\"caption\":\"LF Legal Finance SE\"},\"image\":{\"@id\":\"https:\/\/nakikifinance.com\/#\/schema\/logo\/image\/\"}}]}<\/script>\n<!-- \/ Yoast SEO plugin. -->","yoast_head_json":{"title":"Pflichtmeldungen - Nakiki SE - Bitcoin Treasury","robots":{"index":"index","follow":"follow","max-snippet":"max-snippet:-1","max-image-preview":"max-image-preview:large","max-video-preview":"max-video-preview:-1"},"canonical":"https:\/\/nakikifinance.com\/fr\/pflichtmeldungen\/","og_locale":"fr_CA","og_type":"article","og_title":"Pflichtmeldungen - Nakiki SE - Bitcoin Treasury","og_description":"Nakiki SE: Ver\u00f6ffentlichung gem\u00e4\u00df \u00a7 40 Abs. 1 WpHG mit dem Ziel der europaweiten Verbreitung \u2022 27. M\u00e4rz 2024 \u2022 Sonstiges Stimmrechtsmitteilung 1. Angaben zum Emittenten Name: Nakiki SE Stra\u00dfe, Hausnr.: Johnsallee 30 PLZ: 20148 Ort: Hamburg Legal Entity Identifier (LEI): 391200QX3JB9AM3VJG21 2. Grund der Mitteilung X Erwerb \u2026 Nakiki SE: Ver\u00f6ffentlichung gem\u00e4\u00df \u00a7 40 [&hellip;]","og_url":"https:\/\/nakikifinance.com\/fr\/pflichtmeldungen\/","og_site_name":"Nakiki SE - Bitcoin Treasury","article_modified_time":"2025-08-11T11:50:39+00:00","twitter_card":"summary_large_image","twitter_misc":{"Estimation du temps de lecture":"2 minutes"},"schema":{"@context":"https:\/\/schema.org","@graph":[{"@type":"WebPage","@id":"https:\/\/nakikifinance.com\/pflichtmeldungen\/","url":"https:\/\/nakikifinance.com\/pflichtmeldungen\/","name":"Pflichtmeldungen - Nakiki SE - Bitcoin Treasury","isPartOf":{"@id":"https:\/\/nakikifinance.com\/#website"},"datePublished":"2024-04-18T08:40:42+00:00","dateModified":"2025-08-11T11:50:39+00:00","breadcrumb":{"@id":"https:\/\/nakikifinance.com\/pflichtmeldungen\/#breadcrumb"},"inLanguage":"fr-CA","potentialAction":[{"@type":"ReadAction","target":["https:\/\/nakikifinance.com\/pflichtmeldungen\/"]}]},{"@type":"BreadcrumbList","@id":"https:\/\/nakikifinance.com\/pflichtmeldungen\/#breadcrumb","itemListElement":[{"@type":"ListItem","position":1,"name":"Startseite","item":"https:\/\/nakikifinance.com\/"},{"@type":"ListItem","position":2,"name":"Pflichtmeldungen"}]},{"@type":"WebSite","@id":"https:\/\/nakikifinance.com\/#website","url":"https:\/\/nakikifinance.com\/","name":"LF Legal Finance SE Francfort","description":"Nakiki SE","publisher":{"@id":"https:\/\/nakikifinance.com\/#organization"},"potentialAction":[{"@type":"SearchAction","target":{"@type":"EntryPoint","urlTemplate":"https:\/\/nakikifinance.com\/?s={search_term_string}"},"query-input":"required name=search_term_string"}],"inLanguage":"fr-CA"},{"@type":"Organization","@id":"https:\/\/nakikifinance.com\/#organization","name":"LF Legal Finance SE","url":"https:\/\/nakikifinance.com\/","logo":{"@type":"ImageObject","inLanguage":"fr-CA","@id":"https:\/\/nakikifinance.com\/#\/schema\/logo\/image\/","url":"http:\/\/nakikifinance.com\/wp-content\/uploads\/2023\/06\/legal-finance-international.jpg","contentUrl":"http:\/\/nakikifinance.com\/wp-content\/uploads\/2023\/06\/legal-finance-international.jpg","width":842,"height":131,"caption":"LF Legal Finance SE"},"image":{"@id":"https:\/\/nakikifinance.com\/#\/schema\/logo\/image\/"}}]}},"_links":{"self":[{"href":"https:\/\/nakikifinance.com\/fr\/wp-json\/wp\/v2\/pages\/862"}],"collection":[{"href":"https:\/\/nakikifinance.com\/fr\/wp-json\/wp\/v2\/pages"}],"about":[{"href":"https:\/\/nakikifinance.com\/fr\/wp-json\/wp\/v2\/types\/page"}],"author":[{"embeddable":true,"href":"https:\/\/nakikifinance.com\/fr\/wp-json\/wp\/v2\/users\/1"}],"replies":[{"embeddable":true,"href":"https:\/\/nakikifinance.com\/fr\/wp-json\/wp\/v2\/comments?post=862"}],"version-history":[{"count":7,"href":"https:\/\/nakikifinance.com\/fr\/wp-json\/wp\/v2\/pages\/862\/revisions"}],"predecessor-version":[{"id":1585,"href":"https:\/\/nakikifinance.com\/fr\/wp-json\/wp\/v2\/pages\/862\/revisions\/1585"}],"wp:attachment":[{"href":"https:\/\/nakikifinance.com\/fr\/wp-json\/wp\/v2\/media?parent=862"}],"curies":[{"name":"wp","href":"https:\/\/api.w.org\/{rel}","templated":true}]}}