{"id":46,"date":"2023-06-23T10:22:11","date_gmt":"2023-06-23T08:22:11","guid":{"rendered":"https:\/\/nakikifinance.com\/?page_id=46"},"modified":"2025-10-07T19:14:31","modified_gmt":"2025-10-07T17:14:31","slug":"kontakt","status":"publish","type":"page","link":"https:\/\/nakikifinance.com\/fr\/kontakt\/","title":{"rendered":"Contact"},"content":{"rendered":"<p>N'h\u00e9sitez pas \u00e0 nous envoyer un e-mail avec vos questions<a href=\"mailto:info@nakikifinance.com\">info@nakikifinance.com<\/a>), ou appelez-nous : <strong>069 87 00 764 30<\/strong>. Ou \u00e9crivez-nous directement en utilisant ce formulaire :<\/p>\n\n\n<style id=\"wpforms-css-vars-155-block-96ed01b5-4f55-4c9c-8118-a16c0449a42e\">\n\t\t\t\t#wpforms-155.wpforms-block-96ed01b5-4f55-4c9c-8118-a16c0449a42e {\n\t\t\t\t--wpforms-field-size-input-height: 43px;\n--wpforms-field-size-input-spacing: 15px;\n--wpforms-field-size-font-size: 16px;\n--wpforms-field-size-line-height: 19px;\n--wpforms-field-size-padding-h: 14px;\n--wpforms-field-size-checkbox-size: 16px;\n--wpforms-field-size-sublabel-spacing: 5px;\n--wpforms-field-size-icon-size: 1;\n--wpforms-label-size-font-size: 16px;\n--wpforms-label-size-line-height: 19px;\n--wpforms-label-size-sublabel-font-size: 14px;\n--wpforms-label-size-sublabel-line-height: 17px;\n--wpforms-button-size-font-size: 17px;\n--wpforms-button-size-height: 41px;\n--wpforms-button-size-padding-h: 15px;\n--wpforms-button-size-margin-top: 10px;\n\t\t\t}\n\t\t\t<\/style><div class=\"wpforms-container wpforms-container-full wpforms-block wpforms-block-96ed01b5-4f55-4c9c-8118-a16c0449a42e wpforms-render-modern\" id=\"wpforms-155\"><form id=\"wpforms-form-155\" class=\"wpforms-validate wpforms-form wpforms-ajax-form\" data-formid=\"155\" method=\"post\" enctype=\"multipart\/form-data\" action=\"\/fr\/wp-json\/wp\/v2\/pages\/46\" data-token=\"2b893ceb7fad4ee104c402826c34acfd\" data-token-time=\"1776368339\" data-trp-original-action=\"\/fr\/wp-json\/wp\/v2\/pages\/46\"><noscript class=\"wpforms-error-noscript\">Veuillez activer JavaScript dans votre navigateur pour compl\u00e9ter ce formulaire.<\/noscript><div id=\"wpforms-error-noscript\" style=\"display: none;\">Veuillez activer JavaScript dans votre navigateur pour compl\u00e9ter ce formulaire.<\/div><div class=\"wpforms-field-container\"><div id=\"wpforms-155-field_0-container\" class=\"wpforms-field wpforms-field-name\" data-field-id=\"0\"><fieldset><legend class=\"wpforms-field-label\">Nom <span class=\"wpforms-required-label\" aria-hidden=\"true\">*<\/span><\/legend><div class=\"wpforms-field-row wpforms-field-medium\"><div class=\"wpforms-field-row-block wpforms-first wpforms-one-half\"><input type=\"text\" id=\"wpforms-155-field_0\" class=\"wpforms-field-name-first wpforms-field-required\" name=\"wpforms[fields][0][first]\" aria-errormessage=\"wpforms-155-field_0-error\" required><label for=\"wpforms-155-field_0\" class=\"wpforms-field-sublabel after\">First<\/label><\/div><div class=\"wpforms-field-row-block wpforms-one-half\"><input type=\"text\" id=\"wpforms-155-field_0-last\" class=\"wpforms-field-name-last wpforms-field-required\" name=\"wpforms[fields][0][last]\" aria-errormessage=\"wpforms-155-field_0-last-error\" required><label for=\"wpforms-155-field_0-last\" class=\"wpforms-field-sublabel after\">Dernier<\/label><\/div><\/div><\/fieldset><\/div><div id=\"wpforms-155-field_1-container\" class=\"wpforms-field wpforms-field-email\" data-field-id=\"1\"><label class=\"wpforms-field-label\" for=\"wpforms-155-field_1\">Courrier \u00e9lectronique <span class=\"wpforms-required-label\" aria-hidden=\"true\">*<\/span><\/label><input type=\"email\" id=\"wpforms-155-field_1\" class=\"wpforms-field-medium wpforms-field-required\" name=\"wpforms[fields][1]\" spellcheck=\"false\" aria-errormessage=\"wpforms-155-field_1-error\" required><\/div><div id=\"wpforms-155-field_3-container\" class=\"wpforms-field wpforms-field-text\" data-field-id=\"3\"><label class=\"wpforms-field-label\" for=\"wpforms-155-field_3\">T\u00e9l\u00e9phone<\/label><input type=\"text\" id=\"wpforms-155-field_3\" class=\"wpforms-field-medium\" name=\"wpforms[fields][3]\" aria-errormessage=\"wpforms-155-field_3-error\" ><\/div><div id=\"wpforms-155-field_2-container\" class=\"wpforms-field wpforms-field-textarea\" data-field-id=\"2\"><label class=\"wpforms-field-label\" for=\"wpforms-155-field_2\">Message<\/label><textarea id=\"wpforms-155-field_2\" class=\"wpforms-field-medium\" name=\"wpforms[fields][2]\" aria-errormessage=\"wpforms-155-field_2-error\" ><\/textarea><\/div><\/div><!-- .wpforms-field-container --><div class=\"wpforms-recaptcha-container wpforms-is-recaptcha wpforms-is-recaptcha-type-v2\" ><div class=\"g-recaptcha\" data-sitekey=\"6LfdHMMpAAAAABgZBWI7jRxcaMHXgSuNQGvyuaCQ\"><\/div><input type=\"text\" name=\"g-recaptcha-hidden\" class=\"wpforms-recaptcha-hidden\" style=\"position:absolute!important;clip:rect(0,0,0,0)!important;height:1px!important;width:1px!important;border:0!important;overflow:hidden!important;padding:0!important;margin:0!important;\" data-rule-recaptcha=\"1\"><\/div><div class=\"wpforms-submit-container\" ><input type=\"hidden\" name=\"wpforms[id]\" value=\"155\"><input type=\"hidden\" name=\"page_title\" value=\"\"><input type=\"hidden\" name=\"page_url\" value=\"https:\/\/nakikifinance.com\/fr\/wp-json\/wp\/v2\/pages\/46\"><input type=\"hidden\" name=\"url_referer\" value=\"\"><button type=\"submit\" name=\"wpforms[submit]\" id=\"wpforms-submit-155\" class=\"wpforms-submit\" data-alt-text=\"Senden\u2026\" data-submit-text=\"Absenden\" aria-live=\"assertive\" value=\"wpforms-submit\">Envoyer<\/button><img decoding=\"async\" src=\"https:\/\/nakikifinance.com\/wp-content\/plugins\/wpforms-lite\/assets\/images\/submit-spin.svg\" class=\"wpforms-submit-spinner\" style=\"display: none;\" width=\"26\" height=\"26\" alt=\"Chargement\"><\/div><input type=\"hidden\" name=\"trp-form-language\" value=\"fr\"\/><\/form><\/div>  <!-- .wpforms-container -->\n\n\n<figure class=\"wp-block-table is-style-stripes\"><table><tbody><tr><td><strong>Nakiki SE<\/strong><br>204, rue Hanauer Landstra\u00dfe<br>60314 Francfort-sur-le-Main<\/td><td><strong>Legal Finance SE<\/strong><br>204, rue Hanauer Landstra\u00dfe<br>60314 Francfort-sur-le-Main<\/td><\/tr><tr><td>T\u00e9l. : +49 69 8700184-10<\/td><td>T\u00e9l. : +49 69 8700184-10<\/td><\/tr><tr><td><a href=\"mailto:info@nakikifinance.com\">info@nakikifinance.com<\/a><\/td><td><a href=\"mailto:info@legalfinance.online\">info@legalfinance.online<\/a><\/td><\/tr><tr><td><\/td><td><\/td><\/tr><tr><td><strong>Legal Finance International GmbH<\/strong><br>Rue de l'exp\u00e9dition 15a<br>40221 D\u00fcsseldorf<\/td><td><\/td><\/tr><tr><td>T\u00e9l. : +49 211 384 582 6574<br>T\u00e9l\u00e9copieur : +49 211 384 582 6574<\/td><td><\/td><\/tr><tr><td><a href=\"mailto:info@legalfinance.international\">info@legalfinance.international<\/a><\/td><td><\/td><\/tr><\/tbody><\/table><\/figure>\n\n\n\n<p><\/p>\n\n\n\n<p>Vous nous trouverez ici :<\/p>\n\n\n\n<div class=\"wp-block-webfactory-map\"><div class=\"wp-block-webfactory-map\"><iframe title=\"Carte\" width=\"100%\" height=\"478px\" src=\"https:\/\/www.google.com\/maps\/embed\/v1\/place?q=Legal%20Finance%20SE&amp;maptype=roadmap&amp;zoom=15&amp;key=AIzaSyB6h8OFob4OrcAbuDwQXu_SiLDfLyl_9KE\" frameborder=\"0\"><\/iframe><\/div><\/div>","protected":false},"excerpt":{"rendered":"<p>Richten Sie Ihre Fragen gern per E-Mail an uns (info@nakikifinance.com), oder rufen Sie uns an: 069 87 00 764 30. Oder schreiben Sie uns direkt mit diesem Formular: Nakiki SEHanauer Landstra\u00dfe 20460314 Frankfurt am Main Legal Finance SEHanauer Landstra\u00dfe 20460314 Frankfurt am Main Tel.: +49 69 8700184-10 Tel.: +49 69 8700184-10 info@nakikifinance.com info@legalfinance.online Legal Finance [&hellip;]<\/p>","protected":false},"author":1,"featured_media":0,"parent":0,"menu_order":0,"comment_status":"closed","ping_status":"closed","template":"","meta":{"footnotes":""},"yoast_head":"<!-- This site is optimized with the Yoast SEO plugin v20.9 - https:\/\/yoast.com\/wordpress\/plugins\/seo\/ -->\n<title>Kontakt - Nakiki SE - Bitcoin Treasury<\/title>\n<meta name=\"robots\" content=\"index, follow, max-snippet:-1, max-image-preview:large, max-video-preview:-1\" \/>\n<link rel=\"canonical\" href=\"https:\/\/nakikifinance.com\/fr\/kontakt\/\" \/>\n<meta property=\"og:locale\" content=\"fr_CA\" \/>\n<meta property=\"og:type\" content=\"article\" \/>\n<meta property=\"og:title\" content=\"Kontakt - Nakiki SE - Bitcoin Treasury\" \/>\n<meta property=\"og:description\" content=\"Richten Sie Ihre Fragen gern per E-Mail an uns (info@nakikifinance.com), oder rufen Sie uns an: 069 87 00 764 30. Oder schreiben Sie uns direkt mit diesem Formular: Nakiki SEHanauer Landstra\u00dfe 20460314 Frankfurt am Main Legal Finance SEHanauer Landstra\u00dfe 20460314 Frankfurt am Main Tel.: +49 69 8700184-10 Tel.: +49 69 8700184-10 info@nakikifinance.com info@legalfinance.online Legal Finance [&hellip;]\" \/>\n<meta property=\"og:url\" content=\"https:\/\/nakikifinance.com\/fr\/kontakt\/\" \/>\n<meta property=\"og:site_name\" content=\"Nakiki SE - Bitcoin Treasury\" \/>\n<meta property=\"article:modified_time\" content=\"2025-10-07T17:14:31+00:00\" \/>\n<meta name=\"twitter:card\" content=\"summary_large_image\" \/>\n<meta name=\"twitter:label1\" content=\"Estimation du temps de lecture\" \/>\n\t<meta name=\"twitter:data1\" content=\"1 minute\" \/>\n<script type=\"application\/ld+json\" class=\"yoast-schema-graph\">{\"@context\":\"https:\/\/schema.org\",\"@graph\":[{\"@type\":\"WebPage\",\"@id\":\"https:\/\/nakikifinance.com\/kontakt\/\",\"url\":\"https:\/\/nakikifinance.com\/kontakt\/\",\"name\":\"Kontakt - Nakiki SE - Bitcoin Treasury\",\"isPartOf\":{\"@id\":\"https:\/\/nakikifinance.com\/#website\"},\"datePublished\":\"2023-06-23T08:22:11+00:00\",\"dateModified\":\"2025-10-07T17:14:31+00:00\",\"breadcrumb\":{\"@id\":\"https:\/\/nakikifinance.com\/kontakt\/#breadcrumb\"},\"inLanguage\":\"fr-CA\",\"potentialAction\":[{\"@type\":\"ReadAction\",\"target\":[\"https:\/\/nakikifinance.com\/kontakt\/\"]}]},{\"@type\":\"BreadcrumbList\",\"@id\":\"https:\/\/nakikifinance.com\/kontakt\/#breadcrumb\",\"itemListElement\":[{\"@type\":\"ListItem\",\"position\":1,\"name\":\"Startseite\",\"item\":\"https:\/\/nakikifinance.com\/\"},{\"@type\":\"ListItem\",\"position\":2,\"name\":\"Kontakt\"}]},{\"@type\":\"WebSite\",\"@id\":\"https:\/\/nakikifinance.com\/#website\",\"url\":\"https:\/\/nakikifinance.com\/\",\"name\":\"LF Legal Finance SE Frankfurt\",\"description\":\"Nakiki SE\",\"publisher\":{\"@id\":\"https:\/\/nakikifinance.com\/#organization\"},\"potentialAction\":[{\"@type\":\"SearchAction\",\"target\":{\"@type\":\"EntryPoint\",\"urlTemplate\":\"https:\/\/nakikifinance.com\/?s={search_term_string}\"},\"query-input\":\"required name=search_term_string\"}],\"inLanguage\":\"fr-CA\"},{\"@type\":\"Organization\",\"@id\":\"https:\/\/nakikifinance.com\/#organization\",\"name\":\"LF Legal Finance SE\",\"url\":\"https:\/\/nakikifinance.com\/\",\"logo\":{\"@type\":\"ImageObject\",\"inLanguage\":\"fr-CA\",\"@id\":\"https:\/\/nakikifinance.com\/#\/schema\/logo\/image\/\",\"url\":\"http:\/\/nakikifinance.com\/wp-content\/uploads\/2023\/06\/legal-finance-international.jpg\",\"contentUrl\":\"http:\/\/nakikifinance.com\/wp-content\/uploads\/2023\/06\/legal-finance-international.jpg\",\"width\":842,\"height\":131,\"caption\":\"LF Legal Finance SE\"},\"image\":{\"@id\":\"https:\/\/nakikifinance.com\/#\/schema\/logo\/image\/\"}}]}<\/script>\n<!-- \/ Yoast SEO plugin. -->","yoast_head_json":{"title":"Kontakt - Nakiki SE - Bitcoin Treasury","robots":{"index":"index","follow":"follow","max-snippet":"max-snippet:-1","max-image-preview":"max-image-preview:large","max-video-preview":"max-video-preview:-1"},"canonical":"https:\/\/nakikifinance.com\/fr\/kontakt\/","og_locale":"fr_CA","og_type":"article","og_title":"Kontakt - Nakiki SE - Bitcoin Treasury","og_description":"Richten Sie Ihre Fragen gern per E-Mail an uns (info@nakikifinance.com), oder rufen Sie uns an: 069 87 00 764 30. Oder schreiben Sie uns direkt mit diesem Formular: Nakiki SEHanauer Landstra\u00dfe 20460314 Frankfurt am Main Legal Finance SEHanauer Landstra\u00dfe 20460314 Frankfurt am Main Tel.: +49 69 8700184-10 Tel.: +49 69 8700184-10 info@nakikifinance.com info@legalfinance.online Legal Finance [&hellip;]","og_url":"https:\/\/nakikifinance.com\/fr\/kontakt\/","og_site_name":"Nakiki SE - Bitcoin Treasury","article_modified_time":"2025-10-07T17:14:31+00:00","twitter_card":"summary_large_image","twitter_misc":{"Estimation du temps de lecture":"1 minute"},"schema":{"@context":"https:\/\/schema.org","@graph":[{"@type":"WebPage","@id":"https:\/\/nakikifinance.com\/kontakt\/","url":"https:\/\/nakikifinance.com\/kontakt\/","name":"Kontakt - Nakiki SE - Bitcoin Treasury","isPartOf":{"@id":"https:\/\/nakikifinance.com\/#website"},"datePublished":"2023-06-23T08:22:11+00:00","dateModified":"2025-10-07T17:14:31+00:00","breadcrumb":{"@id":"https:\/\/nakikifinance.com\/kontakt\/#breadcrumb"},"inLanguage":"fr-CA","potentialAction":[{"@type":"ReadAction","target":["https:\/\/nakikifinance.com\/kontakt\/"]}]},{"@type":"BreadcrumbList","@id":"https:\/\/nakikifinance.com\/kontakt\/#breadcrumb","itemListElement":[{"@type":"ListItem","position":1,"name":"Startseite","item":"https:\/\/nakikifinance.com\/"},{"@type":"ListItem","position":2,"name":"Kontakt"}]},{"@type":"WebSite","@id":"https:\/\/nakikifinance.com\/#website","url":"https:\/\/nakikifinance.com\/","name":"LF Legal Finance SE Francfort","description":"Nakiki SE","publisher":{"@id":"https:\/\/nakikifinance.com\/#organization"},"potentialAction":[{"@type":"SearchAction","target":{"@type":"EntryPoint","urlTemplate":"https:\/\/nakikifinance.com\/?s={search_term_string}"},"query-input":"required name=search_term_string"}],"inLanguage":"fr-CA"},{"@type":"Organization","@id":"https:\/\/nakikifinance.com\/#organization","name":"LF Legal Finance SE","url":"https:\/\/nakikifinance.com\/","logo":{"@type":"ImageObject","inLanguage":"fr-CA","@id":"https:\/\/nakikifinance.com\/#\/schema\/logo\/image\/","url":"http:\/\/nakikifinance.com\/wp-content\/uploads\/2023\/06\/legal-finance-international.jpg","contentUrl":"http:\/\/nakikifinance.com\/wp-content\/uploads\/2023\/06\/legal-finance-international.jpg","width":842,"height":131,"caption":"LF Legal Finance SE"},"image":{"@id":"https:\/\/nakikifinance.com\/#\/schema\/logo\/image\/"}}]}},"_links":{"self":[{"href":"https:\/\/nakikifinance.com\/fr\/wp-json\/wp\/v2\/pages\/46"}],"collection":[{"href":"https:\/\/nakikifinance.com\/fr\/wp-json\/wp\/v2\/pages"}],"about":[{"href":"https:\/\/nakikifinance.com\/fr\/wp-json\/wp\/v2\/types\/page"}],"author":[{"embeddable":true,"href":"https:\/\/nakikifinance.com\/fr\/wp-json\/wp\/v2\/users\/1"}],"replies":[{"embeddable":true,"href":"https:\/\/nakikifinance.com\/fr\/wp-json\/wp\/v2\/comments?post=46"}],"version-history":[{"count":17,"href":"https:\/\/nakikifinance.com\/fr\/wp-json\/wp\/v2\/pages\/46\/revisions"}],"predecessor-version":[{"id":2874,"href":"https:\/\/nakikifinance.com\/fr\/wp-json\/wp\/v2\/pages\/46\/revisions\/2874"}],"wp:attachment":[{"href":"https:\/\/nakikifinance.com\/fr\/wp-json\/wp\/v2\/media?parent=46"}],"curies":[{"name":"wp","href":"https:\/\/api.w.org\/{rel}","templated":true}]}}