{"id":40,"date":"2023-06-23T10:19:54","date_gmt":"2023-06-23T08:19:54","guid":{"rendered":"https:\/\/nakikifinance.com\/?page_id=40"},"modified":"2025-11-28T10:04:48","modified_gmt":"2025-11-28T09:04:48","slug":"finanzkalender","status":"publish","type":"page","link":"https:\/\/nakikifinance.com\/fr\/finanzkalender\/","title":{"rendered":"Calendrier financier"},"content":{"rendered":"<p style=\"margin-top:0;margin-right:0;margin-bottom:var(--wp--preset--spacing--30);margin-left:0\">Hier finden Sie die aktuellen Termine der Nakiki SE. Treffen Sie uns gern auf einem der B\u00f6rsen-Events. Sie k\u00f6nnen uns bereits jetzt <a href=\"https:\/\/nakikifinance.com\/fr\/kontakt\/\" data-type=\"page\" data-id=\"46\">kontaktieren<\/a> und einen Termin mit uns vereinbaren.<\/p>\n\n\n\n<figure class=\"wp-block-table is-style-stripes\" style=\"margin-top:0;margin-right:0;margin-bottom:0;margin-left:0;padding-right:0;padding-left:0\"><table><tbody><tr><td>Dezember 2025<\/td><td>Konzern-Jahresabschluss 2024<\/td><\/tr><tr><td>Januar 2026<\/td><td>Assembl\u00e9e g\u00e9n\u00e9rale <\/td><\/tr><tr><td><\/td><td><\/td><\/tr><tr><td><\/td><td><\/td><\/tr><\/tbody><\/table><\/figure>","protected":false},"excerpt":{"rendered":"<p>Hier finden Sie die aktuellen Termine der Nakiki SE. Treffen Sie uns gern auf einem der B\u00f6rsen-Events. Sie k\u00f6nnen uns bereits jetzt kontaktieren und einen Termin mit uns vereinbaren. Dezember 2025 Konzern-Jahresabschluss 2024 Januar 2026 Hauptversammlung<\/p>","protected":false},"author":1,"featured_media":0,"parent":0,"menu_order":0,"comment_status":"closed","ping_status":"closed","template":"page~0","meta":{"footnotes":""},"yoast_head":"<!-- This site is optimized with the Yoast SEO plugin v20.9 - https:\/\/yoast.com\/wordpress\/plugins\/seo\/ -->\n<title>Finanzkalender - Nakiki SE - Bitcoin Treasury<\/title>\n<meta name=\"robots\" content=\"index, follow, max-snippet:-1, max-image-preview:large, max-video-preview:-1\" \/>\n<link rel=\"canonical\" href=\"https:\/\/nakikifinance.com\/fr\/finanzkalender\/\" \/>\n<meta property=\"og:locale\" content=\"fr_CA\" \/>\n<meta property=\"og:type\" content=\"article\" \/>\n<meta property=\"og:title\" content=\"Finanzkalender - Nakiki SE - Bitcoin Treasury\" \/>\n<meta property=\"og:description\" content=\"Hier finden Sie die aktuellen Termine der Nakiki SE. Treffen Sie uns gern auf einem der B\u00f6rsen-Events. Sie k\u00f6nnen uns bereits jetzt kontaktieren und einen Termin mit uns vereinbaren. Dezember 2025 Konzern-Jahresabschluss 2024 Januar 2026 Hauptversammlung\" \/>\n<meta property=\"og:url\" content=\"https:\/\/nakikifinance.com\/fr\/finanzkalender\/\" \/>\n<meta property=\"og:site_name\" content=\"Nakiki SE - Bitcoin Treasury\" \/>\n<meta property=\"article:modified_time\" content=\"2025-11-28T09:04:48+00:00\" \/>\n<meta name=\"twitter:card\" content=\"summary_large_image\" \/>\n<meta name=\"twitter:label1\" content=\"Estimation du temps de lecture\" \/>\n\t<meta name=\"twitter:data1\" content=\"1 minute\" \/>\n<script type=\"application\/ld+json\" class=\"yoast-schema-graph\">{\"@context\":\"https:\/\/schema.org\",\"@graph\":[{\"@type\":\"WebPage\",\"@id\":\"https:\/\/nakikifinance.com\/finanzkalender\/\",\"url\":\"https:\/\/nakikifinance.com\/finanzkalender\/\",\"name\":\"Finanzkalender - Nakiki SE - Bitcoin Treasury\",\"isPartOf\":{\"@id\":\"https:\/\/nakikifinance.com\/#website\"},\"datePublished\":\"2023-06-23T08:19:54+00:00\",\"dateModified\":\"2025-11-28T09:04:48+00:00\",\"breadcrumb\":{\"@id\":\"https:\/\/nakikifinance.com\/finanzkalender\/#breadcrumb\"},\"inLanguage\":\"fr-CA\",\"potentialAction\":[{\"@type\":\"ReadAction\",\"target\":[\"https:\/\/nakikifinance.com\/finanzkalender\/\"]}]},{\"@type\":\"BreadcrumbList\",\"@id\":\"https:\/\/nakikifinance.com\/finanzkalender\/#breadcrumb\",\"itemListElement\":[{\"@type\":\"ListItem\",\"position\":1,\"name\":\"Startseite\",\"item\":\"https:\/\/nakikifinance.com\/\"},{\"@type\":\"ListItem\",\"position\":2,\"name\":\"Finanzkalender\"}]},{\"@type\":\"WebSite\",\"@id\":\"https:\/\/nakikifinance.com\/#website\",\"url\":\"https:\/\/nakikifinance.com\/\",\"name\":\"LF Legal Finance SE Frankfurt\",\"description\":\"Nakiki SE\",\"publisher\":{\"@id\":\"https:\/\/nakikifinance.com\/#organization\"},\"potentialAction\":[{\"@type\":\"SearchAction\",\"target\":{\"@type\":\"EntryPoint\",\"urlTemplate\":\"https:\/\/nakikifinance.com\/?s={search_term_string}\"},\"query-input\":\"required name=search_term_string\"}],\"inLanguage\":\"fr-CA\"},{\"@type\":\"Organization\",\"@id\":\"https:\/\/nakikifinance.com\/#organization\",\"name\":\"LF Legal Finance SE\",\"url\":\"https:\/\/nakikifinance.com\/\",\"logo\":{\"@type\":\"ImageObject\",\"inLanguage\":\"fr-CA\",\"@id\":\"https:\/\/nakikifinance.com\/#\/schema\/logo\/image\/\",\"url\":\"http:\/\/nakikifinance.com\/wp-content\/uploads\/2023\/06\/legal-finance-international.jpg\",\"contentUrl\":\"http:\/\/nakikifinance.com\/wp-content\/uploads\/2023\/06\/legal-finance-international.jpg\",\"width\":842,\"height\":131,\"caption\":\"LF Legal Finance SE\"},\"image\":{\"@id\":\"https:\/\/nakikifinance.com\/#\/schema\/logo\/image\/\"}}]}<\/script>\n<!-- \/ Yoast SEO plugin. -->","yoast_head_json":{"title":"Finanzkalender - Nakiki SE - Bitcoin Treasury","robots":{"index":"index","follow":"follow","max-snippet":"max-snippet:-1","max-image-preview":"max-image-preview:large","max-video-preview":"max-video-preview:-1"},"canonical":"https:\/\/nakikifinance.com\/fr\/finanzkalender\/","og_locale":"fr_CA","og_type":"article","og_title":"Finanzkalender - Nakiki SE - Bitcoin Treasury","og_description":"Hier finden Sie die aktuellen Termine der Nakiki SE. Treffen Sie uns gern auf einem der B\u00f6rsen-Events. Sie k\u00f6nnen uns bereits jetzt kontaktieren und einen Termin mit uns vereinbaren. Dezember 2025 Konzern-Jahresabschluss 2024 Januar 2026 Hauptversammlung","og_url":"https:\/\/nakikifinance.com\/fr\/finanzkalender\/","og_site_name":"Nakiki SE - Bitcoin Treasury","article_modified_time":"2025-11-28T09:04:48+00:00","twitter_card":"summary_large_image","twitter_misc":{"Estimation du temps de lecture":"1 minute"},"schema":{"@context":"https:\/\/schema.org","@graph":[{"@type":"WebPage","@id":"https:\/\/nakikifinance.com\/finanzkalender\/","url":"https:\/\/nakikifinance.com\/finanzkalender\/","name":"Finanzkalender - Nakiki SE - Bitcoin Treasury","isPartOf":{"@id":"https:\/\/nakikifinance.com\/#website"},"datePublished":"2023-06-23T08:19:54+00:00","dateModified":"2025-11-28T09:04:48+00:00","breadcrumb":{"@id":"https:\/\/nakikifinance.com\/finanzkalender\/#breadcrumb"},"inLanguage":"fr-CA","potentialAction":[{"@type":"ReadAction","target":["https:\/\/nakikifinance.com\/finanzkalender\/"]}]},{"@type":"BreadcrumbList","@id":"https:\/\/nakikifinance.com\/finanzkalender\/#breadcrumb","itemListElement":[{"@type":"ListItem","position":1,"name":"Startseite","item":"https:\/\/nakikifinance.com\/"},{"@type":"ListItem","position":2,"name":"Finanzkalender"}]},{"@type":"WebSite","@id":"https:\/\/nakikifinance.com\/#website","url":"https:\/\/nakikifinance.com\/","name":"LF Legal Finance SE Francfort","description":"Nakiki SE","publisher":{"@id":"https:\/\/nakikifinance.com\/#organization"},"potentialAction":[{"@type":"SearchAction","target":{"@type":"EntryPoint","urlTemplate":"https:\/\/nakikifinance.com\/?s={search_term_string}"},"query-input":"required name=search_term_string"}],"inLanguage":"fr-CA"},{"@type":"Organization","@id":"https:\/\/nakikifinance.com\/#organization","name":"LF Legal Finance SE","url":"https:\/\/nakikifinance.com\/","logo":{"@type":"ImageObject","inLanguage":"fr-CA","@id":"https:\/\/nakikifinance.com\/#\/schema\/logo\/image\/","url":"http:\/\/nakikifinance.com\/wp-content\/uploads\/2023\/06\/legal-finance-international.jpg","contentUrl":"http:\/\/nakikifinance.com\/wp-content\/uploads\/2023\/06\/legal-finance-international.jpg","width":842,"height":131,"caption":"LF Legal Finance SE"},"image":{"@id":"https:\/\/nakikifinance.com\/#\/schema\/logo\/image\/"}}]}},"_links":{"self":[{"href":"https:\/\/nakikifinance.com\/fr\/wp-json\/wp\/v2\/pages\/40"}],"collection":[{"href":"https:\/\/nakikifinance.com\/fr\/wp-json\/wp\/v2\/pages"}],"about":[{"href":"https:\/\/nakikifinance.com\/fr\/wp-json\/wp\/v2\/types\/page"}],"author":[{"embeddable":true,"href":"https:\/\/nakikifinance.com\/fr\/wp-json\/wp\/v2\/users\/1"}],"replies":[{"embeddable":true,"href":"https:\/\/nakikifinance.com\/fr\/wp-json\/wp\/v2\/comments?post=40"}],"version-history":[{"count":37,"href":"https:\/\/nakikifinance.com\/fr\/wp-json\/wp\/v2\/pages\/40\/revisions"}],"predecessor-version":[{"id":2896,"href":"https:\/\/nakikifinance.com\/fr\/wp-json\/wp\/v2\/pages\/40\/revisions\/2896"}],"wp:attachment":[{"href":"https:\/\/nakikifinance.com\/fr\/wp-json\/wp\/v2\/media?parent=40"}],"curies":[{"name":"wp","href":"https:\/\/api.w.org\/{rel}","templated":true}]}}