{"id":174,"date":"2023-06-23T11:52:18","date_gmt":"2023-06-23T09:52:18","guid":{"rendered":"https:\/\/nakikifinance.com\/?page_id=174"},"modified":"2025-09-22T08:49:12","modified_gmt":"2025-09-22T06:49:12","slug":"aktie","status":"publish","type":"page","link":"https:\/\/nakikifinance.com\/fr\/aktie\/","title":{"rendered":"Action Nakiki"},"content":{"rendered":"<p>Hier finden Sie alle Informationen zur Nakiki-Aktie:<\/p>\n\n\n\n<figure class=\"wp-block-table is-style-stripes\"><table><tbody><tr><td>Firmenname<\/td><td>Nakiki SE <\/td><\/tr><tr><td>Capital social<\/td><td>5.787.703 EUROS<\/td><\/tr><tr><td>Nombre d'actions<\/td><td>5.787.703<\/td><\/tr><tr><td>WKN<\/td><td>WNDL30<\/td><\/tr><tr><td>ISIN<\/td><td>DE000WNDL300<\/td><\/tr><tr><td>B\u00f6rsensegment<\/td><td>General Standard (march\u00e9 r\u00e9glement\u00e9)<\/td><\/tr><tr><td>Index<\/td><td>CDAX<\/td><\/tr><tr><td>Places boursi\u00e8res<\/td><td>Francfort, Berlin, D\u00fcsseldorf, Hambourg, Hanovre, Munich, Stuttgart, XETRA, Tradegate<\/td><\/tr><\/tbody><\/table><\/figure>\n\n\n\n<center>\n<div style=\"height: 700px; width:100%; overflow: auto;\">\n<iframe src=\"https:\/\/xms.deutsche-boerse.com\/api\/v1\/chartmodule?ISIN=DE000WNDL300&#038;MARKET=DFRA&#038;LINECOLOR=172238&#038;CHARTCOLOR=f4c437&#038;CHARTGRIDCOLOR=f4c437\" style=\"border: none; width:100%; height:100%;\"><\/iframe>\n<\/div>\n<\/center>","protected":false},"excerpt":{"rendered":"<p>Hier finden Sie alle Informationen zur Nakiki-Aktie: Firmenname Nakiki SE Grundkapital 5.787.703 EUR Anzahl der Aktien 5.787.703 WKN WNDL30 ISIN DE000WNDL300 B\u00f6rsensegment General Standard (Regulierter Markt) Index CDAX B\u00f6rsenpl\u00e4tze Frankfurt, Berlin, D\u00fcsseldorf, Hamburg, Hannover, M\u00fcnchen, Stuttgart, XETRA, Tradegate<\/p>","protected":false},"author":1,"featured_media":0,"parent":0,"menu_order":0,"comment_status":"closed","ping_status":"closed","template":"page~0","meta":{"footnotes":""},"yoast_head":"<!-- This site is optimized with the Yoast SEO plugin v20.9 - https:\/\/yoast.com\/wordpress\/plugins\/seo\/ -->\n<title>Nakiki Aktie - Nakiki SE - Bitcoin Treasury<\/title>\n<meta name=\"robots\" content=\"index, follow, max-snippet:-1, max-image-preview:large, max-video-preview:-1\" \/>\n<link rel=\"canonical\" href=\"https:\/\/nakikifinance.com\/fr\/aktie\/\" \/>\n<meta property=\"og:locale\" content=\"fr_CA\" \/>\n<meta property=\"og:type\" content=\"article\" \/>\n<meta property=\"og:title\" content=\"Nakiki Aktie - Nakiki SE - Bitcoin Treasury\" \/>\n<meta property=\"og:description\" content=\"Hier finden Sie alle Informationen zur Nakiki-Aktie: Firmenname Nakiki SE Grundkapital 5.787.703 EUR Anzahl der Aktien 5.787.703 WKN WNDL30 ISIN DE000WNDL300 B\u00f6rsensegment General Standard (Regulierter Markt) Index CDAX B\u00f6rsenpl\u00e4tze Frankfurt, Berlin, D\u00fcsseldorf, Hamburg, Hannover, M\u00fcnchen, Stuttgart, XETRA, Tradegate\" \/>\n<meta property=\"og:url\" content=\"https:\/\/nakikifinance.com\/fr\/aktie\/\" \/>\n<meta property=\"og:site_name\" content=\"Nakiki SE - Bitcoin Treasury\" \/>\n<meta property=\"article:modified_time\" content=\"2025-09-22T06:49:12+00:00\" \/>\n<meta name=\"twitter:card\" content=\"summary_large_image\" \/>\n<meta name=\"twitter:label1\" content=\"Estimation du temps de lecture\" \/>\n\t<meta name=\"twitter:data1\" content=\"1 minute\" \/>\n<script type=\"application\/ld+json\" class=\"yoast-schema-graph\">{\"@context\":\"https:\/\/schema.org\",\"@graph\":[{\"@type\":\"WebPage\",\"@id\":\"https:\/\/nakikifinance.com\/aktie\/\",\"url\":\"https:\/\/nakikifinance.com\/aktie\/\",\"name\":\"Nakiki Aktie - Nakiki SE - Bitcoin Treasury\",\"isPartOf\":{\"@id\":\"https:\/\/nakikifinance.com\/#website\"},\"datePublished\":\"2023-06-23T09:52:18+00:00\",\"dateModified\":\"2025-09-22T06:49:12+00:00\",\"breadcrumb\":{\"@id\":\"https:\/\/nakikifinance.com\/aktie\/#breadcrumb\"},\"inLanguage\":\"fr-CA\",\"potentialAction\":[{\"@type\":\"ReadAction\",\"target\":[\"https:\/\/nakikifinance.com\/aktie\/\"]}]},{\"@type\":\"BreadcrumbList\",\"@id\":\"https:\/\/nakikifinance.com\/aktie\/#breadcrumb\",\"itemListElement\":[{\"@type\":\"ListItem\",\"position\":1,\"name\":\"Startseite\",\"item\":\"https:\/\/nakikifinance.com\/\"},{\"@type\":\"ListItem\",\"position\":2,\"name\":\"Nakiki Aktie\"}]},{\"@type\":\"WebSite\",\"@id\":\"https:\/\/nakikifinance.com\/#website\",\"url\":\"https:\/\/nakikifinance.com\/\",\"name\":\"LF Legal Finance SE Frankfurt\",\"description\":\"Nakiki SE\",\"publisher\":{\"@id\":\"https:\/\/nakikifinance.com\/#organization\"},\"potentialAction\":[{\"@type\":\"SearchAction\",\"target\":{\"@type\":\"EntryPoint\",\"urlTemplate\":\"https:\/\/nakikifinance.com\/?s={search_term_string}\"},\"query-input\":\"required name=search_term_string\"}],\"inLanguage\":\"fr-CA\"},{\"@type\":\"Organization\",\"@id\":\"https:\/\/nakikifinance.com\/#organization\",\"name\":\"LF Legal Finance SE\",\"url\":\"https:\/\/nakikifinance.com\/\",\"logo\":{\"@type\":\"ImageObject\",\"inLanguage\":\"fr-CA\",\"@id\":\"https:\/\/nakikifinance.com\/#\/schema\/logo\/image\/\",\"url\":\"http:\/\/nakikifinance.com\/wp-content\/uploads\/2023\/06\/legal-finance-international.jpg\",\"contentUrl\":\"http:\/\/nakikifinance.com\/wp-content\/uploads\/2023\/06\/legal-finance-international.jpg\",\"width\":842,\"height\":131,\"caption\":\"LF Legal Finance SE\"},\"image\":{\"@id\":\"https:\/\/nakikifinance.com\/#\/schema\/logo\/image\/\"}}]}<\/script>\n<!-- \/ Yoast SEO plugin. -->","yoast_head_json":{"title":"Nakiki Aktie - Nakiki SE - Bitcoin Treasury","robots":{"index":"index","follow":"follow","max-snippet":"max-snippet:-1","max-image-preview":"max-image-preview:large","max-video-preview":"max-video-preview:-1"},"canonical":"https:\/\/nakikifinance.com\/fr\/aktie\/","og_locale":"fr_CA","og_type":"article","og_title":"Nakiki Aktie - Nakiki SE - Bitcoin Treasury","og_description":"Hier finden Sie alle Informationen zur Nakiki-Aktie: Firmenname Nakiki SE Grundkapital 5.787.703 EUR Anzahl der Aktien 5.787.703 WKN WNDL30 ISIN DE000WNDL300 B\u00f6rsensegment General Standard (Regulierter Markt) Index CDAX B\u00f6rsenpl\u00e4tze Frankfurt, Berlin, D\u00fcsseldorf, Hamburg, Hannover, M\u00fcnchen, Stuttgart, XETRA, Tradegate","og_url":"https:\/\/nakikifinance.com\/fr\/aktie\/","og_site_name":"Nakiki SE - Bitcoin Treasury","article_modified_time":"2025-09-22T06:49:12+00:00","twitter_card":"summary_large_image","twitter_misc":{"Estimation du temps de lecture":"1 minute"},"schema":{"@context":"https:\/\/schema.org","@graph":[{"@type":"WebPage","@id":"https:\/\/nakikifinance.com\/aktie\/","url":"https:\/\/nakikifinance.com\/aktie\/","name":"Nakiki Aktie - Nakiki SE - Bitcoin Treasury","isPartOf":{"@id":"https:\/\/nakikifinance.com\/#website"},"datePublished":"2023-06-23T09:52:18+00:00","dateModified":"2025-09-22T06:49:12+00:00","breadcrumb":{"@id":"https:\/\/nakikifinance.com\/aktie\/#breadcrumb"},"inLanguage":"fr-CA","potentialAction":[{"@type":"ReadAction","target":["https:\/\/nakikifinance.com\/aktie\/"]}]},{"@type":"BreadcrumbList","@id":"https:\/\/nakikifinance.com\/aktie\/#breadcrumb","itemListElement":[{"@type":"ListItem","position":1,"name":"Startseite","item":"https:\/\/nakikifinance.com\/"},{"@type":"ListItem","position":2,"name":"Nakiki Aktie"}]},{"@type":"WebSite","@id":"https:\/\/nakikifinance.com\/#website","url":"https:\/\/nakikifinance.com\/","name":"LF Legal Finance SE Francfort","description":"Nakiki SE","publisher":{"@id":"https:\/\/nakikifinance.com\/#organization"},"potentialAction":[{"@type":"SearchAction","target":{"@type":"EntryPoint","urlTemplate":"https:\/\/nakikifinance.com\/?s={search_term_string}"},"query-input":"required name=search_term_string"}],"inLanguage":"fr-CA"},{"@type":"Organization","@id":"https:\/\/nakikifinance.com\/#organization","name":"LF Legal Finance SE","url":"https:\/\/nakikifinance.com\/","logo":{"@type":"ImageObject","inLanguage":"fr-CA","@id":"https:\/\/nakikifinance.com\/#\/schema\/logo\/image\/","url":"http:\/\/nakikifinance.com\/wp-content\/uploads\/2023\/06\/legal-finance-international.jpg","contentUrl":"http:\/\/nakikifinance.com\/wp-content\/uploads\/2023\/06\/legal-finance-international.jpg","width":842,"height":131,"caption":"LF Legal Finance SE"},"image":{"@id":"https:\/\/nakikifinance.com\/#\/schema\/logo\/image\/"}}]}},"_links":{"self":[{"href":"https:\/\/nakikifinance.com\/fr\/wp-json\/wp\/v2\/pages\/174"}],"collection":[{"href":"https:\/\/nakikifinance.com\/fr\/wp-json\/wp\/v2\/pages"}],"about":[{"href":"https:\/\/nakikifinance.com\/fr\/wp-json\/wp\/v2\/types\/page"}],"author":[{"embeddable":true,"href":"https:\/\/nakikifinance.com\/fr\/wp-json\/wp\/v2\/users\/1"}],"replies":[{"embeddable":true,"href":"https:\/\/nakikifinance.com\/fr\/wp-json\/wp\/v2\/comments?post=174"}],"version-history":[{"count":26,"href":"https:\/\/nakikifinance.com\/fr\/wp-json\/wp\/v2\/pages\/174\/revisions"}],"predecessor-version":[{"id":2747,"href":"https:\/\/nakikifinance.com\/fr\/wp-json\/wp\/v2\/pages\/174\/revisions\/2747"}],"wp:attachment":[{"href":"https:\/\/nakikifinance.com\/fr\/wp-json\/wp\/v2\/media?parent=174"}],"curies":[{"name":"wp","href":"https:\/\/api.w.org\/{rel}","templated":true}]}}