{"id":1728,"date":"2024-04-22T05:25:53","date_gmt":"2024-04-22T03:25:53","guid":{"rendered":"https:\/\/nakikifinance.com\/?page_id=1728"},"modified":"2024-04-22T05:27:25","modified_gmt":"2024-04-22T03:27:25","slug":"veranstaltungen","status":"publish","type":"page","link":"https:\/\/nakikifinance.com\/fr\/veranstaltungen\/","title":{"rendered":"Veranstaltungen"},"content":{"rendered":"<p>Sie m\u00f6chten die Nakiki SE kennenlernen? Wir planen, die folgenden Veranstaltunge zu nutzen, um uns Aktion\u00e4ren und Interessenten zu pr\u00e4sentieren. <a href=\"https:\/\/nakikifinance.com\/fr\/kontakt\/\" data-type=\"page\" data-id=\"46\">Sprechen Sie uns gern an<\/a> f\u00fcr einen Termin:<\/p>\n\n\n\n<p><\/p>\n\n\n\n<figure class=\"wp-block-table is-style-stripes\" style=\"margin-top:0;margin-right:0;margin-bottom:0;margin-left:0;padding-right:0;padding-left:0\"><table><tbody><tr><td>07.09.2024<\/td><td><a rel=\"noreferrer noopener\" href=\"https:\/\/www.boersentag-berlin.de\/\" target=\"_blank\">B\u00f6rsentag 2024<\/a> in Berlin<br>Treffen Sie Nakiki auf dem B\u00f6rsentag 2024 in Berlin: Vereinbaren Sie jetzt schon einen <a href=\"https:\/\/nakikifinance.com\/fr\/kontakt\/\" data-type=\"page\" data-id=\"46\">Termin<\/a>.<\/td><\/tr><tr><td>28.09.2024<\/td><td><a rel=\"noreferrer noopener\" href=\"https:\/\/www.anlegertag.de\/\" data-type=\"URL\" data-id=\"https:\/\/www.anlegertag.de\/\" target=\"_blank\">Anlegertag 2024<\/a> in D\u00fcsseldorf<br>Treffen Sie Nakiki auf dem Anlegertag 2024 in D\u00fcsseldorf: Vereinbaren Sie jetzt schon einen <a href=\"https:\/\/nakikifinance.com\/fr\/kontakt\/\" data-type=\"page\" data-id=\"46\">Termin<\/a>.<\/td><\/tr><tr><td>25. &#8211; 27.11.2024<\/td><td><a rel=\"noreferrer noopener\" href=\"https:\/\/www.eigenkapitalforum.com\/\" target=\"_blank\">Eigenkapitalforum 2024<\/a> in Frankfurt<br>Treffen Sie Nakiki auf dem Eigenkapitalforum 2024: Vereinbaren Sie jetzt schon einen <a href=\"https:\/\/nakikifinance.com\/fr\/kontakt\/\" data-type=\"page\" data-id=\"46\">Termin<\/a>.<\/td><\/tr><tr><td>25.02.2025<\/td><td><a href=\"https:\/\/www.boersentag-frankfurt.de\/\">B\u00f6rsentag 2025<\/a> in Frankfurt<br>Treffen Sie Nakiki auf dem B\u00f6rsentag 2025 in Frankfurt: Vereinbaren Sie jetzt schon einen <a href=\"https:\/\/nakikifinance.com\/fr\/kontakt\/\" data-type=\"page\" data-id=\"46\">Termin<\/a>.<\/td><\/tr><tr><td>08.03.2025<\/td><td><a rel=\"noreferrer noopener\" href=\"https:\/\/www.boersentag.at\/\" target=\"_blank\">B\u00f6rsentag 2025<\/a> in Wien<br>Treffen Sie Nakiki auf dem B\u00f6rsentag 2025 in Wien: Vereinbaren Sie jetzt schon einen <a href=\"https:\/\/nakikifinance.com\/fr\/kontakt\/\" data-type=\"page\" data-id=\"46\">Termin<\/a>.<\/td><\/tr><\/tbody><\/table><\/figure>","protected":false},"excerpt":{"rendered":"<p>Sie m\u00f6chten die Nakiki SE kennenlernen? Wir planen, die folgenden Veranstaltunge zu nutzen, um uns Aktion\u00e4ren und Interessenten zu pr\u00e4sentieren. Sprechen Sie uns gern an f\u00fcr einen Termin: 07.09.2024 B\u00f6rsentag 2024 in BerlinTreffen Sie Nakiki auf dem B\u00f6rsentag 2024 in Berlin: Vereinbaren Sie jetzt schon einen Termin. 28.09.2024 Anlegertag 2024 in D\u00fcsseldorfTreffen Sie Nakiki auf [&hellip;]<\/p>","protected":false},"author":1,"featured_media":0,"parent":0,"menu_order":0,"comment_status":"closed","ping_status":"closed","template":"page~0","meta":{"footnotes":""},"yoast_head":"<!-- This site is optimized with the Yoast SEO plugin v20.9 - https:\/\/yoast.com\/wordpress\/plugins\/seo\/ -->\n<title>Veranstaltungen - Nakiki SE - Bitcoin Treasury<\/title>\n<meta name=\"robots\" content=\"index, follow, max-snippet:-1, max-image-preview:large, max-video-preview:-1\" \/>\n<link rel=\"canonical\" href=\"https:\/\/nakikifinance.com\/fr\/veranstaltungen\/\" \/>\n<meta property=\"og:locale\" content=\"fr_CA\" \/>\n<meta property=\"og:type\" content=\"article\" \/>\n<meta property=\"og:title\" content=\"Veranstaltungen - Nakiki SE - Bitcoin Treasury\" \/>\n<meta property=\"og:description\" content=\"Sie m\u00f6chten die Nakiki SE kennenlernen? Wir planen, die folgenden Veranstaltunge zu nutzen, um uns Aktion\u00e4ren und Interessenten zu pr\u00e4sentieren. Sprechen Sie uns gern an f\u00fcr einen Termin: 07.09.2024 B\u00f6rsentag 2024 in BerlinTreffen Sie Nakiki auf dem B\u00f6rsentag 2024 in Berlin: Vereinbaren Sie jetzt schon einen Termin. 28.09.2024 Anlegertag 2024 in D\u00fcsseldorfTreffen Sie Nakiki auf [&hellip;]\" \/>\n<meta property=\"og:url\" content=\"https:\/\/nakikifinance.com\/fr\/veranstaltungen\/\" \/>\n<meta property=\"og:site_name\" content=\"Nakiki SE - Bitcoin Treasury\" \/>\n<meta property=\"article:modified_time\" content=\"2024-04-22T03:27:25+00:00\" \/>\n<meta name=\"twitter:card\" content=\"summary_large_image\" \/>\n<meta name=\"twitter:label1\" content=\"Estimation du temps de lecture\" \/>\n\t<meta name=\"twitter:data1\" content=\"1 minute\" \/>\n<script type=\"application\/ld+json\" class=\"yoast-schema-graph\">{\"@context\":\"https:\/\/schema.org\",\"@graph\":[{\"@type\":\"WebPage\",\"@id\":\"https:\/\/nakikifinance.com\/veranstaltungen\/\",\"url\":\"https:\/\/nakikifinance.com\/veranstaltungen\/\",\"name\":\"Veranstaltungen - Nakiki SE - Bitcoin Treasury\",\"isPartOf\":{\"@id\":\"https:\/\/nakikifinance.com\/#website\"},\"datePublished\":\"2024-04-22T03:25:53+00:00\",\"dateModified\":\"2024-04-22T03:27:25+00:00\",\"breadcrumb\":{\"@id\":\"https:\/\/nakikifinance.com\/veranstaltungen\/#breadcrumb\"},\"inLanguage\":\"fr-CA\",\"potentialAction\":[{\"@type\":\"ReadAction\",\"target\":[\"https:\/\/nakikifinance.com\/veranstaltungen\/\"]}]},{\"@type\":\"BreadcrumbList\",\"@id\":\"https:\/\/nakikifinance.com\/veranstaltungen\/#breadcrumb\",\"itemListElement\":[{\"@type\":\"ListItem\",\"position\":1,\"name\":\"Startseite\",\"item\":\"https:\/\/nakikifinance.com\/\"},{\"@type\":\"ListItem\",\"position\":2,\"name\":\"Veranstaltungen\"}]},{\"@type\":\"WebSite\",\"@id\":\"https:\/\/nakikifinance.com\/#website\",\"url\":\"https:\/\/nakikifinance.com\/\",\"name\":\"LF Legal Finance SE Frankfurt\",\"description\":\"Nakiki SE\",\"publisher\":{\"@id\":\"https:\/\/nakikifinance.com\/#organization\"},\"potentialAction\":[{\"@type\":\"SearchAction\",\"target\":{\"@type\":\"EntryPoint\",\"urlTemplate\":\"https:\/\/nakikifinance.com\/?s={search_term_string}\"},\"query-input\":\"required name=search_term_string\"}],\"inLanguage\":\"fr-CA\"},{\"@type\":\"Organization\",\"@id\":\"https:\/\/nakikifinance.com\/#organization\",\"name\":\"LF Legal Finance SE\",\"url\":\"https:\/\/nakikifinance.com\/\",\"logo\":{\"@type\":\"ImageObject\",\"inLanguage\":\"fr-CA\",\"@id\":\"https:\/\/nakikifinance.com\/#\/schema\/logo\/image\/\",\"url\":\"http:\/\/nakikifinance.com\/wp-content\/uploads\/2023\/06\/legal-finance-international.jpg\",\"contentUrl\":\"http:\/\/nakikifinance.com\/wp-content\/uploads\/2023\/06\/legal-finance-international.jpg\",\"width\":842,\"height\":131,\"caption\":\"LF Legal Finance SE\"},\"image\":{\"@id\":\"https:\/\/nakikifinance.com\/#\/schema\/logo\/image\/\"}}]}<\/script>\n<!-- \/ Yoast SEO plugin. -->","yoast_head_json":{"title":"Veranstaltungen - Nakiki SE - Bitcoin Treasury","robots":{"index":"index","follow":"follow","max-snippet":"max-snippet:-1","max-image-preview":"max-image-preview:large","max-video-preview":"max-video-preview:-1"},"canonical":"https:\/\/nakikifinance.com\/fr\/veranstaltungen\/","og_locale":"fr_CA","og_type":"article","og_title":"Veranstaltungen - Nakiki SE - Bitcoin Treasury","og_description":"Sie m\u00f6chten die Nakiki SE kennenlernen? Wir planen, die folgenden Veranstaltunge zu nutzen, um uns Aktion\u00e4ren und Interessenten zu pr\u00e4sentieren. Sprechen Sie uns gern an f\u00fcr einen Termin: 07.09.2024 B\u00f6rsentag 2024 in BerlinTreffen Sie Nakiki auf dem B\u00f6rsentag 2024 in Berlin: Vereinbaren Sie jetzt schon einen Termin. 28.09.2024 Anlegertag 2024 in D\u00fcsseldorfTreffen Sie Nakiki auf [&hellip;]","og_url":"https:\/\/nakikifinance.com\/fr\/veranstaltungen\/","og_site_name":"Nakiki SE - Bitcoin Treasury","article_modified_time":"2024-04-22T03:27:25+00:00","twitter_card":"summary_large_image","twitter_misc":{"Estimation du temps de lecture":"1 minute"},"schema":{"@context":"https:\/\/schema.org","@graph":[{"@type":"WebPage","@id":"https:\/\/nakikifinance.com\/veranstaltungen\/","url":"https:\/\/nakikifinance.com\/veranstaltungen\/","name":"Veranstaltungen - Nakiki SE - Bitcoin Treasury","isPartOf":{"@id":"https:\/\/nakikifinance.com\/#website"},"datePublished":"2024-04-22T03:25:53+00:00","dateModified":"2024-04-22T03:27:25+00:00","breadcrumb":{"@id":"https:\/\/nakikifinance.com\/veranstaltungen\/#breadcrumb"},"inLanguage":"fr-CA","potentialAction":[{"@type":"ReadAction","target":["https:\/\/nakikifinance.com\/veranstaltungen\/"]}]},{"@type":"BreadcrumbList","@id":"https:\/\/nakikifinance.com\/veranstaltungen\/#breadcrumb","itemListElement":[{"@type":"ListItem","position":1,"name":"Startseite","item":"https:\/\/nakikifinance.com\/"},{"@type":"ListItem","position":2,"name":"Veranstaltungen"}]},{"@type":"WebSite","@id":"https:\/\/nakikifinance.com\/#website","url":"https:\/\/nakikifinance.com\/","name":"LF Legal Finance SE Francfort","description":"Nakiki SE","publisher":{"@id":"https:\/\/nakikifinance.com\/#organization"},"potentialAction":[{"@type":"SearchAction","target":{"@type":"EntryPoint","urlTemplate":"https:\/\/nakikifinance.com\/?s={search_term_string}"},"query-input":"required name=search_term_string"}],"inLanguage":"fr-CA"},{"@type":"Organization","@id":"https:\/\/nakikifinance.com\/#organization","name":"LF Legal Finance SE","url":"https:\/\/nakikifinance.com\/","logo":{"@type":"ImageObject","inLanguage":"fr-CA","@id":"https:\/\/nakikifinance.com\/#\/schema\/logo\/image\/","url":"http:\/\/nakikifinance.com\/wp-content\/uploads\/2023\/06\/legal-finance-international.jpg","contentUrl":"http:\/\/nakikifinance.com\/wp-content\/uploads\/2023\/06\/legal-finance-international.jpg","width":842,"height":131,"caption":"LF Legal Finance SE"},"image":{"@id":"https:\/\/nakikifinance.com\/#\/schema\/logo\/image\/"}}]}},"_links":{"self":[{"href":"https:\/\/nakikifinance.com\/fr\/wp-json\/wp\/v2\/pages\/1728"}],"collection":[{"href":"https:\/\/nakikifinance.com\/fr\/wp-json\/wp\/v2\/pages"}],"about":[{"href":"https:\/\/nakikifinance.com\/fr\/wp-json\/wp\/v2\/types\/page"}],"author":[{"embeddable":true,"href":"https:\/\/nakikifinance.com\/fr\/wp-json\/wp\/v2\/users\/1"}],"replies":[{"embeddable":true,"href":"https:\/\/nakikifinance.com\/fr\/wp-json\/wp\/v2\/comments?post=1728"}],"version-history":[{"count":3,"href":"https:\/\/nakikifinance.com\/fr\/wp-json\/wp\/v2\/pages\/1728\/revisions"}],"predecessor-version":[{"id":1731,"href":"https:\/\/nakikifinance.com\/fr\/wp-json\/wp\/v2\/pages\/1728\/revisions\/1731"}],"wp:attachment":[{"href":"https:\/\/nakikifinance.com\/fr\/wp-json\/wp\/v2\/media?parent=1728"}],"curies":[{"name":"wp","href":"https:\/\/api.w.org\/{rel}","templated":true}]}}