{"id":451,"date":"2023-10-03T11:03:58","date_gmt":"2023-10-03T09:03:58","guid":{"rendered":"https:\/\/nakikifinance.com\/?page_id=451"},"modified":"2024-04-19T18:05:24","modified_gmt":"2024-04-19T16:05:24","slug":"monetisation","status":"publish","type":"page","link":"https:\/\/nakikifinance.com\/es\/monetisation\/","title":{"rendered":"Monetizaci\u00f3n"},"content":{"rendered":"<p>Por lo general, la financiaci\u00f3n jur\u00eddica proporciona financiaci\u00f3n para litigios a cambio de una parte de los ingresos resultantes. Encontrar\u00e1 informaci\u00f3n detallada al respecto en el apartado <a href=\"https:\/\/nakikifinance.com\/es\/prozessfinanzierung\/\">Financiaci\u00f3n de litigios.<\/a><\/p>\n\n\n\n<p>Como nueva opci\u00f3n, ahora los litigantes tambi\u00e9n pueden beneficiarse de nuestra monetizaci\u00f3n directa. Esto a\u00f1ade un componente interesante a la cartera de servicios de Legal Finance.<\/p>\n\n\n\n<p>El litigante recibe inmediatamente una parte de su reclamaci\u00f3n de Legal Finance, adem\u00e1s de los costes del litigio, que tambi\u00e9n cubre Legal Finance. De este modo, usted, como litigante, obtiene libertad financiera, sin riesgos.<\/p>\n\n\n\n<p>Un litigio judicial puede pasar por varias instancias y, por tanto, durar varios a\u00f1os. Si puede hacer buen uso de antemano del importe de su reclamaci\u00f3n o simplemente desea reducir el riesgo, podemos ayudarle monetizando su reclamaci\u00f3n.<\/p>\n\n\n\n<p>Para examinar su caso, necesitamos todos los documentos pertinentes de su abogado o departamento jur\u00eddico. Si es necesario, obtendremos un dictamen pericial complementario. Si consideramos que su caso es prometedor, le haremos una oferta inicial. Una vez celebrado el contrato, recibir\u00e1 de nosotros el anticipo acordado. El importe del anticipo se calcular\u00e1 en funci\u00f3n del caso. Tras el pago de su anticipo, comenzaremos con la gesti\u00f3n del procedimiento y el pago de los primeros costes del mismo. De este modo, nos aseguramos de que pueda concentrarse en lo esencial.<\/p>\n\n\n\n<p>Si en cambio est\u00e1 interesado en nuestra financiaci\u00f3n cl\u00e1sica de litigios como servicio, encontrar\u00e1 <a href=\"https:\/\/nakikifinance.com\/es\/prozessfinanzierung\/\">m\u00e1s informaci\u00f3n aqu\u00ed.<\/a><\/p>\n\n\n\n<p>Con Legal Finance tendr\u00e1 a su lado a un socio independiente y competente. Financiamos internacionalmente en todas las \u00e1reas del Derecho y le ayudamos a rentabilizar sus reclamaciones inmediatamente. P\u00f3ngase en contacto con nosotros a trav\u00e9s del siguiente formulario de contacto o ll\u00e1menos al: 069 87 00 184-10<\/p>\n\n\n\n<p>Esperamos sus noticias.<\/p>\n\n\n<div class=\"wpforms-container wpforms-container-full wpforms-block wpforms-block-6f97216d-2d60-4fb1-8aa3-b84040b3190a wpforms-render-modern\" id=\"wpforms-155\"><form id=\"wpforms-form-155\" class=\"wpforms-validate wpforms-form wpforms-ajax-form\" data-formid=\"155\" method=\"post\" enctype=\"multipart\/form-data\" action=\"\/es\/wp-json\/wp\/v2\/pages\/451\" data-token=\"09c6b98b3661b4a9434f92a579042b1b\" data-token-time=\"1777580076\" data-trp-original-action=\"\/es\/wp-json\/wp\/v2\/pages\/451\"><noscript class=\"wpforms-error-noscript\">Por favor, active JavaScript en su navegador para completar este formulario.<\/noscript><div id=\"wpforms-error-noscript\" style=\"display: none;\">Por favor, active JavaScript en su navegador para completar este formulario.<\/div><div class=\"wpforms-field-container\"><div id=\"wpforms-155-field_0-container\" class=\"wpforms-field wpforms-field-name\" data-field-id=\"0\"><fieldset><legend class=\"wpforms-field-label\">Nombre <span class=\"wpforms-required-label\" aria-hidden=\"true\">*<\/span><\/legend><div class=\"wpforms-field-row wpforms-field-medium\"><div class=\"wpforms-field-row-block wpforms-first wpforms-one-half\"><input type=\"text\" id=\"wpforms-155-field_0\" class=\"wpforms-field-name-first wpforms-field-required\" name=\"wpforms[fields][0][first]\" aria-errormessage=\"wpforms-155-field_0-error\" required><label for=\"wpforms-155-field_0\" class=\"wpforms-field-sublabel after\">Nombre<\/label><\/div><div class=\"wpforms-field-row-block wpforms-one-half\"><input type=\"text\" id=\"wpforms-155-field_0-last\" class=\"wpforms-field-name-last wpforms-field-required\" name=\"wpforms[fields][0][last]\" aria-errormessage=\"wpforms-155-field_0-last-error\" required><label for=\"wpforms-155-field_0-last\" class=\"wpforms-field-sublabel after\">Apellidos<\/label><\/div><\/div><\/fieldset><\/div><div id=\"wpforms-155-field_1-container\" class=\"wpforms-field wpforms-field-email\" data-field-id=\"1\"><label class=\"wpforms-field-label\" for=\"wpforms-155-field_1\">Correo electr\u00f3nico <span class=\"wpforms-required-label\" aria-hidden=\"true\">*<\/span><\/label><input type=\"email\" id=\"wpforms-155-field_1\" class=\"wpforms-field-medium wpforms-field-required\" name=\"wpforms[fields][1]\" spellcheck=\"false\" aria-errormessage=\"wpforms-155-field_1-error\" required><\/div><div id=\"wpforms-155-field_3-container\" class=\"wpforms-field wpforms-field-text\" data-field-id=\"3\"><label class=\"wpforms-field-label\" for=\"wpforms-155-field_3\">Tel\u00e9fono<\/label><input type=\"text\" id=\"wpforms-155-field_3\" class=\"wpforms-field-medium\" name=\"wpforms[fields][3]\" aria-errormessage=\"wpforms-155-field_3-error\" ><\/div><div id=\"wpforms-155-field_2-container\" class=\"wpforms-field wpforms-field-textarea\" data-field-id=\"2\"><label class=\"wpforms-field-label\" for=\"wpforms-155-field_2\">Mensaje<\/label><textarea id=\"wpforms-155-field_2\" class=\"wpforms-field-medium\" name=\"wpforms[fields][2]\" aria-errormessage=\"wpforms-155-field_2-error\" ><\/textarea><\/div><\/div><!-- .wpforms-field-container --><div class=\"wpforms-recaptcha-container wpforms-is-recaptcha wpforms-is-recaptcha-type-v2\" ><div class=\"g-recaptcha\" data-sitekey=\"6LfdHMMpAAAAABgZBWI7jRxcaMHXgSuNQGvyuaCQ\"><\/div><input type=\"text\" name=\"g-recaptcha-hidden\" class=\"wpforms-recaptcha-hidden\" style=\"position:absolute!important;clip:rect(0,0,0,0)!important;height:1px!important;width:1px!important;border:0!important;overflow:hidden!important;padding:0!important;margin:0!important;\" data-rule-recaptcha=\"1\"><\/div><div class=\"wpforms-submit-container\" ><input type=\"hidden\" name=\"wpforms[id]\" value=\"155\"><input type=\"hidden\" name=\"page_title\" value=\"\"><input type=\"hidden\" name=\"page_url\" value=\"https:\/\/nakikifinance.com\/es\/wp-json\/wp\/v2\/pages\/451\"><input type=\"hidden\" name=\"url_referer\" value=\"\"><button type=\"submit\" name=\"wpforms[submit]\" id=\"wpforms-submit-155\" class=\"wpforms-submit\" data-alt-text=\"Senden\u2026\" data-submit-text=\"Absenden\" aria-live=\"assertive\" value=\"wpforms-submit\">Enviar<\/button><img decoding=\"async\" src=\"https:\/\/nakikifinance.com\/wp-content\/plugins\/wpforms-lite\/assets\/images\/submit-spin.svg\" class=\"wpforms-submit-spinner\" style=\"display: none;\" width=\"26\" height=\"26\" alt=\"Cargando\"><\/div><input type=\"hidden\" name=\"trp-form-language\" value=\"es\"\/><\/form><\/div>  <!-- .wpforms-container -->","protected":false},"excerpt":{"rendered":"<p>Legal Finance bietet in der Regel Finanzmittel f\u00fcr Rechtsstreitigkeiten im Austausch f\u00fcr einen Anteil an den daraus resultierenden Ertr\u00e4gen. Detaillierte Informationen hierzu finden Sie unter dem Punkt Prozessfinanzierung. Als neue Option k\u00f6nnen Prozessierende nun auch von unserer direkten Monetarisierung profitieren. Damit erweitert Legal Finance das Serviceportfolio um einen interessanten Baustein. Der Prozessierende erh\u00e4lt von Legal [&hellip;]<\/p>","protected":false},"author":1,"featured_media":0,"parent":0,"menu_order":0,"comment_status":"closed","ping_status":"closed","template":"page~0","meta":{"footnotes":""},"yoast_head":"<!-- This site is optimized with the Yoast SEO plugin v20.9 - https:\/\/yoast.com\/wordpress\/plugins\/seo\/ -->\n<title>Monetarisierung - Nakiki SE - Bitcoin Treasury<\/title>\n<meta name=\"robots\" content=\"index, follow, max-snippet:-1, max-image-preview:large, max-video-preview:-1\" \/>\n<link rel=\"canonical\" href=\"https:\/\/nakikifinance.com\/es\/monetisation\/\" \/>\n<meta property=\"og:locale\" content=\"es_ES\" \/>\n<meta property=\"og:type\" content=\"article\" \/>\n<meta property=\"og:title\" content=\"Monetarisierung - Nakiki SE - Bitcoin Treasury\" \/>\n<meta property=\"og:description\" content=\"Legal Finance bietet in der Regel Finanzmittel f\u00fcr Rechtsstreitigkeiten im Austausch f\u00fcr einen Anteil an den daraus resultierenden Ertr\u00e4gen. Detaillierte Informationen hierzu finden Sie unter dem Punkt Prozessfinanzierung. Als neue Option k\u00f6nnen Prozessierende nun auch von unserer direkten Monetarisierung profitieren. Damit erweitert Legal Finance das Serviceportfolio um einen interessanten Baustein. Der Prozessierende erh\u00e4lt von Legal [&hellip;]\" \/>\n<meta property=\"og:url\" content=\"https:\/\/nakikifinance.com\/es\/monetisation\/\" \/>\n<meta property=\"og:site_name\" content=\"Nakiki SE - Bitcoin Treasury\" \/>\n<meta property=\"article:modified_time\" content=\"2024-04-19T16:05:24+00:00\" \/>\n<meta name=\"twitter:card\" content=\"summary_large_image\" \/>\n<meta name=\"twitter:label1\" content=\"Tiempo de lectura\" \/>\n\t<meta name=\"twitter:data1\" content=\"2 minutos\" \/>\n<script type=\"application\/ld+json\" class=\"yoast-schema-graph\">{\"@context\":\"https:\/\/schema.org\",\"@graph\":[{\"@type\":\"WebPage\",\"@id\":\"https:\/\/nakikifinance.com\/monetisation\/\",\"url\":\"https:\/\/nakikifinance.com\/monetisation\/\",\"name\":\"Monetarisierung - Nakiki SE - Bitcoin Treasury\",\"isPartOf\":{\"@id\":\"https:\/\/nakikifinance.com\/#website\"},\"datePublished\":\"2023-10-03T09:03:58+00:00\",\"dateModified\":\"2024-04-19T16:05:24+00:00\",\"breadcrumb\":{\"@id\":\"https:\/\/nakikifinance.com\/monetisation\/#breadcrumb\"},\"inLanguage\":\"es\",\"potentialAction\":[{\"@type\":\"ReadAction\",\"target\":[\"https:\/\/nakikifinance.com\/monetisation\/\"]}]},{\"@type\":\"BreadcrumbList\",\"@id\":\"https:\/\/nakikifinance.com\/monetisation\/#breadcrumb\",\"itemListElement\":[{\"@type\":\"ListItem\",\"position\":1,\"name\":\"Startseite\",\"item\":\"https:\/\/nakikifinance.com\/\"},{\"@type\":\"ListItem\",\"position\":2,\"name\":\"Monetarisierung\"}]},{\"@type\":\"WebSite\",\"@id\":\"https:\/\/nakikifinance.com\/#website\",\"url\":\"https:\/\/nakikifinance.com\/\",\"name\":\"LF Legal Finance SE Frankfurt\",\"description\":\"Nakiki SE\",\"publisher\":{\"@id\":\"https:\/\/nakikifinance.com\/#organization\"},\"potentialAction\":[{\"@type\":\"SearchAction\",\"target\":{\"@type\":\"EntryPoint\",\"urlTemplate\":\"https:\/\/nakikifinance.com\/?s={search_term_string}\"},\"query-input\":\"required name=search_term_string\"}],\"inLanguage\":\"es\"},{\"@type\":\"Organization\",\"@id\":\"https:\/\/nakikifinance.com\/#organization\",\"name\":\"LF Legal Finance SE\",\"url\":\"https:\/\/nakikifinance.com\/\",\"logo\":{\"@type\":\"ImageObject\",\"inLanguage\":\"es\",\"@id\":\"https:\/\/nakikifinance.com\/#\/schema\/logo\/image\/\",\"url\":\"http:\/\/nakikifinance.com\/wp-content\/uploads\/2023\/06\/legal-finance-international.jpg\",\"contentUrl\":\"http:\/\/nakikifinance.com\/wp-content\/uploads\/2023\/06\/legal-finance-international.jpg\",\"width\":842,\"height\":131,\"caption\":\"LF Legal Finance SE\"},\"image\":{\"@id\":\"https:\/\/nakikifinance.com\/#\/schema\/logo\/image\/\"}}]}<\/script>\n<!-- \/ Yoast SEO plugin. -->","yoast_head_json":{"title":"Monetarisierung - Nakiki SE - Bitcoin Treasury","robots":{"index":"index","follow":"follow","max-snippet":"max-snippet:-1","max-image-preview":"max-image-preview:large","max-video-preview":"max-video-preview:-1"},"canonical":"https:\/\/nakikifinance.com\/es\/monetisation\/","og_locale":"es_ES","og_type":"article","og_title":"Monetarisierung - Nakiki SE - Bitcoin Treasury","og_description":"Legal Finance bietet in der Regel Finanzmittel f\u00fcr Rechtsstreitigkeiten im Austausch f\u00fcr einen Anteil an den daraus resultierenden Ertr\u00e4gen. Detaillierte Informationen hierzu finden Sie unter dem Punkt Prozessfinanzierung. Als neue Option k\u00f6nnen Prozessierende nun auch von unserer direkten Monetarisierung profitieren. Damit erweitert Legal Finance das Serviceportfolio um einen interessanten Baustein. Der Prozessierende erh\u00e4lt von Legal [&hellip;]","og_url":"https:\/\/nakikifinance.com\/es\/monetisation\/","og_site_name":"Nakiki SE - Bitcoin Treasury","article_modified_time":"2024-04-19T16:05:24+00:00","twitter_card":"summary_large_image","twitter_misc":{"Tiempo de lectura":"2 minutos"},"schema":{"@context":"https:\/\/schema.org","@graph":[{"@type":"WebPage","@id":"https:\/\/nakikifinance.com\/monetisation\/","url":"https:\/\/nakikifinance.com\/monetisation\/","name":"Monetarisierung - Nakiki SE - Bitcoin Treasury","isPartOf":{"@id":"https:\/\/nakikifinance.com\/#website"},"datePublished":"2023-10-03T09:03:58+00:00","dateModified":"2024-04-19T16:05:24+00:00","breadcrumb":{"@id":"https:\/\/nakikifinance.com\/monetisation\/#breadcrumb"},"inLanguage":"es","potentialAction":[{"@type":"ReadAction","target":["https:\/\/nakikifinance.com\/monetisation\/"]}]},{"@type":"BreadcrumbList","@id":"https:\/\/nakikifinance.com\/monetisation\/#breadcrumb","itemListElement":[{"@type":"ListItem","position":1,"name":"Startseite","item":"https:\/\/nakikifinance.com\/"},{"@type":"ListItem","position":2,"name":"Monetarisierung"}]},{"@type":"WebSite","@id":"https:\/\/nakikifinance.com\/#website","url":"https:\/\/nakikifinance.com\/","name":"LF Legal Finance SE Frankfurt","description":"Nakiki SE","publisher":{"@id":"https:\/\/nakikifinance.com\/#organization"},"potentialAction":[{"@type":"SearchAction","target":{"@type":"EntryPoint","urlTemplate":"https:\/\/nakikifinance.com\/?s={search_term_string}"},"query-input":"required name=search_term_string"}],"inLanguage":"es"},{"@type":"Organization","@id":"https:\/\/nakikifinance.com\/#organization","name":"LF Legal Finance SE","url":"https:\/\/nakikifinance.com\/","logo":{"@type":"ImageObject","inLanguage":"es","@id":"https:\/\/nakikifinance.com\/#\/schema\/logo\/image\/","url":"http:\/\/nakikifinance.com\/wp-content\/uploads\/2023\/06\/legal-finance-international.jpg","contentUrl":"http:\/\/nakikifinance.com\/wp-content\/uploads\/2023\/06\/legal-finance-international.jpg","width":842,"height":131,"caption":"LF Legal Finance SE"},"image":{"@id":"https:\/\/nakikifinance.com\/#\/schema\/logo\/image\/"}}]}},"_links":{"self":[{"href":"https:\/\/nakikifinance.com\/es\/wp-json\/wp\/v2\/pages\/451"}],"collection":[{"href":"https:\/\/nakikifinance.com\/es\/wp-json\/wp\/v2\/pages"}],"about":[{"href":"https:\/\/nakikifinance.com\/es\/wp-json\/wp\/v2\/types\/page"}],"author":[{"embeddable":true,"href":"https:\/\/nakikifinance.com\/es\/wp-json\/wp\/v2\/users\/1"}],"replies":[{"embeddable":true,"href":"https:\/\/nakikifinance.com\/es\/wp-json\/wp\/v2\/comments?post=451"}],"version-history":[{"count":7,"href":"https:\/\/nakikifinance.com\/es\/wp-json\/wp\/v2\/pages\/451\/revisions"}],"predecessor-version":[{"id":1529,"href":"https:\/\/nakikifinance.com\/es\/wp-json\/wp\/v2\/pages\/451\/revisions\/1529"}],"wp:attachment":[{"href":"https:\/\/nakikifinance.com\/es\/wp-json\/wp\/v2\/media?parent=451"}],"curies":[{"name":"wp","href":"https:\/\/api.w.org\/{rel}","templated":true}]}}