{"id":44,"date":"2023-06-23T10:20:24","date_gmt":"2023-06-23T08:20:24","guid":{"rendered":"https:\/\/nakikifinance.com\/?page_id=44"},"modified":"2026-04-02T11:43:17","modified_gmt":"2026-04-02T09:43:17","slug":"hauptversammlung","status":"publish","type":"page","link":"https:\/\/nakikifinance.com\/es\/hauptversammlung\/","title":{"rendered":"Junta General Anual"},"content":{"rendered":"<p style=\"margin-right:0;margin-left:0\">Wir laden unsere Aktion\u00e4re zu der am Montag, den 20. April 2026,<br>um 09:30 Uhr (MESZ), im Harheimer Hof, Alt Harheim 11, 60437 Frankfurt am Main, stattfindenden au\u00dferordentlichen Hauptversammlung ein.<\/p>\n\n\n\n<p><\/p>\n\n\n\n<p>Hier finden Sie die Einladungsdokumente zur au\u00dferordentlichen Hauptversammlung:<\/p>\n\n\n\n<figure class=\"wp-block-table\"><table><tbody><tr><td>1<\/td><td><a href=\"http:\/\/nakikifinance.com\/wp-content\/uploads\/2026\/03\/2026_04_20_NAKIKI_aoHV_2026_Einladung163586072.20.pdf\">Einladung mit Tagesordnung<\/a><\/td><\/tr><tr><td>2<\/td><td><a href=\"http:\/\/nakikifinance.com\/wp-content\/uploads\/2026\/03\/2026_04-26_NAKIKI_HV_Aktionaersrechte163697230.1.pdf\">Notas sobre los derechos de los accionistas<br>gem\u00e4\u00df \u00a7\u00a7 122 Abs. 2, 126 Abs. 1, 127, 131 Abs. 1 AktG<\/a><\/td><\/tr><tr><td>3<\/td><td><a href=\"http:\/\/nakikifinance.com\/wp-content\/uploads\/2026\/03\/2026_04_20_NAKIKI_HV_Bericht_Genehmigtes-Kapital163696924.1.pdf\">Bericht zu Top 4<\/a><\/td><\/tr><tr><td>4<\/td><td><a href=\"http:\/\/nakikifinance.com\/wp-content\/uploads\/2026\/03\/2026_04_20_NAKIKI_SE_Bericht_Bedingtes-Kapital163697211.1.pdf\">Bericht zu Top 3<\/a><\/td><\/tr><tr><td>5<\/td><td><a href=\"http:\/\/nakikifinance.com\/wp-content\/uploads\/2026\/03\/2026_04_20_NAKIKI_aoHV2026_DVO_Tabelle_3_A-F163697390.2.pdf\">Informationen gem\u00e4\u00df \u00a7 125 Abs. 1 in Verbindung mit \u00a7 125 Abs. 5 Aktiengesetz, Artikel 4 Abs. 1 und Tabelle 3 des Anhangs der Durchf\u00fchrungsverordnung (EU) 2018\/1212 (EU-DVO 2018\/1212)<\/a><\/td><\/tr><tr><td>6<\/td><td><a href=\"http:\/\/nakikifinance.com\/wp-content\/uploads\/2026\/03\/2026_04-26_NAKIKI_HV_Gesamtzahl_der-Aktien163696787.1.pdf\">Gesamtzahl der Aktien und der Stimmrechte im Zeitpunkt der Einberufung der au\u00dferordentlichen Hauptversammlung<\/a><\/td><\/tr><tr><td>7<\/td><td><a href=\"http:\/\/nakikifinance.com\/wp-content\/uploads\/2026\/03\/2026_04_20_NAKIKI_HV_Vollmacht163697389.1.pdf\">Vollmacht f\u00fcr einen Dritten<\/a><\/td><\/tr><tr><td>8<\/td><td><a href=\"http:\/\/nakikifinance.com\/wp-content\/uploads\/2026\/04\/2026_04_20_Nakiki_HV_Stimmrechtsvertreter_02042026163777719.2.pdf\">Vollmacht- und Weisungserteilung an den Stimmrechtsvertrete<\/a><a href=\"http:\/\/nakikifinance.com\/wp-content\/uploads\/2026\/04\/2026_04_20_Nakiki_HV_Stimmrechtsvertreter_02042026163777719.2.pdf\" target=\"_blank\" rel=\"noreferrer noopener\">r<\/a><\/td><\/tr><tr><td>9<\/td><td><a href=\"http:\/\/nakikifinance.com\/wp-content\/uploads\/2026\/02\/HE-Frankfurt_am_Main_HRB_137473Gesellschaftsvertrag_-_Satzung_-_Statut_-20260227113715.pdf\">Estatutos<\/a> <\/td><\/tr><tr><td>10<\/td><td><a href=\"http:\/\/nakikifinance.com\/wp-content\/uploads\/2026\/03\/2026_04_20_Nakiki_Vollmacht_Widerruf_V1163697388.1.pdf\" target=\"_blank\" rel=\"noreferrer noopener\">Widerruf Vollmacht an eine dritte Person und Widerruf Vollmacht und Weisungen an die Stimmrechtsvertreter der Gesellschaft <\/a><\/td><\/tr><tr><td>11<\/td><td><a href=\"http:\/\/nakikifinance.com\/wp-content\/uploads\/2026\/03\/CV_MG.pdf\">CV MG<\/a><\/td><\/tr><tr><td>12<\/td><td><a href=\"http:\/\/nakikifinance.com\/wp-content\/uploads\/2026\/03\/CV_ML_03_2026.pdf\">CV Dr. ML<\/a><\/td><\/tr><\/tbody><\/table><\/figure>\n\n\n\n<p><\/p>\n\n\n\n<p style=\"margin-right:0;margin-left:0\"><\/p>","protected":false},"excerpt":{"rendered":"<p>Wir laden unsere Aktion\u00e4re zu der am Montag, den 20. April 2026,um 09:30 Uhr (MESZ), im Harheimer Hof, Alt Harheim 11, 60437 Frankfurt am Main, stattfindenden au\u00dferordentlichen Hauptversammlung ein. Hier finden Sie die Einladungsdokumente zur au\u00dferordentlichen Hauptversammlung: 1 Einladung mit Tagesordnung 2 Erl\u00e4uterungen zu den Rechten der Aktion\u00e4regem\u00e4\u00df \u00a7\u00a7 122 Abs. 2, 126 Abs. 1, [&hellip;]<\/p>","protected":false},"author":1,"featured_media":0,"parent":0,"menu_order":0,"comment_status":"closed","ping_status":"closed","template":"page~0","meta":{"footnotes":""},"yoast_head":"<!-- This site is optimized with the Yoast SEO plugin v20.9 - https:\/\/yoast.com\/wordpress\/plugins\/seo\/ -->\n<title>Hauptversammlung - Nakiki SE - Bitcoin Treasury<\/title>\n<meta name=\"robots\" content=\"noindex, nofollow\" \/>\n<meta property=\"og:locale\" content=\"es_ES\" \/>\n<meta property=\"og:type\" content=\"article\" \/>\n<meta property=\"og:title\" content=\"Hauptversammlung - Nakiki SE - Bitcoin Treasury\" \/>\n<meta property=\"og:description\" content=\"Wir laden unsere Aktion\u00e4re zu der am Montag, den 20. April 2026,um 09:30 Uhr (MESZ), im Harheimer Hof, Alt Harheim 11, 60437 Frankfurt am Main, stattfindenden au\u00dferordentlichen Hauptversammlung ein. Hier finden Sie die Einladungsdokumente zur au\u00dferordentlichen Hauptversammlung: 1 Einladung mit Tagesordnung 2 Erl\u00e4uterungen zu den Rechten der Aktion\u00e4regem\u00e4\u00df \u00a7\u00a7 122 Abs. 2, 126 Abs. 1, [&hellip;]\" \/>\n<meta property=\"og:url\" content=\"https:\/\/nakikifinance.com\/es\/hauptversammlung\/\" \/>\n<meta property=\"og:site_name\" content=\"Nakiki SE - Bitcoin Treasury\" \/>\n<meta property=\"article:modified_time\" content=\"2026-04-02T09:43:17+00:00\" \/>\n<meta name=\"twitter:card\" content=\"summary_large_image\" \/>\n<meta name=\"twitter:label1\" content=\"Tiempo de lectura\" \/>\n\t<meta name=\"twitter:data1\" content=\"1 minuto\" \/>\n<script type=\"application\/ld+json\" class=\"yoast-schema-graph\">{\"@context\":\"https:\/\/schema.org\",\"@graph\":[{\"@type\":\"WebPage\",\"@id\":\"https:\/\/nakikifinance.com\/hauptversammlung\/\",\"url\":\"https:\/\/nakikifinance.com\/hauptversammlung\/\",\"name\":\"Hauptversammlung - Nakiki SE - Bitcoin Treasury\",\"isPartOf\":{\"@id\":\"https:\/\/nakikifinance.com\/#website\"},\"datePublished\":\"2023-06-23T08:20:24+00:00\",\"dateModified\":\"2026-04-02T09:43:17+00:00\",\"breadcrumb\":{\"@id\":\"https:\/\/nakikifinance.com\/hauptversammlung\/#breadcrumb\"},\"inLanguage\":\"es\",\"potentialAction\":[{\"@type\":\"ReadAction\",\"target\":[\"https:\/\/nakikifinance.com\/hauptversammlung\/\"]}]},{\"@type\":\"BreadcrumbList\",\"@id\":\"https:\/\/nakikifinance.com\/hauptversammlung\/#breadcrumb\",\"itemListElement\":[{\"@type\":\"ListItem\",\"position\":1,\"name\":\"Startseite\",\"item\":\"https:\/\/nakikifinance.com\/\"},{\"@type\":\"ListItem\",\"position\":2,\"name\":\"Hauptversammlung\"}]},{\"@type\":\"WebSite\",\"@id\":\"https:\/\/nakikifinance.com\/#website\",\"url\":\"https:\/\/nakikifinance.com\/\",\"name\":\"LF Legal Finance SE Frankfurt\",\"description\":\"Nakiki SE\",\"publisher\":{\"@id\":\"https:\/\/nakikifinance.com\/#organization\"},\"potentialAction\":[{\"@type\":\"SearchAction\",\"target\":{\"@type\":\"EntryPoint\",\"urlTemplate\":\"https:\/\/nakikifinance.com\/?s={search_term_string}\"},\"query-input\":\"required name=search_term_string\"}],\"inLanguage\":\"es\"},{\"@type\":\"Organization\",\"@id\":\"https:\/\/nakikifinance.com\/#organization\",\"name\":\"LF Legal Finance SE\",\"url\":\"https:\/\/nakikifinance.com\/\",\"logo\":{\"@type\":\"ImageObject\",\"inLanguage\":\"es\",\"@id\":\"https:\/\/nakikifinance.com\/#\/schema\/logo\/image\/\",\"url\":\"http:\/\/nakikifinance.com\/wp-content\/uploads\/2023\/06\/legal-finance-international.jpg\",\"contentUrl\":\"http:\/\/nakikifinance.com\/wp-content\/uploads\/2023\/06\/legal-finance-international.jpg\",\"width\":842,\"height\":131,\"caption\":\"LF Legal Finance SE\"},\"image\":{\"@id\":\"https:\/\/nakikifinance.com\/#\/schema\/logo\/image\/\"}}]}<\/script>\n<!-- \/ Yoast SEO plugin. -->","yoast_head_json":{"title":"Hauptversammlung - Nakiki SE - Bitcoin Treasury","robots":{"index":"noindex","follow":"nofollow"},"og_locale":"es_ES","og_type":"article","og_title":"Hauptversammlung - Nakiki SE - Bitcoin Treasury","og_description":"Wir laden unsere Aktion\u00e4re zu der am Montag, den 20. April 2026,um 09:30 Uhr (MESZ), im Harheimer Hof, Alt Harheim 11, 60437 Frankfurt am Main, stattfindenden au\u00dferordentlichen Hauptversammlung ein. Hier finden Sie die Einladungsdokumente zur au\u00dferordentlichen Hauptversammlung: 1 Einladung mit Tagesordnung 2 Erl\u00e4uterungen zu den Rechten der Aktion\u00e4regem\u00e4\u00df \u00a7\u00a7 122 Abs. 2, 126 Abs. 1, [&hellip;]","og_url":"https:\/\/nakikifinance.com\/es\/hauptversammlung\/","og_site_name":"Nakiki SE - Bitcoin Treasury","article_modified_time":"2026-04-02T09:43:17+00:00","twitter_card":"summary_large_image","twitter_misc":{"Tiempo de lectura":"1 minuto"},"schema":{"@context":"https:\/\/schema.org","@graph":[{"@type":"WebPage","@id":"https:\/\/nakikifinance.com\/hauptversammlung\/","url":"https:\/\/nakikifinance.com\/hauptversammlung\/","name":"Hauptversammlung - Nakiki SE - Bitcoin Treasury","isPartOf":{"@id":"https:\/\/nakikifinance.com\/#website"},"datePublished":"2023-06-23T08:20:24+00:00","dateModified":"2026-04-02T09:43:17+00:00","breadcrumb":{"@id":"https:\/\/nakikifinance.com\/hauptversammlung\/#breadcrumb"},"inLanguage":"es","potentialAction":[{"@type":"ReadAction","target":["https:\/\/nakikifinance.com\/hauptversammlung\/"]}]},{"@type":"BreadcrumbList","@id":"https:\/\/nakikifinance.com\/hauptversammlung\/#breadcrumb","itemListElement":[{"@type":"ListItem","position":1,"name":"Startseite","item":"https:\/\/nakikifinance.com\/"},{"@type":"ListItem","position":2,"name":"Hauptversammlung"}]},{"@type":"WebSite","@id":"https:\/\/nakikifinance.com\/#website","url":"https:\/\/nakikifinance.com\/","name":"LF Legal Finance SE Frankfurt","description":"Nakiki SE","publisher":{"@id":"https:\/\/nakikifinance.com\/#organization"},"potentialAction":[{"@type":"SearchAction","target":{"@type":"EntryPoint","urlTemplate":"https:\/\/nakikifinance.com\/?s={search_term_string}"},"query-input":"required name=search_term_string"}],"inLanguage":"es"},{"@type":"Organization","@id":"https:\/\/nakikifinance.com\/#organization","name":"LF Legal Finance SE","url":"https:\/\/nakikifinance.com\/","logo":{"@type":"ImageObject","inLanguage":"es","@id":"https:\/\/nakikifinance.com\/#\/schema\/logo\/image\/","url":"http:\/\/nakikifinance.com\/wp-content\/uploads\/2023\/06\/legal-finance-international.jpg","contentUrl":"http:\/\/nakikifinance.com\/wp-content\/uploads\/2023\/06\/legal-finance-international.jpg","width":842,"height":131,"caption":"LF Legal Finance SE"},"image":{"@id":"https:\/\/nakikifinance.com\/#\/schema\/logo\/image\/"}}]}},"_links":{"self":[{"href":"https:\/\/nakikifinance.com\/es\/wp-json\/wp\/v2\/pages\/44"}],"collection":[{"href":"https:\/\/nakikifinance.com\/es\/wp-json\/wp\/v2\/pages"}],"about":[{"href":"https:\/\/nakikifinance.com\/es\/wp-json\/wp\/v2\/types\/page"}],"author":[{"embeddable":true,"href":"https:\/\/nakikifinance.com\/es\/wp-json\/wp\/v2\/users\/1"}],"replies":[{"embeddable":true,"href":"https:\/\/nakikifinance.com\/es\/wp-json\/wp\/v2\/comments?post=44"}],"version-history":[{"count":61,"href":"https:\/\/nakikifinance.com\/es\/wp-json\/wp\/v2\/pages\/44\/revisions"}],"predecessor-version":[{"id":3038,"href":"https:\/\/nakikifinance.com\/es\/wp-json\/wp\/v2\/pages\/44\/revisions\/3038"}],"wp:attachment":[{"href":"https:\/\/nakikifinance.com\/es\/wp-json\/wp\/v2\/media?parent=44"}],"curies":[{"name":"wp","href":"https:\/\/api.w.org\/{rel}","templated":true}]}}