{"id":34,"date":"2023-06-23T10:16:52","date_gmt":"2023-06-23T08:16:52","guid":{"rendered":"https:\/\/nakikifinance.com\/?page_id=34"},"modified":"2023-06-24T06:28:22","modified_gmt":"2023-06-24T04:28:22","slug":"background","status":"publish","type":"page","link":"https:\/\/nakikifinance.com\/es\/background\/","title":{"rendered":"Fondo"},"content":{"rendered":"<blockquote class=\"wp-block-quote\">\n<p><em>Wer sein Recht nicht wahret, gibt es auf.<\/em><\/p>\n<cite>Ernst Raupach (1784 &#8211; 1852), Schriftsteller<\/cite><\/blockquote>\n\n\n\n<p>Recht haben und Recht bekommen ist nicht dasselbe. Recht bekommen ist teuer und oftmals unerschwinglich oder aufw\u00e4ndig: Internationale Gro\u00dfverfahren mit spezialisierten Anw\u00e4lten sind langwierig und teuer, die Dauer manchmal unkalkulierbar. Legal Finance investiert in solche Gro\u00dfverfahren.<\/p>\n\n\n\n<p>In Massenverfahren mit kleinem Streitwert kann jedes einzelne Verfahren komplex sein, die Kostenerstattung dagegen ist unangemessen niedrig und steht in keinem Verh\u00e4ltnis zum Aufwand den wahren Kosten. Legal Finance finanziert die B\u00fcndelung solcher Massenverfahren zur F\u00fchrung von Musterprozessen.<\/p>\n\n\n\n<p>Insolvenzverwaltern und \u00e4hnlichen Abwicklern stehen h\u00e4ufig nur sehr begrenzte finanzielle Mittel zur Verf\u00fcgung. Demgegen\u00fcber stehen potentielle Anspr\u00fcche, die z\u00fcgig und kompromisslos durchgesetzt werden m\u00fcssen.<\/p>\n\n\n\n<p>Legal Finance beteiligt sich an solchen Anspr\u00fcchen.<\/p>\n\n\n\n<p>Legal Finance investiert nicht direkt, sondern \u00fcber <a href=\"https:\/\/nakikifinance.com\/es\/tochtergesellschaften\/\">SPVs oder Tochtergesellschaften<\/a>.<\/p>\n\n\n\n<p>Wir finanzieren:<\/p>\n\n\n\n<ul>\n<li>Internationale Gro\u00dfverfahren<\/li>\n\n\n\n<li>Procedimiento de masas<\/li>\n\n\n\n<li>Spekulative Forderungen<\/li>\n\n\n\n<li>Insolvenzforderungen<\/li>\n\n\n\n<li>Spezialverfahren, z.B. Staatshaftung, UDRP, URS, ADR u.\u00e4.<\/li>\n\n\n\n<li>Vollstreckungen, Inkasso<\/li>\n<\/ul>","protected":false},"excerpt":{"rendered":"<p>Wer sein Recht nicht wahret, gibt es auf. Ernst Raupach (1784 &#8211; 1852), Schriftsteller Recht haben und Recht bekommen ist nicht dasselbe. Recht bekommen ist teuer und oftmals unerschwinglich oder aufw\u00e4ndig: Internationale Gro\u00dfverfahren mit spezialisierten Anw\u00e4lten sind langwierig und teuer, die Dauer manchmal unkalkulierbar. Legal Finance investiert in solche Gro\u00dfverfahren. In Massenverfahren mit kleinem Streitwert [&hellip;]<\/p>","protected":false},"author":1,"featured_media":0,"parent":0,"menu_order":0,"comment_status":"closed","ping_status":"closed","template":"","meta":{"footnotes":""},"yoast_head":"<!-- This site is optimized with the Yoast SEO plugin v20.9 - https:\/\/yoast.com\/wordpress\/plugins\/seo\/ -->\n<title>Background - Nakiki SE - Bitcoin Treasury<\/title>\n<meta name=\"robots\" content=\"index, follow, max-snippet:-1, max-image-preview:large, max-video-preview:-1\" \/>\n<link rel=\"canonical\" href=\"https:\/\/nakikifinance.com\/es\/background\/\" \/>\n<meta property=\"og:locale\" content=\"es_ES\" \/>\n<meta property=\"og:type\" content=\"article\" \/>\n<meta property=\"og:title\" content=\"Background - Nakiki SE - Bitcoin Treasury\" \/>\n<meta property=\"og:description\" content=\"Wer sein Recht nicht wahret, gibt es auf. Ernst Raupach (1784 &#8211; 1852), Schriftsteller Recht haben und Recht bekommen ist nicht dasselbe. Recht bekommen ist teuer und oftmals unerschwinglich oder aufw\u00e4ndig: Internationale Gro\u00dfverfahren mit spezialisierten Anw\u00e4lten sind langwierig und teuer, die Dauer manchmal unkalkulierbar. Legal Finance investiert in solche Gro\u00dfverfahren. In Massenverfahren mit kleinem Streitwert [&hellip;]\" \/>\n<meta property=\"og:url\" content=\"https:\/\/nakikifinance.com\/es\/background\/\" \/>\n<meta property=\"og:site_name\" content=\"Nakiki SE - Bitcoin Treasury\" \/>\n<meta property=\"article:modified_time\" content=\"2023-06-24T04:28:22+00:00\" \/>\n<meta name=\"twitter:card\" content=\"summary_large_image\" \/>\n<meta name=\"twitter:label1\" content=\"Tiempo de lectura\" \/>\n\t<meta name=\"twitter:data1\" content=\"1 minuto\" \/>\n<script type=\"application\/ld+json\" class=\"yoast-schema-graph\">{\"@context\":\"https:\/\/schema.org\",\"@graph\":[{\"@type\":\"WebPage\",\"@id\":\"https:\/\/nakikifinance.com\/background\/\",\"url\":\"https:\/\/nakikifinance.com\/background\/\",\"name\":\"Background - Nakiki SE - Bitcoin Treasury\",\"isPartOf\":{\"@id\":\"https:\/\/nakikifinance.com\/#website\"},\"datePublished\":\"2023-06-23T08:16:52+00:00\",\"dateModified\":\"2023-06-24T04:28:22+00:00\",\"breadcrumb\":{\"@id\":\"https:\/\/nakikifinance.com\/background\/#breadcrumb\"},\"inLanguage\":\"es\",\"potentialAction\":[{\"@type\":\"ReadAction\",\"target\":[\"https:\/\/nakikifinance.com\/background\/\"]}]},{\"@type\":\"BreadcrumbList\",\"@id\":\"https:\/\/nakikifinance.com\/background\/#breadcrumb\",\"itemListElement\":[{\"@type\":\"ListItem\",\"position\":1,\"name\":\"Startseite\",\"item\":\"https:\/\/nakikifinance.com\/\"},{\"@type\":\"ListItem\",\"position\":2,\"name\":\"Background\"}]},{\"@type\":\"WebSite\",\"@id\":\"https:\/\/nakikifinance.com\/#website\",\"url\":\"https:\/\/nakikifinance.com\/\",\"name\":\"LF Legal Finance SE Frankfurt\",\"description\":\"Nakiki SE\",\"publisher\":{\"@id\":\"https:\/\/nakikifinance.com\/#organization\"},\"potentialAction\":[{\"@type\":\"SearchAction\",\"target\":{\"@type\":\"EntryPoint\",\"urlTemplate\":\"https:\/\/nakikifinance.com\/?s={search_term_string}\"},\"query-input\":\"required name=search_term_string\"}],\"inLanguage\":\"es\"},{\"@type\":\"Organization\",\"@id\":\"https:\/\/nakikifinance.com\/#organization\",\"name\":\"LF Legal Finance SE\",\"url\":\"https:\/\/nakikifinance.com\/\",\"logo\":{\"@type\":\"ImageObject\",\"inLanguage\":\"es\",\"@id\":\"https:\/\/nakikifinance.com\/#\/schema\/logo\/image\/\",\"url\":\"http:\/\/nakikifinance.com\/wp-content\/uploads\/2023\/06\/legal-finance-international.jpg\",\"contentUrl\":\"http:\/\/nakikifinance.com\/wp-content\/uploads\/2023\/06\/legal-finance-international.jpg\",\"width\":842,\"height\":131,\"caption\":\"LF Legal Finance SE\"},\"image\":{\"@id\":\"https:\/\/nakikifinance.com\/#\/schema\/logo\/image\/\"}}]}<\/script>\n<!-- \/ Yoast SEO plugin. -->","yoast_head_json":{"title":"Background - Nakiki SE - Bitcoin Treasury","robots":{"index":"index","follow":"follow","max-snippet":"max-snippet:-1","max-image-preview":"max-image-preview:large","max-video-preview":"max-video-preview:-1"},"canonical":"https:\/\/nakikifinance.com\/es\/background\/","og_locale":"es_ES","og_type":"article","og_title":"Background - Nakiki SE - Bitcoin Treasury","og_description":"Wer sein Recht nicht wahret, gibt es auf. Ernst Raupach (1784 &#8211; 1852), Schriftsteller Recht haben und Recht bekommen ist nicht dasselbe. Recht bekommen ist teuer und oftmals unerschwinglich oder aufw\u00e4ndig: Internationale Gro\u00dfverfahren mit spezialisierten Anw\u00e4lten sind langwierig und teuer, die Dauer manchmal unkalkulierbar. Legal Finance investiert in solche Gro\u00dfverfahren. In Massenverfahren mit kleinem Streitwert [&hellip;]","og_url":"https:\/\/nakikifinance.com\/es\/background\/","og_site_name":"Nakiki SE - Bitcoin Treasury","article_modified_time":"2023-06-24T04:28:22+00:00","twitter_card":"summary_large_image","twitter_misc":{"Tiempo de lectura":"1 minuto"},"schema":{"@context":"https:\/\/schema.org","@graph":[{"@type":"WebPage","@id":"https:\/\/nakikifinance.com\/background\/","url":"https:\/\/nakikifinance.com\/background\/","name":"Background - Nakiki SE - Bitcoin Treasury","isPartOf":{"@id":"https:\/\/nakikifinance.com\/#website"},"datePublished":"2023-06-23T08:16:52+00:00","dateModified":"2023-06-24T04:28:22+00:00","breadcrumb":{"@id":"https:\/\/nakikifinance.com\/background\/#breadcrumb"},"inLanguage":"es","potentialAction":[{"@type":"ReadAction","target":["https:\/\/nakikifinance.com\/background\/"]}]},{"@type":"BreadcrumbList","@id":"https:\/\/nakikifinance.com\/background\/#breadcrumb","itemListElement":[{"@type":"ListItem","position":1,"name":"Startseite","item":"https:\/\/nakikifinance.com\/"},{"@type":"ListItem","position":2,"name":"Background"}]},{"@type":"WebSite","@id":"https:\/\/nakikifinance.com\/#website","url":"https:\/\/nakikifinance.com\/","name":"LF Legal Finance SE Frankfurt","description":"Nakiki SE","publisher":{"@id":"https:\/\/nakikifinance.com\/#organization"},"potentialAction":[{"@type":"SearchAction","target":{"@type":"EntryPoint","urlTemplate":"https:\/\/nakikifinance.com\/?s={search_term_string}"},"query-input":"required name=search_term_string"}],"inLanguage":"es"},{"@type":"Organization","@id":"https:\/\/nakikifinance.com\/#organization","name":"LF Legal Finance SE","url":"https:\/\/nakikifinance.com\/","logo":{"@type":"ImageObject","inLanguage":"es","@id":"https:\/\/nakikifinance.com\/#\/schema\/logo\/image\/","url":"http:\/\/nakikifinance.com\/wp-content\/uploads\/2023\/06\/legal-finance-international.jpg","contentUrl":"http:\/\/nakikifinance.com\/wp-content\/uploads\/2023\/06\/legal-finance-international.jpg","width":842,"height":131,"caption":"LF Legal Finance SE"},"image":{"@id":"https:\/\/nakikifinance.com\/#\/schema\/logo\/image\/"}}]}},"_links":{"self":[{"href":"https:\/\/nakikifinance.com\/es\/wp-json\/wp\/v2\/pages\/34"}],"collection":[{"href":"https:\/\/nakikifinance.com\/es\/wp-json\/wp\/v2\/pages"}],"about":[{"href":"https:\/\/nakikifinance.com\/es\/wp-json\/wp\/v2\/types\/page"}],"author":[{"embeddable":true,"href":"https:\/\/nakikifinance.com\/es\/wp-json\/wp\/v2\/users\/1"}],"replies":[{"embeddable":true,"href":"https:\/\/nakikifinance.com\/es\/wp-json\/wp\/v2\/comments?post=34"}],"version-history":[{"count":5,"href":"https:\/\/nakikifinance.com\/es\/wp-json\/wp\/v2\/pages\/34\/revisions"}],"predecessor-version":[{"id":228,"href":"https:\/\/nakikifinance.com\/es\/wp-json\/wp\/v2\/pages\/34\/revisions\/228"}],"wp:attachment":[{"href":"https:\/\/nakikifinance.com\/es\/wp-json\/wp\/v2\/media?parent=34"}],"curies":[{"name":"wp","href":"https:\/\/api.w.org\/{rel}","templated":true}]}}