{"id":846,"date":"2024-04-18T09:59:17","date_gmt":"2024-04-18T07:59:17","guid":{"rendered":"https:\/\/nakikifinance.com\/?page_id=846"},"modified":"2025-09-21T19:23:52","modified_gmt":"2025-09-21T17:23:52","slug":"vision-mission","status":"publish","type":"page","link":"https:\/\/nakikifinance.com\/en_ca\/vision-mission\/","title":{"rendered":"Vision &amp; Mission"},"content":{"rendered":"<p>Nakiki SE ist seit 2025 mit einem klaren Ziel unterwegs: Als erstes deutsches Unternehmen eine 100 % <strong><em>Bitcoin-Treasury<\/em>-strategy<\/strong> umzusetzen. Bitcoin dient uns als alleiniges Reserve-Asset, das Herzst\u00fcck unseres Gesch\u00e4ftsmodells.<\/p>\n\n\n\n<p>Wir investieren ausschlie\u00dflich in Bitcoin, bauen nachhaltige Strukturen auf und entwickeln finanzielle L\u00f6sungen, die Bitcoin akkumulieren statt verw\u00e4ssernder Alternativen. Unser Anspruch ist es, das Verh\u00e4ltnis von Bitcoin-Reservestand pro Aktie langfristig zu maximieren.<\/p>\n\n\n\n<p>Unsere Aktion\u00e4re profitieren von einem liquiden, regulierten Zugang zu dieser innovativen Verm\u00f6gensklasse, begleitet von maximaler Transparenz und nachvollziehbarer Unternehmensf\u00fchrung.<\/p>","protected":false},"excerpt":{"rendered":"<p>Nakiki SE ist seit 2025 mit einem klaren Ziel unterwegs: Als erstes deutsches Unternehmen eine 100 % Bitcoin-Treasury-Strategie umzusetzen. Bitcoin dient uns als alleiniges Reserve-Asset, das Herzst\u00fcck unseres Gesch\u00e4ftsmodells. Wir investieren ausschlie\u00dflich in Bitcoin, bauen nachhaltige Strukturen auf und entwickeln finanzielle L\u00f6sungen, die Bitcoin akkumulieren statt verw\u00e4ssernder Alternativen. Unser Anspruch ist es, das Verh\u00e4ltnis von [&hellip;]<\/p>","protected":false},"author":1,"featured_media":0,"parent":0,"menu_order":0,"comment_status":"closed","ping_status":"closed","template":"page~0","meta":{"footnotes":""},"yoast_head":"<!-- This site is optimized with the Yoast SEO plugin v20.9 - https:\/\/yoast.com\/wordpress\/plugins\/seo\/ -->\n<title>Vision &amp; Mission - Nakiki SE - Bitcoin Treasury<\/title>\n<meta name=\"robots\" content=\"index, follow, max-snippet:-1, max-image-preview:large, max-video-preview:-1\" \/>\n<link rel=\"canonical\" href=\"https:\/\/nakikifinance.com\/en_ca\/vision-mission\/\" \/>\n<meta property=\"og:locale\" content=\"en_US\" \/>\n<meta property=\"og:type\" content=\"article\" \/>\n<meta property=\"og:title\" content=\"Vision &amp; Mission - Nakiki SE - Bitcoin Treasury\" \/>\n<meta property=\"og:description\" content=\"Nakiki SE ist seit 2025 mit einem klaren Ziel unterwegs: Als erstes deutsches Unternehmen eine 100 % Bitcoin-Treasury-Strategie umzusetzen. Bitcoin dient uns als alleiniges Reserve-Asset, das Herzst\u00fcck unseres Gesch\u00e4ftsmodells. Wir investieren ausschlie\u00dflich in Bitcoin, bauen nachhaltige Strukturen auf und entwickeln finanzielle L\u00f6sungen, die Bitcoin akkumulieren statt verw\u00e4ssernder Alternativen. Unser Anspruch ist es, das Verh\u00e4ltnis von [&hellip;]\" \/>\n<meta property=\"og:url\" content=\"https:\/\/nakikifinance.com\/en_ca\/vision-mission\/\" \/>\n<meta property=\"og:site_name\" content=\"Nakiki SE - Bitcoin Treasury\" \/>\n<meta property=\"article:modified_time\" content=\"2025-09-21T17:23:52+00:00\" \/>\n<meta name=\"twitter:card\" content=\"summary_large_image\" \/>\n<meta name=\"twitter:label1\" content=\"Est. reading time\" \/>\n\t<meta name=\"twitter:data1\" content=\"1 minute\" \/>\n<script type=\"application\/ld+json\" class=\"yoast-schema-graph\">{\"@context\":\"https:\/\/schema.org\",\"@graph\":[{\"@type\":\"WebPage\",\"@id\":\"https:\/\/nakikifinance.com\/vision-mission\/\",\"url\":\"https:\/\/nakikifinance.com\/vision-mission\/\",\"name\":\"Vision & Mission - Nakiki SE - Bitcoin Treasury\",\"isPartOf\":{\"@id\":\"https:\/\/nakikifinance.com\/#website\"},\"datePublished\":\"2024-04-18T07:59:17+00:00\",\"dateModified\":\"2025-09-21T17:23:52+00:00\",\"breadcrumb\":{\"@id\":\"https:\/\/nakikifinance.com\/vision-mission\/#breadcrumb\"},\"inLanguage\":\"en-CA\",\"potentialAction\":[{\"@type\":\"ReadAction\",\"target\":[\"https:\/\/nakikifinance.com\/vision-mission\/\"]}]},{\"@type\":\"BreadcrumbList\",\"@id\":\"https:\/\/nakikifinance.com\/vision-mission\/#breadcrumb\",\"itemListElement\":[{\"@type\":\"ListItem\",\"position\":1,\"name\":\"Startseite\",\"item\":\"https:\/\/nakikifinance.com\/\"},{\"@type\":\"ListItem\",\"position\":2,\"name\":\"Vision &#038; Mission\"}]},{\"@type\":\"WebSite\",\"@id\":\"https:\/\/nakikifinance.com\/#website\",\"url\":\"https:\/\/nakikifinance.com\/\",\"name\":\"LF Legal Finance SE Frankfurt\",\"description\":\"Nakiki SE\",\"publisher\":{\"@id\":\"https:\/\/nakikifinance.com\/#organization\"},\"potentialAction\":[{\"@type\":\"SearchAction\",\"target\":{\"@type\":\"EntryPoint\",\"urlTemplate\":\"https:\/\/nakikifinance.com\/?s={search_term_string}\"},\"query-input\":\"required name=search_term_string\"}],\"inLanguage\":\"en-CA\"},{\"@type\":\"Organization\",\"@id\":\"https:\/\/nakikifinance.com\/#organization\",\"name\":\"LF Legal Finance SE\",\"url\":\"https:\/\/nakikifinance.com\/\",\"logo\":{\"@type\":\"ImageObject\",\"inLanguage\":\"en-CA\",\"@id\":\"https:\/\/nakikifinance.com\/#\/schema\/logo\/image\/\",\"url\":\"http:\/\/nakikifinance.com\/wp-content\/uploads\/2023\/06\/legal-finance-international.jpg\",\"contentUrl\":\"http:\/\/nakikifinance.com\/wp-content\/uploads\/2023\/06\/legal-finance-international.jpg\",\"width\":842,\"height\":131,\"caption\":\"LF Legal Finance SE\"},\"image\":{\"@id\":\"https:\/\/nakikifinance.com\/#\/schema\/logo\/image\/\"}}]}<\/script>\n<!-- \/ Yoast SEO plugin. -->","yoast_head_json":{"title":"Vision & Mission - Nakiki SE - Bitcoin Treasury","robots":{"index":"index","follow":"follow","max-snippet":"max-snippet:-1","max-image-preview":"max-image-preview:large","max-video-preview":"max-video-preview:-1"},"canonical":"https:\/\/nakikifinance.com\/en_ca\/vision-mission\/","og_locale":"en_US","og_type":"article","og_title":"Vision & Mission - Nakiki SE - Bitcoin Treasury","og_description":"Nakiki SE ist seit 2025 mit einem klaren Ziel unterwegs: Als erstes deutsches Unternehmen eine 100 % Bitcoin-Treasury-Strategie umzusetzen. Bitcoin dient uns als alleiniges Reserve-Asset, das Herzst\u00fcck unseres Gesch\u00e4ftsmodells. Wir investieren ausschlie\u00dflich in Bitcoin, bauen nachhaltige Strukturen auf und entwickeln finanzielle L\u00f6sungen, die Bitcoin akkumulieren statt verw\u00e4ssernder Alternativen. Unser Anspruch ist es, das Verh\u00e4ltnis von [&hellip;]","og_url":"https:\/\/nakikifinance.com\/en_ca\/vision-mission\/","og_site_name":"Nakiki SE - Bitcoin Treasury","article_modified_time":"2025-09-21T17:23:52+00:00","twitter_card":"summary_large_image","twitter_misc":{"Est. reading time":"1 minute"},"schema":{"@context":"https:\/\/schema.org","@graph":[{"@type":"WebPage","@id":"https:\/\/nakikifinance.com\/vision-mission\/","url":"https:\/\/nakikifinance.com\/vision-mission\/","name":"Vision & Mission - Nakiki SE - Bitcoin Treasury","isPartOf":{"@id":"https:\/\/nakikifinance.com\/#website"},"datePublished":"2024-04-18T07:59:17+00:00","dateModified":"2025-09-21T17:23:52+00:00","breadcrumb":{"@id":"https:\/\/nakikifinance.com\/vision-mission\/#breadcrumb"},"inLanguage":"en-CA","potentialAction":[{"@type":"ReadAction","target":["https:\/\/nakikifinance.com\/vision-mission\/"]}]},{"@type":"BreadcrumbList","@id":"https:\/\/nakikifinance.com\/vision-mission\/#breadcrumb","itemListElement":[{"@type":"ListItem","position":1,"name":"Startseite","item":"https:\/\/nakikifinance.com\/"},{"@type":"ListItem","position":2,"name":"Vision &#038; Mission"}]},{"@type":"WebSite","@id":"https:\/\/nakikifinance.com\/#website","url":"https:\/\/nakikifinance.com\/","name":"LF Legal Finance SE Frankfurt","description":"Nakiki SE","publisher":{"@id":"https:\/\/nakikifinance.com\/#organization"},"potentialAction":[{"@type":"SearchAction","target":{"@type":"EntryPoint","urlTemplate":"https:\/\/nakikifinance.com\/?s={search_term_string}"},"query-input":"required name=search_term_string"}],"inLanguage":"en-CA"},{"@type":"Organization","@id":"https:\/\/nakikifinance.com\/#organization","name":"LF Legal Finance SE","url":"https:\/\/nakikifinance.com\/","logo":{"@type":"ImageObject","inLanguage":"en-CA","@id":"https:\/\/nakikifinance.com\/#\/schema\/logo\/image\/","url":"http:\/\/nakikifinance.com\/wp-content\/uploads\/2023\/06\/legal-finance-international.jpg","contentUrl":"http:\/\/nakikifinance.com\/wp-content\/uploads\/2023\/06\/legal-finance-international.jpg","width":842,"height":131,"caption":"LF Legal Finance SE"},"image":{"@id":"https:\/\/nakikifinance.com\/#\/schema\/logo\/image\/"}}]}},"_links":{"self":[{"href":"https:\/\/nakikifinance.com\/en_ca\/wp-json\/wp\/v2\/pages\/846"}],"collection":[{"href":"https:\/\/nakikifinance.com\/en_ca\/wp-json\/wp\/v2\/pages"}],"about":[{"href":"https:\/\/nakikifinance.com\/en_ca\/wp-json\/wp\/v2\/types\/page"}],"author":[{"embeddable":true,"href":"https:\/\/nakikifinance.com\/en_ca\/wp-json\/wp\/v2\/users\/1"}],"replies":[{"embeddable":true,"href":"https:\/\/nakikifinance.com\/en_ca\/wp-json\/wp\/v2\/comments?post=846"}],"version-history":[{"count":4,"href":"https:\/\/nakikifinance.com\/en_ca\/wp-json\/wp\/v2\/pages\/846\/revisions"}],"predecessor-version":[{"id":2562,"href":"https:\/\/nakikifinance.com\/en_ca\/wp-json\/wp\/v2\/pages\/846\/revisions\/2562"}],"wp:attachment":[{"href":"https:\/\/nakikifinance.com\/en_ca\/wp-json\/wp\/v2\/media?parent=846"}],"curies":[{"name":"wp","href":"https:\/\/api.w.org\/{rel}","templated":true}]}}