{"id":836,"date":"2024-04-18T09:53:11","date_gmt":"2024-04-18T07:53:11","guid":{"rendered":"https:\/\/nakikifinance.com\/?page_id=836"},"modified":"2024-04-21T13:12:16","modified_gmt":"2024-04-21T11:12:16","slug":"massenverfahren","status":"publish","type":"page","link":"https:\/\/nakikifinance.com\/en_ca\/massenverfahren\/","title":{"rendered":"Mass proceedings"},"content":{"rendered":"<p>Legal Finance finanziert Gro\u00df- und Massenverfahren auf Seiten der Kl\u00e4ger. Beispielsweise finanziert Legal Finance <a href=\"https:\/\/nakikifinance.com\/en_ca\/nakiki-se-legal-finance-finanziert-casino-klagen\/\" data-type=\"post\" data-id=\"1536\">Massenverfahren gegen Online-Casinos<\/a>.<\/p>\n\n\n\n<p>Dabei finanziert Legal Finance massenweise Kl\u00e4ger, die in illegalen Online-Casinos zehn- oder hunderttausende Euro verloren haben. F\u00fcr den Kl\u00e4ger ist das gesamte Verfahren kostenlos, Legal Finance ist mit einem Anteil am Prozesserfolg beteiligt.<\/p>\n\n\n\n<p>Sind Sie eine spezialisierte Anwaltskanzlei, die in Massenverfahren t\u00e4tig ist? Dann <a href=\"https:\/\/nakikifinance.com\/en_ca\/kontakt\/\" data-type=\"page\" data-id=\"46\">kontaktieren Sie uns gern<\/a>, wenn Sie eine einfache und flexible Finanzierungsm\u00f6glichkeit f\u00fcr Ihre Mandanten suchen.<\/p>","protected":false},"excerpt":{"rendered":"<p>Legal Finance finanziert Gro\u00df- und Massenverfahren auf Seiten der Kl\u00e4ger. Beispielsweise finanziert Legal Finance Massenverfahren gegen Online-Casinos. Dabei finanziert Legal Finance massenweise Kl\u00e4ger, die in illegalen Online-Casinos zehn- oder hunderttausende Euro verloren haben. F\u00fcr den Kl\u00e4ger ist das gesamte Verfahren kostenlos, Legal Finance ist mit einem Anteil am Prozesserfolg beteiligt. Sind Sie eine spezialisierte Anwaltskanzlei, [&hellip;]<\/p>","protected":false},"author":1,"featured_media":0,"parent":0,"menu_order":0,"comment_status":"closed","ping_status":"closed","template":"page~0","meta":{"footnotes":""},"yoast_head":"<!-- This site is optimized with the Yoast SEO plugin v20.9 - https:\/\/yoast.com\/wordpress\/plugins\/seo\/ -->\n<title>Massenverfahren - Nakiki SE - Bitcoin Treasury<\/title>\n<meta name=\"robots\" content=\"index, follow, max-snippet:-1, max-image-preview:large, max-video-preview:-1\" \/>\n<link rel=\"canonical\" href=\"https:\/\/nakikifinance.com\/en_ca\/massenverfahren\/\" \/>\n<meta property=\"og:locale\" content=\"en_US\" \/>\n<meta property=\"og:type\" content=\"article\" \/>\n<meta property=\"og:title\" content=\"Massenverfahren - Nakiki SE - Bitcoin Treasury\" \/>\n<meta property=\"og:description\" content=\"Legal Finance finanziert Gro\u00df- und Massenverfahren auf Seiten der Kl\u00e4ger. Beispielsweise finanziert Legal Finance Massenverfahren gegen Online-Casinos. Dabei finanziert Legal Finance massenweise Kl\u00e4ger, die in illegalen Online-Casinos zehn- oder hunderttausende Euro verloren haben. F\u00fcr den Kl\u00e4ger ist das gesamte Verfahren kostenlos, Legal Finance ist mit einem Anteil am Prozesserfolg beteiligt. Sind Sie eine spezialisierte Anwaltskanzlei, [&hellip;]\" \/>\n<meta property=\"og:url\" content=\"https:\/\/nakikifinance.com\/en_ca\/massenverfahren\/\" \/>\n<meta property=\"og:site_name\" content=\"Nakiki SE - Bitcoin Treasury\" \/>\n<meta property=\"article:modified_time\" content=\"2024-04-21T11:12:16+00:00\" \/>\n<meta name=\"twitter:card\" content=\"summary_large_image\" \/>\n<script type=\"application\/ld+json\" class=\"yoast-schema-graph\">{\"@context\":\"https:\/\/schema.org\",\"@graph\":[{\"@type\":\"WebPage\",\"@id\":\"https:\/\/nakikifinance.com\/massenverfahren\/\",\"url\":\"https:\/\/nakikifinance.com\/massenverfahren\/\",\"name\":\"Massenverfahren - Nakiki SE - Bitcoin Treasury\",\"isPartOf\":{\"@id\":\"https:\/\/nakikifinance.com\/#website\"},\"datePublished\":\"2024-04-18T07:53:11+00:00\",\"dateModified\":\"2024-04-21T11:12:16+00:00\",\"breadcrumb\":{\"@id\":\"https:\/\/nakikifinance.com\/massenverfahren\/#breadcrumb\"},\"inLanguage\":\"en-CA\",\"potentialAction\":[{\"@type\":\"ReadAction\",\"target\":[\"https:\/\/nakikifinance.com\/massenverfahren\/\"]}]},{\"@type\":\"BreadcrumbList\",\"@id\":\"https:\/\/nakikifinance.com\/massenverfahren\/#breadcrumb\",\"itemListElement\":[{\"@type\":\"ListItem\",\"position\":1,\"name\":\"Startseite\",\"item\":\"https:\/\/nakikifinance.com\/\"},{\"@type\":\"ListItem\",\"position\":2,\"name\":\"Massenverfahren\"}]},{\"@type\":\"WebSite\",\"@id\":\"https:\/\/nakikifinance.com\/#website\",\"url\":\"https:\/\/nakikifinance.com\/\",\"name\":\"LF Legal Finance SE Frankfurt\",\"description\":\"Nakiki SE\",\"publisher\":{\"@id\":\"https:\/\/nakikifinance.com\/#organization\"},\"potentialAction\":[{\"@type\":\"SearchAction\",\"target\":{\"@type\":\"EntryPoint\",\"urlTemplate\":\"https:\/\/nakikifinance.com\/?s={search_term_string}\"},\"query-input\":\"required name=search_term_string\"}],\"inLanguage\":\"en-CA\"},{\"@type\":\"Organization\",\"@id\":\"https:\/\/nakikifinance.com\/#organization\",\"name\":\"LF Legal Finance SE\",\"url\":\"https:\/\/nakikifinance.com\/\",\"logo\":{\"@type\":\"ImageObject\",\"inLanguage\":\"en-CA\",\"@id\":\"https:\/\/nakikifinance.com\/#\/schema\/logo\/image\/\",\"url\":\"http:\/\/nakikifinance.com\/wp-content\/uploads\/2023\/06\/legal-finance-international.jpg\",\"contentUrl\":\"http:\/\/nakikifinance.com\/wp-content\/uploads\/2023\/06\/legal-finance-international.jpg\",\"width\":842,\"height\":131,\"caption\":\"LF Legal Finance SE\"},\"image\":{\"@id\":\"https:\/\/nakikifinance.com\/#\/schema\/logo\/image\/\"}}]}<\/script>\n<!-- \/ Yoast SEO plugin. -->","yoast_head_json":{"title":"Massenverfahren - Nakiki SE - Bitcoin Treasury","robots":{"index":"index","follow":"follow","max-snippet":"max-snippet:-1","max-image-preview":"max-image-preview:large","max-video-preview":"max-video-preview:-1"},"canonical":"https:\/\/nakikifinance.com\/en_ca\/massenverfahren\/","og_locale":"en_US","og_type":"article","og_title":"Massenverfahren - Nakiki SE - Bitcoin Treasury","og_description":"Legal Finance finanziert Gro\u00df- und Massenverfahren auf Seiten der Kl\u00e4ger. Beispielsweise finanziert Legal Finance Massenverfahren gegen Online-Casinos. Dabei finanziert Legal Finance massenweise Kl\u00e4ger, die in illegalen Online-Casinos zehn- oder hunderttausende Euro verloren haben. F\u00fcr den Kl\u00e4ger ist das gesamte Verfahren kostenlos, Legal Finance ist mit einem Anteil am Prozesserfolg beteiligt. Sind Sie eine spezialisierte Anwaltskanzlei, [&hellip;]","og_url":"https:\/\/nakikifinance.com\/en_ca\/massenverfahren\/","og_site_name":"Nakiki SE - Bitcoin Treasury","article_modified_time":"2024-04-21T11:12:16+00:00","twitter_card":"summary_large_image","schema":{"@context":"https:\/\/schema.org","@graph":[{"@type":"WebPage","@id":"https:\/\/nakikifinance.com\/massenverfahren\/","url":"https:\/\/nakikifinance.com\/massenverfahren\/","name":"Massenverfahren - Nakiki SE - Bitcoin Treasury","isPartOf":{"@id":"https:\/\/nakikifinance.com\/#website"},"datePublished":"2024-04-18T07:53:11+00:00","dateModified":"2024-04-21T11:12:16+00:00","breadcrumb":{"@id":"https:\/\/nakikifinance.com\/massenverfahren\/#breadcrumb"},"inLanguage":"en-CA","potentialAction":[{"@type":"ReadAction","target":["https:\/\/nakikifinance.com\/massenverfahren\/"]}]},{"@type":"BreadcrumbList","@id":"https:\/\/nakikifinance.com\/massenverfahren\/#breadcrumb","itemListElement":[{"@type":"ListItem","position":1,"name":"Startseite","item":"https:\/\/nakikifinance.com\/"},{"@type":"ListItem","position":2,"name":"Massenverfahren"}]},{"@type":"WebSite","@id":"https:\/\/nakikifinance.com\/#website","url":"https:\/\/nakikifinance.com\/","name":"LF Legal Finance SE Frankfurt","description":"Nakiki SE","publisher":{"@id":"https:\/\/nakikifinance.com\/#organization"},"potentialAction":[{"@type":"SearchAction","target":{"@type":"EntryPoint","urlTemplate":"https:\/\/nakikifinance.com\/?s={search_term_string}"},"query-input":"required name=search_term_string"}],"inLanguage":"en-CA"},{"@type":"Organization","@id":"https:\/\/nakikifinance.com\/#organization","name":"LF Legal Finance SE","url":"https:\/\/nakikifinance.com\/","logo":{"@type":"ImageObject","inLanguage":"en-CA","@id":"https:\/\/nakikifinance.com\/#\/schema\/logo\/image\/","url":"http:\/\/nakikifinance.com\/wp-content\/uploads\/2023\/06\/legal-finance-international.jpg","contentUrl":"http:\/\/nakikifinance.com\/wp-content\/uploads\/2023\/06\/legal-finance-international.jpg","width":842,"height":131,"caption":"LF Legal Finance SE"},"image":{"@id":"https:\/\/nakikifinance.com\/#\/schema\/logo\/image\/"}}]}},"_links":{"self":[{"href":"https:\/\/nakikifinance.com\/en_ca\/wp-json\/wp\/v2\/pages\/836"}],"collection":[{"href":"https:\/\/nakikifinance.com\/en_ca\/wp-json\/wp\/v2\/pages"}],"about":[{"href":"https:\/\/nakikifinance.com\/en_ca\/wp-json\/wp\/v2\/types\/page"}],"author":[{"embeddable":true,"href":"https:\/\/nakikifinance.com\/en_ca\/wp-json\/wp\/v2\/users\/1"}],"replies":[{"embeddable":true,"href":"https:\/\/nakikifinance.com\/en_ca\/wp-json\/wp\/v2\/comments?post=836"}],"version-history":[{"count":5,"href":"https:\/\/nakikifinance.com\/en_ca\/wp-json\/wp\/v2\/pages\/836\/revisions"}],"predecessor-version":[{"id":1706,"href":"https:\/\/nakikifinance.com\/en_ca\/wp-json\/wp\/v2\/pages\/836\/revisions\/1706"}],"wp:attachment":[{"href":"https:\/\/nakikifinance.com\/en_ca\/wp-json\/wp\/v2\/media?parent=836"}],"curies":[{"name":"wp","href":"https:\/\/api.w.org\/{rel}","templated":true}]}}