{"id":451,"date":"2023-10-03T11:03:58","date_gmt":"2023-10-03T09:03:58","guid":{"rendered":"https:\/\/nakikifinance.com\/?page_id=451"},"modified":"2024-04-19T18:05:24","modified_gmt":"2024-04-19T16:05:24","slug":"monetisation","status":"publish","type":"page","link":"https:\/\/nakikifinance.com\/en_ca\/monetisation\/","title":{"rendered":"Monetization"},"content":{"rendered":"<p>Legal Finance generally provides funding for litigation in exchange for a share of the resulting proceeds. Detailed information on this can be found under the item <a href=\"https:\/\/nakikifinance.com\/en_ca\/prozessfinanzierung\/\">Litigation funding.<\/a><\/p>\n\n\n\n<p>As a new option, litigants can now also benefit from our direct monetization. This adds an interesting component to the Legal Finance service portfolio.<\/p>\n\n\n\n<p>The litigant immediately receives a portion of his claim from Legal Finance, in addition to the costs of the litigation, which are also covered by Legal Finance. In this way, you as the litigant gain financial freedom - without risk.<\/p>\n\n\n\n<p>A legal dispute can go through several instances and thus last several years. If you can make good use of your claim amount beforehand or simply want to reduce your risk, then we can support you by monetizing your claim.<\/p>\n\n\n\n<p>In order to examine your case, we need all relevant documents from your lawyer or legal department. If necessary, we will obtain a supplementary expert opinion. If we consider your case to be promising, we will make you an initial offer. After conclusion of the contract you will receive the agreed advance proceeds from us. The amount of the advance proceeds will be calculated depending on the case. Following the payment of your advance proceeds, a lawsuit or settlement negotiations will follow and we will start with the management of the case as well as the payment of the first costs of the proceedings. In this way, we ensure that you can concentrate on the essentials.<\/p>\n\n\n\n<p>If instead you are interested in our classic litigation financing as a service, you will find <a href=\"https:\/\/nakikifinance.com\/en_ca\/prozessfinanzierung\/\">further information here.<\/a><\/p>\n\n\n\n<p>With Legal Finance you have an independent and competent partner at your side. We finance internationally in all legal areas and help you to monetize your claims immediately. Contact us via the contact form below or call us: 069 87 00 184-10<\/p>\n\n\n\n<p>We look forward to hearing from you.<\/p>\n\n\n<div class=\"wpforms-container wpforms-container-full wpforms-block wpforms-block-6f97216d-2d60-4fb1-8aa3-b84040b3190a wpforms-render-modern\" id=\"wpforms-155\"><form id=\"wpforms-form-155\" class=\"wpforms-validate wpforms-form wpforms-ajax-form\" data-formid=\"155\" method=\"post\" enctype=\"multipart\/form-data\" action=\"\/en_ca\/wp-json\/wp\/v2\/pages\/451\" data-token=\"09c6b98b3661b4a9434f92a579042b1b\" data-token-time=\"1777574718\" data-trp-original-action=\"\/en_ca\/wp-json\/wp\/v2\/pages\/451\"><noscript class=\"wpforms-error-noscript\">Please enable JavaScript in your browser to complete this form.<\/noscript><div id=\"wpforms-error-noscript\" style=\"display: none;\">Please enable JavaScript in your browser to complete this form.<\/div><div class=\"wpforms-field-container\"><div id=\"wpforms-155-field_0-container\" class=\"wpforms-field wpforms-field-name\" data-field-id=\"0\"><fieldset><legend class=\"wpforms-field-label\">Name <span class=\"wpforms-required-label\" aria-hidden=\"true\">*<\/span><\/legend><div class=\"wpforms-field-row wpforms-field-medium\"><div class=\"wpforms-field-row-block wpforms-first wpforms-one-half\"><input type=\"text\" id=\"wpforms-155-field_0\" class=\"wpforms-field-name-first wpforms-field-required\" name=\"wpforms[fields][0][first]\" aria-errormessage=\"wpforms-155-field_0-error\" required><label for=\"wpforms-155-field_0\" class=\"wpforms-field-sublabel after\">First<\/label><\/div><div class=\"wpforms-field-row-block wpforms-one-half\"><input type=\"text\" id=\"wpforms-155-field_0-last\" class=\"wpforms-field-name-last wpforms-field-required\" name=\"wpforms[fields][0][last]\" aria-errormessage=\"wpforms-155-field_0-last-error\" required><label for=\"wpforms-155-field_0-last\" class=\"wpforms-field-sublabel after\">Last<\/label><\/div><\/div><\/fieldset><\/div><div id=\"wpforms-155-field_1-container\" class=\"wpforms-field wpforms-field-email\" data-field-id=\"1\"><label class=\"wpforms-field-label\" for=\"wpforms-155-field_1\">E-mail <span class=\"wpforms-required-label\" aria-hidden=\"true\">*<\/span><\/label><input type=\"email\" id=\"wpforms-155-field_1\" class=\"wpforms-field-medium wpforms-field-required\" name=\"wpforms[fields][1]\" spellcheck=\"false\" aria-errormessage=\"wpforms-155-field_1-error\" required><\/div><div id=\"wpforms-155-field_3-container\" class=\"wpforms-field wpforms-field-text\" data-field-id=\"3\"><label class=\"wpforms-field-label\" for=\"wpforms-155-field_3\">Phone<\/label><input type=\"text\" id=\"wpforms-155-field_3\" class=\"wpforms-field-medium\" name=\"wpforms[fields][3]\" aria-errormessage=\"wpforms-155-field_3-error\" ><\/div><div id=\"wpforms-155-field_2-container\" class=\"wpforms-field wpforms-field-textarea\" data-field-id=\"2\"><label class=\"wpforms-field-label\" for=\"wpforms-155-field_2\">Message<\/label><textarea id=\"wpforms-155-field_2\" class=\"wpforms-field-medium\" name=\"wpforms[fields][2]\" aria-errormessage=\"wpforms-155-field_2-error\" ><\/textarea><\/div><\/div><!-- .wpforms-field-container --><div class=\"wpforms-recaptcha-container wpforms-is-recaptcha wpforms-is-recaptcha-type-v2\" ><div class=\"g-recaptcha\" data-sitekey=\"6LfdHMMpAAAAABgZBWI7jRxcaMHXgSuNQGvyuaCQ\"><\/div><input type=\"text\" name=\"g-recaptcha-hidden\" class=\"wpforms-recaptcha-hidden\" style=\"position:absolute!important;clip:rect(0,0,0,0)!important;height:1px!important;width:1px!important;border:0!important;overflow:hidden!important;padding:0!important;margin:0!important;\" data-rule-recaptcha=\"1\"><\/div><div class=\"wpforms-submit-container\" ><input type=\"hidden\" name=\"wpforms[id]\" value=\"155\"><input type=\"hidden\" name=\"page_title\" value=\"\"><input type=\"hidden\" name=\"page_url\" value=\"https:\/\/nakikifinance.com\/en_ca\/wp-json\/wp\/v2\/pages\/451\"><input type=\"hidden\" name=\"url_referer\" value=\"\"><button type=\"submit\" name=\"wpforms[submit]\" id=\"wpforms-submit-155\" class=\"wpforms-submit\" data-alt-text=\"Senden\u2026\" data-submit-text=\"Absenden\" aria-live=\"assertive\" value=\"wpforms-submit\">Send<\/button><img decoding=\"async\" src=\"https:\/\/nakikifinance.com\/wp-content\/plugins\/wpforms-lite\/assets\/images\/submit-spin.svg\" class=\"wpforms-submit-spinner\" style=\"display: none;\" width=\"26\" height=\"26\" alt=\"Loading\"><\/div><input type=\"hidden\" name=\"trp-form-language\" value=\"en_ca\"\/><\/form><\/div>  <!-- .wpforms-container -->","protected":false},"excerpt":{"rendered":"<p>Legal Finance bietet in der Regel Finanzmittel f\u00fcr Rechtsstreitigkeiten im Austausch f\u00fcr einen Anteil an den daraus resultierenden Ertr\u00e4gen. Detaillierte Informationen hierzu finden Sie unter dem Punkt Prozessfinanzierung. Als neue Option k\u00f6nnen Prozessierende nun auch von unserer direkten Monetarisierung profitieren. Damit erweitert Legal Finance das Serviceportfolio um einen interessanten Baustein. Der Prozessierende erh\u00e4lt von Legal [&hellip;]<\/p>","protected":false},"author":1,"featured_media":0,"parent":0,"menu_order":0,"comment_status":"closed","ping_status":"closed","template":"page~0","meta":{"footnotes":""},"yoast_head":"<!-- This site is optimized with the Yoast SEO plugin v20.9 - https:\/\/yoast.com\/wordpress\/plugins\/seo\/ -->\n<title>Monetarisierung - Nakiki SE - Bitcoin Treasury<\/title>\n<meta name=\"robots\" content=\"index, follow, max-snippet:-1, max-image-preview:large, max-video-preview:-1\" \/>\n<link rel=\"canonical\" href=\"https:\/\/nakikifinance.com\/en_ca\/monetisation\/\" \/>\n<meta property=\"og:locale\" content=\"en_US\" \/>\n<meta property=\"og:type\" content=\"article\" \/>\n<meta property=\"og:title\" content=\"Monetarisierung - Nakiki SE - Bitcoin Treasury\" \/>\n<meta property=\"og:description\" content=\"Legal Finance bietet in der Regel Finanzmittel f\u00fcr Rechtsstreitigkeiten im Austausch f\u00fcr einen Anteil an den daraus resultierenden Ertr\u00e4gen. Detaillierte Informationen hierzu finden Sie unter dem Punkt Prozessfinanzierung. Als neue Option k\u00f6nnen Prozessierende nun auch von unserer direkten Monetarisierung profitieren. Damit erweitert Legal Finance das Serviceportfolio um einen interessanten Baustein. Der Prozessierende erh\u00e4lt von Legal [&hellip;]\" \/>\n<meta property=\"og:url\" content=\"https:\/\/nakikifinance.com\/en_ca\/monetisation\/\" \/>\n<meta property=\"og:site_name\" content=\"Nakiki SE - Bitcoin Treasury\" \/>\n<meta property=\"article:modified_time\" content=\"2024-04-19T16:05:24+00:00\" \/>\n<meta name=\"twitter:card\" content=\"summary_large_image\" \/>\n<meta name=\"twitter:label1\" content=\"Est. reading time\" \/>\n\t<meta name=\"twitter:data1\" content=\"2 minutes\" \/>\n<script type=\"application\/ld+json\" class=\"yoast-schema-graph\">{\"@context\":\"https:\/\/schema.org\",\"@graph\":[{\"@type\":\"WebPage\",\"@id\":\"https:\/\/nakikifinance.com\/monetisation\/\",\"url\":\"https:\/\/nakikifinance.com\/monetisation\/\",\"name\":\"Monetarisierung - Nakiki SE - Bitcoin Treasury\",\"isPartOf\":{\"@id\":\"https:\/\/nakikifinance.com\/#website\"},\"datePublished\":\"2023-10-03T09:03:58+00:00\",\"dateModified\":\"2024-04-19T16:05:24+00:00\",\"breadcrumb\":{\"@id\":\"https:\/\/nakikifinance.com\/monetisation\/#breadcrumb\"},\"inLanguage\":\"en-CA\",\"potentialAction\":[{\"@type\":\"ReadAction\",\"target\":[\"https:\/\/nakikifinance.com\/monetisation\/\"]}]},{\"@type\":\"BreadcrumbList\",\"@id\":\"https:\/\/nakikifinance.com\/monetisation\/#breadcrumb\",\"itemListElement\":[{\"@type\":\"ListItem\",\"position\":1,\"name\":\"Startseite\",\"item\":\"https:\/\/nakikifinance.com\/\"},{\"@type\":\"ListItem\",\"position\":2,\"name\":\"Monetarisierung\"}]},{\"@type\":\"WebSite\",\"@id\":\"https:\/\/nakikifinance.com\/#website\",\"url\":\"https:\/\/nakikifinance.com\/\",\"name\":\"LF Legal Finance SE Frankfurt\",\"description\":\"Nakiki SE\",\"publisher\":{\"@id\":\"https:\/\/nakikifinance.com\/#organization\"},\"potentialAction\":[{\"@type\":\"SearchAction\",\"target\":{\"@type\":\"EntryPoint\",\"urlTemplate\":\"https:\/\/nakikifinance.com\/?s={search_term_string}\"},\"query-input\":\"required name=search_term_string\"}],\"inLanguage\":\"en-CA\"},{\"@type\":\"Organization\",\"@id\":\"https:\/\/nakikifinance.com\/#organization\",\"name\":\"LF Legal Finance SE\",\"url\":\"https:\/\/nakikifinance.com\/\",\"logo\":{\"@type\":\"ImageObject\",\"inLanguage\":\"en-CA\",\"@id\":\"https:\/\/nakikifinance.com\/#\/schema\/logo\/image\/\",\"url\":\"http:\/\/nakikifinance.com\/wp-content\/uploads\/2023\/06\/legal-finance-international.jpg\",\"contentUrl\":\"http:\/\/nakikifinance.com\/wp-content\/uploads\/2023\/06\/legal-finance-international.jpg\",\"width\":842,\"height\":131,\"caption\":\"LF Legal Finance SE\"},\"image\":{\"@id\":\"https:\/\/nakikifinance.com\/#\/schema\/logo\/image\/\"}}]}<\/script>\n<!-- \/ Yoast SEO plugin. -->","yoast_head_json":{"title":"Monetarisierung - Nakiki SE - Bitcoin Treasury","robots":{"index":"index","follow":"follow","max-snippet":"max-snippet:-1","max-image-preview":"max-image-preview:large","max-video-preview":"max-video-preview:-1"},"canonical":"https:\/\/nakikifinance.com\/en_ca\/monetisation\/","og_locale":"en_US","og_type":"article","og_title":"Monetarisierung - Nakiki SE - Bitcoin Treasury","og_description":"Legal Finance bietet in der Regel Finanzmittel f\u00fcr Rechtsstreitigkeiten im Austausch f\u00fcr einen Anteil an den daraus resultierenden Ertr\u00e4gen. Detaillierte Informationen hierzu finden Sie unter dem Punkt Prozessfinanzierung. Als neue Option k\u00f6nnen Prozessierende nun auch von unserer direkten Monetarisierung profitieren. Damit erweitert Legal Finance das Serviceportfolio um einen interessanten Baustein. Der Prozessierende erh\u00e4lt von Legal [&hellip;]","og_url":"https:\/\/nakikifinance.com\/en_ca\/monetisation\/","og_site_name":"Nakiki SE - Bitcoin Treasury","article_modified_time":"2024-04-19T16:05:24+00:00","twitter_card":"summary_large_image","twitter_misc":{"Est. reading time":"2 minutes"},"schema":{"@context":"https:\/\/schema.org","@graph":[{"@type":"WebPage","@id":"https:\/\/nakikifinance.com\/monetisation\/","url":"https:\/\/nakikifinance.com\/monetisation\/","name":"Monetarisierung - Nakiki SE - Bitcoin Treasury","isPartOf":{"@id":"https:\/\/nakikifinance.com\/#website"},"datePublished":"2023-10-03T09:03:58+00:00","dateModified":"2024-04-19T16:05:24+00:00","breadcrumb":{"@id":"https:\/\/nakikifinance.com\/monetisation\/#breadcrumb"},"inLanguage":"en-CA","potentialAction":[{"@type":"ReadAction","target":["https:\/\/nakikifinance.com\/monetisation\/"]}]},{"@type":"BreadcrumbList","@id":"https:\/\/nakikifinance.com\/monetisation\/#breadcrumb","itemListElement":[{"@type":"ListItem","position":1,"name":"Startseite","item":"https:\/\/nakikifinance.com\/"},{"@type":"ListItem","position":2,"name":"Monetarisierung"}]},{"@type":"WebSite","@id":"https:\/\/nakikifinance.com\/#website","url":"https:\/\/nakikifinance.com\/","name":"LF Legal Finance SE Frankfurt","description":"Nakiki SE","publisher":{"@id":"https:\/\/nakikifinance.com\/#organization"},"potentialAction":[{"@type":"SearchAction","target":{"@type":"EntryPoint","urlTemplate":"https:\/\/nakikifinance.com\/?s={search_term_string}"},"query-input":"required name=search_term_string"}],"inLanguage":"en-CA"},{"@type":"Organization","@id":"https:\/\/nakikifinance.com\/#organization","name":"LF Legal Finance SE","url":"https:\/\/nakikifinance.com\/","logo":{"@type":"ImageObject","inLanguage":"en-CA","@id":"https:\/\/nakikifinance.com\/#\/schema\/logo\/image\/","url":"http:\/\/nakikifinance.com\/wp-content\/uploads\/2023\/06\/legal-finance-international.jpg","contentUrl":"http:\/\/nakikifinance.com\/wp-content\/uploads\/2023\/06\/legal-finance-international.jpg","width":842,"height":131,"caption":"LF Legal Finance SE"},"image":{"@id":"https:\/\/nakikifinance.com\/#\/schema\/logo\/image\/"}}]}},"_links":{"self":[{"href":"https:\/\/nakikifinance.com\/en_ca\/wp-json\/wp\/v2\/pages\/451"}],"collection":[{"href":"https:\/\/nakikifinance.com\/en_ca\/wp-json\/wp\/v2\/pages"}],"about":[{"href":"https:\/\/nakikifinance.com\/en_ca\/wp-json\/wp\/v2\/types\/page"}],"author":[{"embeddable":true,"href":"https:\/\/nakikifinance.com\/en_ca\/wp-json\/wp\/v2\/users\/1"}],"replies":[{"embeddable":true,"href":"https:\/\/nakikifinance.com\/en_ca\/wp-json\/wp\/v2\/comments?post=451"}],"version-history":[{"count":7,"href":"https:\/\/nakikifinance.com\/en_ca\/wp-json\/wp\/v2\/pages\/451\/revisions"}],"predecessor-version":[{"id":1529,"href":"https:\/\/nakikifinance.com\/en_ca\/wp-json\/wp\/v2\/pages\/451\/revisions\/1529"}],"wp:attachment":[{"href":"https:\/\/nakikifinance.com\/en_ca\/wp-json\/wp\/v2\/media?parent=451"}],"curies":[{"name":"wp","href":"https:\/\/api.w.org\/{rel}","templated":true}]}}