{"id":404,"date":"2023-10-02T15:52:48","date_gmt":"2023-10-02T13:52:48","guid":{"rendered":"https:\/\/nakikifinance.com\/?page_id=404"},"modified":"2024-04-21T13:12:41","modified_gmt":"2024-04-21T11:12:41","slug":"distressed-finance","status":"publish","type":"page","link":"https:\/\/nakikifinance.com\/en_ca\/distressed-finance\/","title":{"rendered":"Distressed Finance"},"content":{"rendered":"<p>Since 2023, Legal Finance has also been financing proceedings for claims that are not aimed at payment with its Distressed Finance product.<\/p>\n\n\n\n<p>For example, claims and procedures relating to:<\/p>\n\n\n\n<ul>\n<li>Real estate<\/li>\n\n\n\n<li>Company shares and stocks<\/li>\n\n\n\n<li>Works of art<\/li>\n\n\n\n<li>Cars, ships, airplanes<\/li>\n<\/ul>\n\n\n\n<p>The problem so far: If the proceedings were not aimed at payment, it was difficult for a litigation funder to \"participate in the result\".<\/p>\n\n\n\n<p>With <em>Distressed Finance<\/em> we finance legal disputes over such assets. If the case is won, Legal Finance has a share in the asset, e.g. the company being litigated.<\/p>\n\n\n\n<p>For example: Legal Finance finances a process for the retransfer of GmbH shares. The GmbH is valuable and the shares are not to be sold after retransfer. Legal Finance bears all the legal and court costs of the proceedings. After winning the case, Legal Finance acquires a predetermined share in the GmbH.<\/p>\n\n\n\n<p>Do you have a potential case for our new Distressed Finance product?<\/p>\n\n\n\n<p>Please contact us directly: <strong>069 87 00 184-10<\/strong> - or use the following contact form:<\/p>\n\n\n<style id=\"wpforms-css-vars-1701\">\n\t\t\t\t#wpforms-1701 {\n\t\t\t\t\n\t\t\t}\n\t\t\t<\/style><div class=\"wpforms-container wpforms-container-full wpforms-render-modern\" id=\"wpforms-1701\"><form id=\"wpforms-form-1701\" class=\"wpforms-validate wpforms-form wpforms-ajax-form\" data-formid=\"1701\" method=\"post\" enctype=\"multipart\/form-data\" action=\"\/en_ca\/wp-json\/wp\/v2\/pages\/404\" data-token=\"0269b20abf738b8beb1490b571009162\" data-token-time=\"1776375064\" data-trp-original-action=\"\/en_ca\/wp-json\/wp\/v2\/pages\/404\"><noscript class=\"wpforms-error-noscript\">Please enable JavaScript in your browser to complete this form.<\/noscript><div id=\"wpforms-error-noscript\" style=\"display: none;\">Please enable JavaScript in your browser to complete this form.<\/div><div class=\"wpforms-field-container\"><div id=\"wpforms-1701-field_0-container\" class=\"wpforms-field wpforms-field-name\" data-field-id=\"0\"><fieldset><legend class=\"wpforms-field-label\">Name <span class=\"wpforms-required-label\" aria-hidden=\"true\">*<\/span><\/legend><div class=\"wpforms-field-row wpforms-field-medium\"><div class=\"wpforms-field-row-block wpforms-first wpforms-one-half\"><input type=\"text\" id=\"wpforms-1701-field_0\" class=\"wpforms-field-name-first wpforms-field-required\" name=\"wpforms[fields][0][first]\" aria-errormessage=\"wpforms-1701-field_0-error\" required><label for=\"wpforms-1701-field_0\" class=\"wpforms-field-sublabel after\">First<\/label><\/div><div class=\"wpforms-field-row-block wpforms-one-half\"><input type=\"text\" id=\"wpforms-1701-field_0-last\" class=\"wpforms-field-name-last wpforms-field-required\" name=\"wpforms[fields][0][last]\" aria-errormessage=\"wpforms-1701-field_0-last-error\" required><label for=\"wpforms-1701-field_0-last\" class=\"wpforms-field-sublabel after\">Last<\/label><\/div><\/div><\/fieldset><\/div><div id=\"wpforms-1701-field_3-container\" class=\"wpforms-field wpforms-field-text\" data-field-id=\"3\"><label class=\"wpforms-field-label\" for=\"wpforms-1701-field_3\">Company<\/label><input type=\"text\" id=\"wpforms-1701-field_3\" class=\"wpforms-field-medium\" name=\"wpforms[fields][3]\" aria-errormessage=\"wpforms-1701-field_3-error\" ><\/div><div id=\"wpforms-1701-field_1-container\" class=\"wpforms-field wpforms-field-email\" data-field-id=\"1\"><label class=\"wpforms-field-label\" for=\"wpforms-1701-field_1\">E-mail <span class=\"wpforms-required-label\" aria-hidden=\"true\">*<\/span><\/label><input type=\"email\" id=\"wpforms-1701-field_1\" class=\"wpforms-field-medium wpforms-field-required\" name=\"wpforms[fields][1]\" spellcheck=\"false\" aria-errormessage=\"wpforms-1701-field_1-error\" required><\/div><div id=\"wpforms-1701-field_4-container\" class=\"wpforms-field wpforms-field-text\" data-field-id=\"4\"><label class=\"wpforms-field-label\" for=\"wpforms-1701-field_4\">Phone <span class=\"wpforms-required-label\" aria-hidden=\"true\">*<\/span><\/label><input type=\"text\" id=\"wpforms-1701-field_4\" class=\"wpforms-field-medium wpforms-field-required\" name=\"wpforms[fields][4]\" aria-errormessage=\"wpforms-1701-field_4-error\" required><\/div><div id=\"wpforms-1701-field_5-container\" class=\"wpforms-field wpforms-field-radio\" data-field-id=\"5\"><fieldset><legend class=\"wpforms-field-label\">Have you already hired a lawyer? <span class=\"wpforms-required-label\" aria-hidden=\"true\">*<\/span><\/legend><ul id=\"wpforms-1701-field_5\" class=\"wpforms-field-required\"><li class=\"choice-1 depth-1\"><input type=\"radio\" id=\"wpforms-1701-field_5_1\" name=\"wpforms[fields][5]\" value=\"Ja\" aria-errormessage=\"wpforms-1701-field_5_1-error\" required><label class=\"wpforms-field-label-inline\" for=\"wpforms-1701-field_5_1\">Yes<\/label><\/li><li class=\"choice-2 depth-1\"><input type=\"radio\" id=\"wpforms-1701-field_5_2\" name=\"wpforms[fields][5]\" value=\"Nein\" aria-errormessage=\"wpforms-1701-field_5_2-error\" required><label class=\"wpforms-field-label-inline\" for=\"wpforms-1701-field_5_2\">No<\/label><\/li><\/ul><\/fieldset><\/div><div id=\"wpforms-1701-field_6-container\" class=\"wpforms-field wpforms-field-radio\" data-field-id=\"6\"><fieldset><legend class=\"wpforms-field-label\">Are legal proceedings already pending? <span class=\"wpforms-required-label\" aria-hidden=\"true\">*<\/span><\/legend><ul id=\"wpforms-1701-field_6\" class=\"wpforms-field-required\"><li class=\"choice-1 depth-1\"><input type=\"radio\" id=\"wpforms-1701-field_6_1\" name=\"wpforms[fields][6]\" value=\"Ja\" aria-errormessage=\"wpforms-1701-field_6_1-error\" required><label class=\"wpforms-field-label-inline\" for=\"wpforms-1701-field_6_1\">Yes<\/label><\/li><li class=\"choice-2 depth-1\"><input type=\"radio\" id=\"wpforms-1701-field_6_2\" name=\"wpforms[fields][6]\" value=\"Nein\" aria-errormessage=\"wpforms-1701-field_6_2-error\" required><label class=\"wpforms-field-label-inline\" for=\"wpforms-1701-field_6_2\">No<\/label><\/li><\/ul><\/fieldset><\/div><div id=\"wpforms-1701-field_7-container\" class=\"wpforms-field wpforms-field-radio\" data-field-id=\"7\"><fieldset><legend class=\"wpforms-field-label\">Is there already a judgment? <span class=\"wpforms-required-label\" aria-hidden=\"true\">*<\/span><\/legend><ul id=\"wpforms-1701-field_7\" class=\"wpforms-field-required\"><li class=\"choice-1 depth-1\"><input type=\"radio\" id=\"wpforms-1701-field_7_1\" name=\"wpforms[fields][7]\" value=\"Ja\" aria-errormessage=\"wpforms-1701-field_7_1-error\" required><label class=\"wpforms-field-label-inline\" for=\"wpforms-1701-field_7_1\">Yes<\/label><\/li><li class=\"choice-2 depth-1\"><input type=\"radio\" id=\"wpforms-1701-field_7_2\" name=\"wpforms[fields][7]\" value=\"Nein\" aria-errormessage=\"wpforms-1701-field_7_2-error\" required><label class=\"wpforms-field-label-inline\" for=\"wpforms-1701-field_7_2\">No<\/label><\/li><\/ul><\/fieldset><\/div><div id=\"wpforms-1701-field_11-container\" class=\"wpforms-field wpforms-field-radio\" data-field-id=\"11\"><fieldset><legend class=\"wpforms-field-label\">Legal Finance finances individual legal disputes from an amount in dispute of EUR 50,000. Is the amount in dispute at least EUR 50,000?<\/legend><ul id=\"wpforms-1701-field_11\"><li class=\"choice-1 depth-1\"><input type=\"radio\" id=\"wpforms-1701-field_11_1\" name=\"wpforms[fields][11]\" value=\"Ja\" aria-errormessage=\"wpforms-1701-field_11_1-error\"  ><label class=\"wpforms-field-label-inline\" for=\"wpforms-1701-field_11_1\">Yes<\/label><\/li><li class=\"choice-2 depth-1\"><input type=\"radio\" id=\"wpforms-1701-field_11_2\" name=\"wpforms[fields][11]\" value=\"Nein\" aria-errormessage=\"wpforms-1701-field_11_2-error\"  ><label class=\"wpforms-field-label-inline\" for=\"wpforms-1701-field_11_2\">No<\/label><\/li><\/ul><\/fieldset><\/div><div id=\"wpforms-1701-field_8-container\" class=\"wpforms-field wpforms-field-text\" data-field-id=\"8\"><label class=\"wpforms-field-label\" for=\"wpforms-1701-field_8\">Amount in dispute in EUR (if unknown, please estimate): <span class=\"wpforms-required-label\" aria-hidden=\"true\">*<\/span><\/label><input type=\"text\" id=\"wpforms-1701-field_8\" class=\"wpforms-field-medium wpforms-field-required\" name=\"wpforms[fields][8]\" aria-errormessage=\"wpforms-1701-field_8-error\" required><\/div><div id=\"wpforms-1701-field_2-container\" class=\"wpforms-field wpforms-field-textarea\" data-field-id=\"2\"><label class=\"wpforms-field-label\" for=\"wpforms-1701-field_2\">Please describe your case: <span class=\"wpforms-required-label\" aria-hidden=\"true\">*<\/span><\/label><textarea id=\"wpforms-1701-field_2\" class=\"wpforms-field-medium wpforms-field-required\" name=\"wpforms[fields][2]\" aria-errormessage=\"wpforms-1701-field_2-error\" required><\/textarea><\/div><\/div><!-- .wpforms-field-container --><div class=\"wpforms-submit-container\" ><input type=\"hidden\" name=\"wpforms[id]\" value=\"1701\"><input type=\"hidden\" name=\"page_title\" value=\"\"><input type=\"hidden\" name=\"page_url\" value=\"https:\/\/nakikifinance.com\/en_ca\/wp-json\/wp\/v2\/pages\/404\"><input type=\"hidden\" name=\"url_referer\" value=\"\"><button type=\"submit\" name=\"wpforms[submit]\" id=\"wpforms-submit-1701\" class=\"wpforms-submit\" data-alt-text=\"Senden\u2026\" data-submit-text=\"Absenden\" aria-live=\"assertive\" value=\"wpforms-submit\">Send<\/button><img decoding=\"async\" src=\"https:\/\/nakikifinance.com\/wp-content\/plugins\/wpforms-lite\/assets\/images\/submit-spin.svg\" class=\"wpforms-submit-spinner\" style=\"display: none;\" width=\"26\" height=\"26\" alt=\"Loading\"><\/div><input type=\"hidden\" name=\"trp-form-language\" value=\"en_ca\"\/><\/form><\/div>  <!-- .wpforms-container -->","protected":false},"excerpt":{"rendered":"<p>Seit 2023 finanziert Legal Finance mit dem Produkt Distressed Finance auch Verfahren \u00fcber Anspr\u00fcche, die nicht auf Zahlung ansgerichtet sind. Beispielsweise Anspr\u00fcche und Verfahren rund um: Das Problem bisher: Wenn das Verfahren nicht auf Zahlung ausgerichtet war, konnte ein Prozessfinanzierer schwer &#8222;am Ergebnis&#8220; beteiligt werden. Mit Distressed Finance finanzieren wir Rechtsstreite um solche Verm\u00f6genswerte. Bei [&hellip;]<\/p>","protected":false},"author":1,"featured_media":0,"parent":0,"menu_order":0,"comment_status":"closed","ping_status":"closed","template":"page~0","meta":{"footnotes":""},"yoast_head":"<!-- This site is optimized with the Yoast SEO plugin v20.9 - https:\/\/yoast.com\/wordpress\/plugins\/seo\/ -->\n<title>Distressed Finance - Nakiki SE - Bitcoin Treasury<\/title>\n<meta name=\"robots\" content=\"index, follow, max-snippet:-1, max-image-preview:large, max-video-preview:-1\" \/>\n<link rel=\"canonical\" href=\"https:\/\/nakikifinance.com\/en_ca\/distressed-finance\/\" \/>\n<meta property=\"og:locale\" content=\"en_US\" \/>\n<meta property=\"og:type\" content=\"article\" \/>\n<meta property=\"og:title\" content=\"Distressed Finance - Nakiki SE - Bitcoin Treasury\" \/>\n<meta property=\"og:description\" content=\"Seit 2023 finanziert Legal Finance mit dem Produkt Distressed Finance auch Verfahren \u00fcber Anspr\u00fcche, die nicht auf Zahlung ansgerichtet sind. Beispielsweise Anspr\u00fcche und Verfahren rund um: Das Problem bisher: Wenn das Verfahren nicht auf Zahlung ausgerichtet war, konnte ein Prozessfinanzierer schwer &#8222;am Ergebnis&#8220; beteiligt werden. Mit Distressed Finance finanzieren wir Rechtsstreite um solche Verm\u00f6genswerte. Bei [&hellip;]\" \/>\n<meta property=\"og:url\" content=\"https:\/\/nakikifinance.com\/en_ca\/distressed-finance\/\" \/>\n<meta property=\"og:site_name\" content=\"Nakiki SE - Bitcoin Treasury\" \/>\n<meta property=\"article:modified_time\" content=\"2024-04-21T11:12:41+00:00\" \/>\n<meta name=\"twitter:card\" content=\"summary_large_image\" \/>\n<meta name=\"twitter:label1\" content=\"Est. reading time\" \/>\n\t<meta name=\"twitter:data1\" content=\"1 minute\" \/>\n<script type=\"application\/ld+json\" class=\"yoast-schema-graph\">{\"@context\":\"https:\/\/schema.org\",\"@graph\":[{\"@type\":\"WebPage\",\"@id\":\"https:\/\/nakikifinance.com\/distressed-finance\/\",\"url\":\"https:\/\/nakikifinance.com\/distressed-finance\/\",\"name\":\"Distressed Finance - Nakiki SE - Bitcoin Treasury\",\"isPartOf\":{\"@id\":\"https:\/\/nakikifinance.com\/#website\"},\"datePublished\":\"2023-10-02T13:52:48+00:00\",\"dateModified\":\"2024-04-21T11:12:41+00:00\",\"breadcrumb\":{\"@id\":\"https:\/\/nakikifinance.com\/distressed-finance\/#breadcrumb\"},\"inLanguage\":\"en-CA\",\"potentialAction\":[{\"@type\":\"ReadAction\",\"target\":[\"https:\/\/nakikifinance.com\/distressed-finance\/\"]}]},{\"@type\":\"BreadcrumbList\",\"@id\":\"https:\/\/nakikifinance.com\/distressed-finance\/#breadcrumb\",\"itemListElement\":[{\"@type\":\"ListItem\",\"position\":1,\"name\":\"Startseite\",\"item\":\"https:\/\/nakikifinance.com\/\"},{\"@type\":\"ListItem\",\"position\":2,\"name\":\"Distressed Finance\"}]},{\"@type\":\"WebSite\",\"@id\":\"https:\/\/nakikifinance.com\/#website\",\"url\":\"https:\/\/nakikifinance.com\/\",\"name\":\"LF Legal Finance SE Frankfurt\",\"description\":\"Nakiki SE\",\"publisher\":{\"@id\":\"https:\/\/nakikifinance.com\/#organization\"},\"potentialAction\":[{\"@type\":\"SearchAction\",\"target\":{\"@type\":\"EntryPoint\",\"urlTemplate\":\"https:\/\/nakikifinance.com\/?s={search_term_string}\"},\"query-input\":\"required name=search_term_string\"}],\"inLanguage\":\"en-CA\"},{\"@type\":\"Organization\",\"@id\":\"https:\/\/nakikifinance.com\/#organization\",\"name\":\"LF Legal Finance SE\",\"url\":\"https:\/\/nakikifinance.com\/\",\"logo\":{\"@type\":\"ImageObject\",\"inLanguage\":\"en-CA\",\"@id\":\"https:\/\/nakikifinance.com\/#\/schema\/logo\/image\/\",\"url\":\"http:\/\/nakikifinance.com\/wp-content\/uploads\/2023\/06\/legal-finance-international.jpg\",\"contentUrl\":\"http:\/\/nakikifinance.com\/wp-content\/uploads\/2023\/06\/legal-finance-international.jpg\",\"width\":842,\"height\":131,\"caption\":\"LF Legal Finance SE\"},\"image\":{\"@id\":\"https:\/\/nakikifinance.com\/#\/schema\/logo\/image\/\"}}]}<\/script>\n<!-- \/ Yoast SEO plugin. -->","yoast_head_json":{"title":"Distressed Finance - Nakiki SE - Bitcoin Treasury","robots":{"index":"index","follow":"follow","max-snippet":"max-snippet:-1","max-image-preview":"max-image-preview:large","max-video-preview":"max-video-preview:-1"},"canonical":"https:\/\/nakikifinance.com\/en_ca\/distressed-finance\/","og_locale":"en_US","og_type":"article","og_title":"Distressed Finance - Nakiki SE - Bitcoin Treasury","og_description":"Seit 2023 finanziert Legal Finance mit dem Produkt Distressed Finance auch Verfahren \u00fcber Anspr\u00fcche, die nicht auf Zahlung ansgerichtet sind. Beispielsweise Anspr\u00fcche und Verfahren rund um: Das Problem bisher: Wenn das Verfahren nicht auf Zahlung ausgerichtet war, konnte ein Prozessfinanzierer schwer &#8222;am Ergebnis&#8220; beteiligt werden. Mit Distressed Finance finanzieren wir Rechtsstreite um solche Verm\u00f6genswerte. Bei [&hellip;]","og_url":"https:\/\/nakikifinance.com\/en_ca\/distressed-finance\/","og_site_name":"Nakiki SE - Bitcoin Treasury","article_modified_time":"2024-04-21T11:12:41+00:00","twitter_card":"summary_large_image","twitter_misc":{"Est. reading time":"1 minute"},"schema":{"@context":"https:\/\/schema.org","@graph":[{"@type":"WebPage","@id":"https:\/\/nakikifinance.com\/distressed-finance\/","url":"https:\/\/nakikifinance.com\/distressed-finance\/","name":"Distressed Finance - Nakiki SE - Bitcoin Treasury","isPartOf":{"@id":"https:\/\/nakikifinance.com\/#website"},"datePublished":"2023-10-02T13:52:48+00:00","dateModified":"2024-04-21T11:12:41+00:00","breadcrumb":{"@id":"https:\/\/nakikifinance.com\/distressed-finance\/#breadcrumb"},"inLanguage":"en-CA","potentialAction":[{"@type":"ReadAction","target":["https:\/\/nakikifinance.com\/distressed-finance\/"]}]},{"@type":"BreadcrumbList","@id":"https:\/\/nakikifinance.com\/distressed-finance\/#breadcrumb","itemListElement":[{"@type":"ListItem","position":1,"name":"Startseite","item":"https:\/\/nakikifinance.com\/"},{"@type":"ListItem","position":2,"name":"Distressed Finance"}]},{"@type":"WebSite","@id":"https:\/\/nakikifinance.com\/#website","url":"https:\/\/nakikifinance.com\/","name":"LF Legal Finance SE Frankfurt","description":"Nakiki SE","publisher":{"@id":"https:\/\/nakikifinance.com\/#organization"},"potentialAction":[{"@type":"SearchAction","target":{"@type":"EntryPoint","urlTemplate":"https:\/\/nakikifinance.com\/?s={search_term_string}"},"query-input":"required name=search_term_string"}],"inLanguage":"en-CA"},{"@type":"Organization","@id":"https:\/\/nakikifinance.com\/#organization","name":"LF Legal Finance SE","url":"https:\/\/nakikifinance.com\/","logo":{"@type":"ImageObject","inLanguage":"en-CA","@id":"https:\/\/nakikifinance.com\/#\/schema\/logo\/image\/","url":"http:\/\/nakikifinance.com\/wp-content\/uploads\/2023\/06\/legal-finance-international.jpg","contentUrl":"http:\/\/nakikifinance.com\/wp-content\/uploads\/2023\/06\/legal-finance-international.jpg","width":842,"height":131,"caption":"LF Legal Finance SE"},"image":{"@id":"https:\/\/nakikifinance.com\/#\/schema\/logo\/image\/"}}]}},"_links":{"self":[{"href":"https:\/\/nakikifinance.com\/en_ca\/wp-json\/wp\/v2\/pages\/404"}],"collection":[{"href":"https:\/\/nakikifinance.com\/en_ca\/wp-json\/wp\/v2\/pages"}],"about":[{"href":"https:\/\/nakikifinance.com\/en_ca\/wp-json\/wp\/v2\/types\/page"}],"author":[{"embeddable":true,"href":"https:\/\/nakikifinance.com\/en_ca\/wp-json\/wp\/v2\/users\/1"}],"replies":[{"embeddable":true,"href":"https:\/\/nakikifinance.com\/en_ca\/wp-json\/wp\/v2\/comments?post=404"}],"version-history":[{"count":3,"href":"https:\/\/nakikifinance.com\/en_ca\/wp-json\/wp\/v2\/pages\/404\/revisions"}],"predecessor-version":[{"id":1707,"href":"https:\/\/nakikifinance.com\/en_ca\/wp-json\/wp\/v2\/pages\/404\/revisions\/1707"}],"wp:attachment":[{"href":"https:\/\/nakikifinance.com\/en_ca\/wp-json\/wp\/v2\/media?parent=404"}],"curies":[{"name":"wp","href":"https:\/\/api.w.org\/{rel}","templated":true}]}}