{"id":384,"date":"2023-10-02T14:55:29","date_gmt":"2023-10-02T12:55:29","guid":{"rendered":"https:\/\/nakikifinance.com\/?page_id=384"},"modified":"2024-04-19T18:07:03","modified_gmt":"2024-04-19T16:07:03","slug":"informationen","status":"publish","type":"page","link":"https:\/\/nakikifinance.com\/en\/informationen\/","title":{"rendered":"Information"},"content":{"rendered":"<p>Legal Finance finances legal claims and litigation in return for a share in the success. Here you will find general information about our company:<\/p>\n\n\n\n<ul>\n<li><a href=\"https:\/\/nakikifinance.com\/en\/prozessfinanzierung\/\">Litigation funding<\/a><\/li>\n\n\n\n<li><a href=\"https:\/\/nakikifinance.com\/en\/distressed-finance\/\">Distressed Finance<\/a><\/li>\n\n\n\n<li><a href=\"https:\/\/nakikifinance.com\/en\/kontakt\/\">Contact<\/a><\/li>\n\n\n\n<li><a href=\"https:\/\/nakikifinance.com\/en\/code-of-conduct\/\">Code of Conduct<\/a><\/li>\n\n\n\n<li><a href=\"https:\/\/nakikifinance.com\/en\/datenschutz\/\">Privacy<\/a><\/li>\n\n\n\n<li><a href=\"https:\/\/nakikifinance.com\/en\/impressum\/\">Imprint<\/a><\/li>\n<\/ul>\n\n\n\n<p>You would like to finance a lawsuit? <a href=\"https:\/\/nakikifinance.com\/en\/kontakt\/\"><strong>Write to us!<\/strong><\/a> Or send us an e-mail (<a href=\"mailto:info@legalfinance.online\">info@legalfinance.online<\/a>), or give us a call: <strong>069 8700184-10<\/strong><\/p>\n\n\n\n<p>You can find us here:<\/p>\n\n\n\n<div class=\"wp-block-webfactory-map\"><div class=\"wp-block-webfactory-map\"><iframe title=\"Map\" width=\"100%\" height=\"377px\" src=\"https:\/\/www.google.com\/maps\/embed\/v1\/place?q=Legal%20Finance%20SE&amp;maptype=roadmap&amp;zoom=14&amp;key=AIzaSyB6h8OFob4OrcAbuDwQXu_SiLDfLyl_9KE\" frameborder=\"0\"><\/iframe><\/div><\/div>","protected":false},"excerpt":{"rendered":"<p>Legal Finance finances legal claims and litigation in return for a share in the success. Here you will find general information about our company: Would you like to finance a lawsuit? Write to us! Or send us an e-mail (info@legalfinance.online), or call us: 069 8700184-10 Here you can find us:<\/p>","protected":false},"author":1,"featured_media":0,"parent":0,"menu_order":0,"comment_status":"closed","ping_status":"closed","template":"page~0","meta":{"footnotes":""},"yoast_head":"<!-- This site is optimized with the Yoast SEO plugin v20.9 - https:\/\/yoast.com\/wordpress\/plugins\/seo\/ -->\n<title>Informationen - Nakiki SE - Bitcoin Treasury<\/title>\n<meta name=\"robots\" content=\"index, follow, max-snippet:-1, max-image-preview:large, max-video-preview:-1\" \/>\n<link rel=\"canonical\" href=\"https:\/\/nakikifinance.com\/en\/informationen\/\" \/>\n<meta property=\"og:locale\" content=\"en_GB\" \/>\n<meta property=\"og:type\" content=\"article\" \/>\n<meta property=\"og:title\" content=\"Informationen - Nakiki SE - Bitcoin Treasury\" \/>\n<meta property=\"og:description\" content=\"Legal Finance finanziert juristische Anspr\u00fcche und Prozesse gegen Beteiligung am Erfolg. Hier finden Sie allgemeine Informationen \u00fcber unser Unternehmen: Sie m\u00f6chten einen Prozess finanzieren? Schreiben Sie uns! Oder senden sie uns eine E-Mail (info@legalfinance.online), oder rufen Sie uns an: 069 8700184-10 Hier finden Sie uns:\" \/>\n<meta property=\"og:url\" content=\"https:\/\/nakikifinance.com\/en\/informationen\/\" \/>\n<meta property=\"og:site_name\" content=\"Nakiki SE - Bitcoin Treasury\" \/>\n<meta property=\"article:modified_time\" content=\"2024-04-19T16:07:03+00:00\" \/>\n<meta name=\"twitter:card\" content=\"summary_large_image\" \/>\n<meta name=\"twitter:label1\" content=\"Estimated reading time\" \/>\n\t<meta name=\"twitter:data1\" content=\"1 minute\" \/>\n<script type=\"application\/ld+json\" class=\"yoast-schema-graph\">{\"@context\":\"https:\/\/schema.org\",\"@graph\":[{\"@type\":\"WebPage\",\"@id\":\"https:\/\/nakikifinance.com\/informationen\/\",\"url\":\"https:\/\/nakikifinance.com\/informationen\/\",\"name\":\"Informationen - Nakiki SE - Bitcoin Treasury\",\"isPartOf\":{\"@id\":\"https:\/\/nakikifinance.com\/#website\"},\"datePublished\":\"2023-10-02T12:55:29+00:00\",\"dateModified\":\"2024-04-19T16:07:03+00:00\",\"breadcrumb\":{\"@id\":\"https:\/\/nakikifinance.com\/informationen\/#breadcrumb\"},\"inLanguage\":\"en-GB\",\"potentialAction\":[{\"@type\":\"ReadAction\",\"target\":[\"https:\/\/nakikifinance.com\/informationen\/\"]}]},{\"@type\":\"BreadcrumbList\",\"@id\":\"https:\/\/nakikifinance.com\/informationen\/#breadcrumb\",\"itemListElement\":[{\"@type\":\"ListItem\",\"position\":1,\"name\":\"Startseite\",\"item\":\"https:\/\/nakikifinance.com\/\"},{\"@type\":\"ListItem\",\"position\":2,\"name\":\"Informationen\"}]},{\"@type\":\"WebSite\",\"@id\":\"https:\/\/nakikifinance.com\/#website\",\"url\":\"https:\/\/nakikifinance.com\/\",\"name\":\"LF Legal Finance SE Frankfurt\",\"description\":\"Nakiki SE\",\"publisher\":{\"@id\":\"https:\/\/nakikifinance.com\/#organization\"},\"potentialAction\":[{\"@type\":\"SearchAction\",\"target\":{\"@type\":\"EntryPoint\",\"urlTemplate\":\"https:\/\/nakikifinance.com\/?s={search_term_string}\"},\"query-input\":\"required name=search_term_string\"}],\"inLanguage\":\"en-GB\"},{\"@type\":\"Organization\",\"@id\":\"https:\/\/nakikifinance.com\/#organization\",\"name\":\"LF Legal Finance SE\",\"url\":\"https:\/\/nakikifinance.com\/\",\"logo\":{\"@type\":\"ImageObject\",\"inLanguage\":\"en-GB\",\"@id\":\"https:\/\/nakikifinance.com\/#\/schema\/logo\/image\/\",\"url\":\"http:\/\/nakikifinance.com\/wp-content\/uploads\/2023\/06\/legal-finance-international.jpg\",\"contentUrl\":\"http:\/\/nakikifinance.com\/wp-content\/uploads\/2023\/06\/legal-finance-international.jpg\",\"width\":842,\"height\":131,\"caption\":\"LF Legal Finance SE\"},\"image\":{\"@id\":\"https:\/\/nakikifinance.com\/#\/schema\/logo\/image\/\"}}]}<\/script>\n<!-- \/ Yoast SEO plugin. -->","yoast_head_json":{"title":"Informationen - Nakiki SE - Bitcoin Treasury","robots":{"index":"index","follow":"follow","max-snippet":"max-snippet:-1","max-image-preview":"max-image-preview:large","max-video-preview":"max-video-preview:-1"},"canonical":"https:\/\/nakikifinance.com\/en\/informationen\/","og_locale":"en_GB","og_type":"article","og_title":"Informationen - Nakiki SE - Bitcoin Treasury","og_description":"Legal Finance finanziert juristische Anspr\u00fcche und Prozesse gegen Beteiligung am Erfolg. Hier finden Sie allgemeine Informationen \u00fcber unser Unternehmen: Sie m\u00f6chten einen Prozess finanzieren? Schreiben Sie uns! Oder senden sie uns eine E-Mail (info@legalfinance.online), oder rufen Sie uns an: 069 8700184-10 Hier finden Sie uns:","og_url":"https:\/\/nakikifinance.com\/en\/informationen\/","og_site_name":"Nakiki SE - Bitcoin Treasury","article_modified_time":"2024-04-19T16:07:03+00:00","twitter_card":"summary_large_image","twitter_misc":{"Estimated reading time":"1 minute"},"schema":{"@context":"https:\/\/schema.org","@graph":[{"@type":"WebPage","@id":"https:\/\/nakikifinance.com\/informationen\/","url":"https:\/\/nakikifinance.com\/informationen\/","name":"Informationen - Nakiki SE - Bitcoin Treasury","isPartOf":{"@id":"https:\/\/nakikifinance.com\/#website"},"datePublished":"2023-10-02T12:55:29+00:00","dateModified":"2024-04-19T16:07:03+00:00","breadcrumb":{"@id":"https:\/\/nakikifinance.com\/informationen\/#breadcrumb"},"inLanguage":"en-GB","potentialAction":[{"@type":"ReadAction","target":["https:\/\/nakikifinance.com\/informationen\/"]}]},{"@type":"BreadcrumbList","@id":"https:\/\/nakikifinance.com\/informationen\/#breadcrumb","itemListElement":[{"@type":"ListItem","position":1,"name":"Startseite","item":"https:\/\/nakikifinance.com\/"},{"@type":"ListItem","position":2,"name":"Informationen"}]},{"@type":"WebSite","@id":"https:\/\/nakikifinance.com\/#website","url":"https:\/\/nakikifinance.com\/","name":"LF Legal Finance SE Frankfurt","description":"Nakiki SE","publisher":{"@id":"https:\/\/nakikifinance.com\/#organization"},"potentialAction":[{"@type":"SearchAction","target":{"@type":"EntryPoint","urlTemplate":"https:\/\/nakikifinance.com\/?s={search_term_string}"},"query-input":"required name=search_term_string"}],"inLanguage":"en-GB"},{"@type":"Organization","@id":"https:\/\/nakikifinance.com\/#organization","name":"LF Legal Finance SE","url":"https:\/\/nakikifinance.com\/","logo":{"@type":"ImageObject","inLanguage":"en-GB","@id":"https:\/\/nakikifinance.com\/#\/schema\/logo\/image\/","url":"http:\/\/nakikifinance.com\/wp-content\/uploads\/2023\/06\/legal-finance-international.jpg","contentUrl":"http:\/\/nakikifinance.com\/wp-content\/uploads\/2023\/06\/legal-finance-international.jpg","width":842,"height":131,"caption":"LF Legal Finance SE"},"image":{"@id":"https:\/\/nakikifinance.com\/#\/schema\/logo\/image\/"}}]}},"_links":{"self":[{"href":"https:\/\/nakikifinance.com\/en\/wp-json\/wp\/v2\/pages\/384"}],"collection":[{"href":"https:\/\/nakikifinance.com\/en\/wp-json\/wp\/v2\/pages"}],"about":[{"href":"https:\/\/nakikifinance.com\/en\/wp-json\/wp\/v2\/types\/page"}],"author":[{"embeddable":true,"href":"https:\/\/nakikifinance.com\/en\/wp-json\/wp\/v2\/users\/1"}],"replies":[{"embeddable":true,"href":"https:\/\/nakikifinance.com\/en\/wp-json\/wp\/v2\/comments?post=384"}],"version-history":[{"count":6,"href":"https:\/\/nakikifinance.com\/en\/wp-json\/wp\/v2\/pages\/384\/revisions"}],"predecessor-version":[{"id":407,"href":"https:\/\/nakikifinance.com\/en\/wp-json\/wp\/v2\/pages\/384\/revisions\/407"}],"wp:attachment":[{"href":"https:\/\/nakikifinance.com\/en\/wp-json\/wp\/v2\/media?parent=384"}],"curies":[{"name":"wp","href":"https:\/\/api.w.org\/{rel}","templated":true}]}}